{"id":3922,"date":"2020-09-10T21:51:41","date_gmt":"2020-09-10T19:51:41","guid":{"rendered":"http:\/\/profesordefrancesenmadrid.com\/?page_id=3922"},"modified":"2020-09-11T22:03:30","modified_gmt":"2020-09-11T20:03:30","slug":"mon-madrid","status":"publish","type":"page","link":"https:\/\/profesordefrancesenmadrid.com\/index.php\/mon-madrid\/","title":{"rendered":"Mon Madrid"},"content":{"rendered":"<h3 style=\"text-align: center;\"><span style=\"color: #aa8800;\">Tous mes bons plans \u00e0 Madrid !<\/span><\/h3>\n\n      <div id=\"post-grid-lazy-3924\" class=\"post-grid-lazy\"><img decoding=\"async\" alt=\"\" src=\"\" \/><\/div>\n    <script data-jetpack-boost=\"ignore\">\n      jQuery('#post-grid-lazy-3924').ready(function($) {\n        $('#post-grid-lazy-3924').fadeOut();\n        $('#post-grid-3924   ').fadeIn();\n      })\n    <\/script>\n    <style type=\"text\/css\">\n      #post-grid-3924 {\n        display: none;\n      }\n\n      .post-grid-lazy {\n        text-align: center;\n      }\n    <\/style>\n    <div data-options='{&quot;id&quot;:&quot;3924&quot;,&quot;lazy_load&quot;:&quot;yes&quot;,&quot;masonry_enable&quot;:&quot;no&quot;,&quot;view_type&quot;:&quot;grid&quot;}' id=\"post-grid-3924\" class=\"post-grid grid\">\n    \n\n\n    <div class=\"grid-items\">\n      <div class=\"item item-15866 skin flat even 0 \">\n        <div class=\"layer-wrapper layout-\">\n        <div class=\"layer-media\"><a href=\"https:\/\/profesordefrancesenmadrid.com\/index.php\/2026\/03\/08\/ou-voir-france-angleterre-a-madrid\/\"><img decoding=\"async\" src=\"https:\/\/i0.wp.com\/profesordefrancesenmadrid.com\/wp-content\/uploads\/2026\/03\/France-Angleterre-1.jpg?fit=790%2C444&amp;ssl=1\" \/><\/a><\/div>\n  <div class=\"layer-content\">\n        <div class=\"element element_0  title_link \">\r\n                    <a target=\"\"\r\n                href=\"https:\/\/profesordefrancesenmadrid.com\/index.php\/2026\/03\/08\/ou-voir-france-angleterre-a-madrid\/\">O&ugrave; voir France &ndash; Angleterre &agrave; Madrid ?<\/a>\r\n            <\/div>\r\n    <div class=\"element element_1  excerpt \">\r\n        Le \"Crunch\", France - Angleterre, pour la possible victoire dans le Tournoi des 6 Nations des Bleus...&agrave; la maison le            <\/div>\r\n  <\/div>\n    <\/div>\n  <\/div><div class=\"item item-15779 skin flat odd 1 \">\n        <div class=\"layer-wrapper layout-\">\n        <div class=\"layer-media\"><a href=\"https:\/\/profesordefrancesenmadrid.com\/index.php\/2026\/02\/26\/ou-voir-ecosse-france-a-madrid-2\/\"><img decoding=\"async\" alt=\"Le XV de France se d\u00e9place en \u00c9cosse le samedi 7 mars avec ses r\u00eaves de Grand Chelem dans le Tournoi des Six Nations 2026 de rugby.\" src=\"https:\/\/i0.wp.com\/profesordefrancesenmadrid.com\/wp-content\/uploads\/2026\/02\/Ecosse-France.jpg?fit=790%2C444&amp;ssl=1\" \/><\/a><\/div>\n  <div class=\"layer-content\">\n        <div class=\"element element_0  title_link \">\r\n                    <a target=\"\"\r\n                href=\"https:\/\/profesordefrancesenmadrid.com\/index.php\/2026\/02\/26\/ou-voir-ecosse-france-a-madrid-2\/\">O&ugrave; voir &Eacute;cosse &ndash; France &agrave; Madrid ?<\/a>\r\n            <\/div>\r\n    <div class=\"element element_1  excerpt \">\r\n        Le XV de France se d&eacute;place en &Eacute;cosse le samedi 7 mars (match &agrave; 15h10) avec ses r&ecirc;ves de Grand            <\/div>\r\n  <\/div>\n    <\/div>\n  <\/div><div class=\"item item-15730 skin flat even 2 \">\n        <div class=\"layer-wrapper layout-\">\n        <div class=\"layer-media\"><a href=\"https:\/\/profesordefrancesenmadrid.com\/index.php\/2026\/02\/14\/ou-voir-pays-de-galles-france-a-madrid-2\/\"><img decoding=\"async\" alt=\"Dimanche 22 f\u00e9vrier \u00e0 16h10, le XV de France re\u00e7oit l'Italie au Stade de France pour une affiche attendue du Tournoi des Six Nations.\" src=\"https:\/\/i0.wp.com\/profesordefrancesenmadrid.com\/wp-content\/uploads\/2026\/02\/France-Italie.jpg?fit=790%2C444&amp;ssl=1\" \/><\/a><\/div>\n  <div class=\"layer-content\">\n        <div class=\"element element_0  title_link \">\r\n                    <a target=\"\"\r\n                href=\"https:\/\/profesordefrancesenmadrid.com\/index.php\/2026\/02\/14\/ou-voir-pays-de-galles-france-a-madrid-2\/\">O&ugrave; voir France &ndash; Italie &agrave; Madrid ?<\/a>\r\n            <\/div>\r\n    <div class=\"element element_1  excerpt \">\r\n        Dimanche 22 f&eacute;vrier &agrave; 16h10, le XV de France re&ccedil;oit l'Italie au Stade de France pour une affiche attendue du            <\/div>\r\n  <\/div>\n    <\/div>\n  <\/div><div class=\"item item-15697 skin flat odd 3 \">\n        <div class=\"layer-wrapper layout-\">\n        <div class=\"layer-media\"><a href=\"https:\/\/profesordefrancesenmadrid.com\/index.php\/2026\/02\/12\/nouvel-an-chinois\/\"><img decoding=\"async\" alt=\"Les temps forts du Nouvel An chinois 2026 \u00e0 Madrid (d\u00e9fil\u00e9, feux d'artifices etc.), d\u00e9di\u00e9 au Cheval de Feu !\" src=\"https:\/\/i0.wp.com\/profesordefrancesenmadrid.com\/wp-content\/uploads\/2026\/02\/Nouvel-An-chinois-a-Madrid.jpg?fit=790%2C444&amp;ssl=1\" \/><\/a><\/div>\n  <div class=\"layer-content\">\n        <div class=\"element element_0  title_link \">\r\n                    <a target=\"\"\r\n                href=\"https:\/\/profesordefrancesenmadrid.com\/index.php\/2026\/02\/12\/nouvel-an-chinois\/\">Nouvel An chinois<\/a>\r\n            <\/div>\r\n    <div class=\"element element_1  excerpt \">\r\n        Les temps forts du Nouvel An chinois 2026 &agrave; Madrid (d&eacute;fil&eacute;, feux d'artifices etc.), d&eacute;di&eacute; au Cheval de Feu !            <\/div>\r\n  <\/div>\n    <\/div>\n  <\/div><div class=\"item item-15640 skin flat even 4 \">\n        <div class=\"layer-wrapper layout-\">\n        <div class=\"layer-media\"><a href=\"https:\/\/profesordefrancesenmadrid.com\/index.php\/2026\/02\/07\/ou-passer-la-pire-saint-valentin-a-madrid-3\/\"><img decoding=\"async\" alt=\"Les bons conseils de Profesordefrancesenmadrid pour faire de cette f\u00eate des bisous-bisous, une soir\u00e9e \u00e0 oublier !\" src=\"https:\/\/i0.wp.com\/profesordefrancesenmadrid.com\/wp-content\/uploads\/2024\/02\/Saint-Valentin.jpg?fit=790%2C444&amp;ssl=1\" \/><\/a><\/div>\n  <div class=\"layer-content\">\n        <div class=\"element element_0  title_link \">\r\n                    <a target=\"\"\r\n                href=\"https:\/\/profesordefrancesenmadrid.com\/index.php\/2026\/02\/07\/ou-passer-la-pire-saint-valentin-a-madrid-3\/\">O&ugrave; passer la pire Saint-Valentin &agrave; Madrid ?<\/a>\r\n            <\/div>\r\n    <div class=\"element element_1  excerpt \">\r\n        Les bons conseils de Profesordefrancesenmadrid pour faire de cette f&ecirc;te des bisous-bisous, une soir&eacute;e &agrave; oublier !            <\/div>\r\n  <\/div>\n    <\/div>\n  <\/div><div class=\"item item-15636 skin flat odd 5 \">\n        <div class=\"layer-wrapper layout-\">\n        <div class=\"layer-media\"><a href=\"https:\/\/profesordefrancesenmadrid.com\/index.php\/2026\/02\/07\/ou-voir-pays-de-galles-france-a-madrid\/\"><img decoding=\"async\" alt=\"Tournoi des 6 Nations : Pays de Galles - France. Les bonnes adresses sur Madrid pour voir le match !\" src=\"https:\/\/i0.wp.com\/profesordefrancesenmadrid.com\/wp-content\/uploads\/2026\/02\/Pays-de-Galles-France-a-Madrid.jpg?fit=790%2C444&amp;ssl=1\" \/><\/a><\/div>\n  <div class=\"layer-content\">\n        <div class=\"element element_0  title_link \">\r\n                    <a target=\"\"\r\n                href=\"https:\/\/profesordefrancesenmadrid.com\/index.php\/2026\/02\/07\/ou-voir-pays-de-galles-france-a-madrid\/\">O&ugrave; voir Pays de Galles &ndash; France &agrave; Madrid ?<\/a>\r\n            <\/div>\r\n    <div class=\"element element_1  excerpt \">\r\n        Tournoi des 6 Nations : Pays de Galles - France. Les bonnes adresses sur Madrid pour voir le match ce            <\/div>\r\n  <\/div>\n    <\/div>\n  <\/div><div class=\"item item-15588 skin flat even 6 \">\n        <div class=\"layer-wrapper layout-\">\n        <div class=\"layer-media\"><a href=\"https:\/\/profesordefrancesenmadrid.com\/index.php\/2026\/02\/02\/ou-voir-france-irlande-a-madrid-2\/\"><img decoding=\"async\" alt=\"France-Irlande\" src=\"https:\/\/i0.wp.com\/profesordefrancesenmadrid.com\/wp-content\/uploads\/2026\/02\/Tournoi-des-6-Nations-1.jpg?fit=790%2C444&amp;ssl=1\" \/><\/a><\/div>\n  <div class=\"layer-content\">\n        <div class=\"element element_0  title_link \">\r\n                    <a target=\"\"\r\n                href=\"https:\/\/profesordefrancesenmadrid.com\/index.php\/2026\/02\/02\/ou-voir-france-irlande-a-madrid-2\/\">O&ugrave; voir France &ndash; Irlande &agrave; Madrid ?<\/a>\r\n            <\/div>\r\n    <div class=\"element element_1  excerpt \">\r\n        Les bonnes adresses sur Madrid pour voir le match d'ouverture des 6 Nations avec le XV de France face au            <\/div>\r\n  <\/div>\n    <\/div>\n  <\/div><div class=\"item item-15265 skin flat odd 7 \">\n        <div class=\"layer-wrapper layout-\">\n        <div class=\"layer-media\"><a href=\"https:\/\/profesordefrancesenmadrid.com\/index.php\/2025\/11\/02\/warhol-pollock\/\"><img decoding=\"async\" src=\"https:\/\/i0.wp.com\/profesordefrancesenmadrid.com\/wp-content\/uploads\/2025\/11\/WPCouve.jpg?fit=790%2C444&amp;ssl=1\" \/><\/a><\/div>\n  <div class=\"layer-content\">\n        <div class=\"element element_0  title_link \">\r\n                    <a target=\"\"\r\n                href=\"https:\/\/profesordefrancesenmadrid.com\/index.php\/2025\/11\/02\/warhol-pollock\/\">Warhol &ndash; Pollock<\/a>\r\n            <\/div>\r\n    <div class=\"element element_1  excerpt \">\r\n        D&eacute;couvrez gratuitement l'exposition \"Warhol, Pollock y otros espacios americanos\", les samedis de 21h &agrave; 23h au Thyssen-Bornemisza.            <\/div>\r\n  <\/div>\n    <\/div>\n  <\/div><div class=\"item item-15020 skin flat even 8 \">\n        <div class=\"layer-wrapper layout-\">\n        <div class=\"layer-media\"><a href=\"https:\/\/profesordefrancesenmadrid.com\/index.php\/2025\/09\/28\/madrid-art-deco\/\"><img decoding=\"async\" alt=\"Exposition gratuite au Conde Duque sur l\u2019Art d\u00e9co \u00e0 Madrid : architecture, mode, cin\u00e9ma et publicit\u00e9 des ann\u00e9es 1920 jusqu\u2019au 2 novembre.\" src=\"https:\/\/i0.wp.com\/profesordefrancesenmadrid.com\/wp-content\/uploads\/2025\/09\/Madrid-Art-Deco-1925-El-estilo-de-una-nueva-epoca-1.jpg?fit=790%2C444&amp;ssl=1\" \/><\/a><\/div>\n  <div class=\"layer-content\">\n        <div class=\"element element_0  title_link \">\r\n                    <a target=\"\"\r\n                href=\"https:\/\/profesordefrancesenmadrid.com\/index.php\/2025\/09\/28\/madrid-art-deco\/\">Madrid Art D&eacute;co<\/a>\r\n            <\/div>\r\n    <div class=\"element element_1  excerpt \">\r\n        Exposition gratuite au Conde Duque sur l&rsquo;Art d&eacute;co &agrave; Madrid : architecture, mode, cin&eacute;ma et publicit&eacute; des ann&eacute;es 1920 jusqu&rsquo;au            <\/div>\r\n  <\/div>\n    <\/div>\n  <\/div>    <\/div>\n    <div class=\"pagination\">\n      <div class=\"paginate\">\n    <span aria-current=\"page\" class=\"page-numbers current\">1<\/span>\n<a class=\"page-numbers\" href=\"https:\/\/profesordefrancesenmadrid.com\/index.php\/wp-json\/wp\/v2\/pages\/3922\/page\/2\/\">2<\/a>\n<a class=\"page-numbers\" href=\"https:\/\/profesordefrancesenmadrid.com\/index.php\/wp-json\/wp\/v2\/pages\/3922\/page\/3\/\">3<\/a>\n<span class=\"page-numbers dots\">&hellip;<\/span>\n<a class=\"page-numbers\" href=\"https:\/\/profesordefrancesenmadrid.com\/index.php\/wp-json\/wp\/v2\/pages\/3922\/page\/8\/\">8<\/a>\n<a class=\"next page-numbers\" href=\"https:\/\/profesordefrancesenmadrid.com\/index.php\/wp-json\/wp\/v2\/pages\/3922\/page\/2\/\">Next \u00bb<\/a>  <\/div>\n  <style type=\"text\/css\">\n    #post-grid-3924 .pagination .page-numbers {\n      font-size: 16px;\n      color: #fff;\n      background: #646464;\n    }\n\n    #post-grid-3924 .pagination .page-numbers:hover,\n    #post-grid-3924 .pagination .page-numbers.current {\n      background: #4b4b4b;\n    }\n  <\/style>\n  <\/div>\n      <script data-jetpack-boost=\"ignore\">\n          <\/script>\n    <style type=\"text\/css\">\n    #post-grid-3924 .element_0 {\n      display: block;font-size: 21px;line-height: normal;padding: 5px 10px;text-align: left; text-decoration: none;    }\n\n    #post-grid-3924 .element_1 {\n      display: block;font-size: 14px;padding: 5px 10px;text-align: left;    }\n\n    #post-grid-3924 .element_0:hover{}#post-grid-3924 .element_1:hover{}  <\/style>\n  <style type=\"text\/css\">\n    #post-grid-3924 {\n      padding: 10px;\n          }\n\n    #post-grid-3924 .item {\n      padding: 0px;\n      background: #fff;\n          }\n\n    #post-grid-3924 .item .layer-media {\n      height:auto;    }\n\n    @media only screen and (min-width: 0px) and (max-width: 767px) {\n      #post-grid-3924 .grid-items {\n        text-align: center;\n              }\n\n      #post-grid-3924 .item {\n        width: 90%;\n        margin: 10px;\n        display: inline-block;\n        vertical-align: top;\n        height:auto;      }\n    }\n\n    @media only screen and (min-width: 768px) and (max-width: 1023px) {\n      #post-grid-3924 .grid-items {\n        text-align: center;\n              }\n\n      #post-grid-3924 .item {\n        width: 280px;\n        margin: 10px;\n        display: inline-block;\n        vertical-align: top;\n        max-height:auto;      }\n    }\n\n    @media only screen and (min-width: 1024px) {\n      #post-grid-3924 .grid-items {\n        text-align: center;\n              }\n\n      #post-grid-3924 .item {\n        width: 280px;\n        display: inline-block;\n        margin: 10px;\n        vertical-align: top;\n        height:auto;      }\n    }\n\n      <\/style>\n  <\/div>\n\n","protected":false},"excerpt":{"rendered":"<p>Tous mes bons plans &agrave; Madrid !<\/p>\n","protected":false},"author":3,"featured_media":0,"parent":0,"menu_order":0,"comment_status":"closed","ping_status":"closed","template":"","meta":{"footnotes":""},"class_list":["post-3922","page","type-page","status-publish","hentry"],"yoast_head":"<!-- This site is optimized with the Yoast SEO plugin v27.4 - https:\/\/yoast.com\/product\/yoast-seo-wordpress\/ -->\n<title>Mon Madrid - Ludovic Pedrocchi<\/title>\n<meta name=\"robots\" content=\"index, follow, max-snippet:-1, max-image-preview:large, max-video-preview:-1\" \/>\n<link rel=\"canonical\" href=\"https:\/\/profesordefrancesenmadrid.com\/index.php\/mon-madrid\/\" \/>\n<meta property=\"og:locale\" content=\"es_ES\" \/>\n<meta property=\"og:type\" content=\"article\" \/>\n<meta property=\"og:title\" content=\"Mon Madrid - Ludovic Pedrocchi\" \/>\n<meta property=\"og:description\" content=\"Tous mes bons plans &agrave; Madrid !\" \/>\n<meta property=\"og:url\" content=\"https:\/\/profesordefrancesenmadrid.com\/index.php\/mon-madrid\/\" \/>\n<meta property=\"og:site_name\" content=\"Ludovic Pedrocchi\" \/>\n<meta property=\"article:publisher\" content=\"https:\/\/www.facebook.com\/profesordefrancesenmadrid\" \/>\n<meta property=\"article:modified_time\" content=\"2020-09-11T20:03:30+00:00\" \/>\n<meta name=\"twitter:card\" content=\"summary_large_image\" \/>\n<meta name=\"twitter:site\" content=\"@ldpedrocchi\" \/>\n<script type=\"application\/ld+json\" class=\"yoast-schema-graph\">{\"@context\":\"https:\\\/\\\/schema.org\",\"@graph\":[{\"@type\":\"WebPage\",\"@id\":\"https:\\\/\\\/profesordefrancesenmadrid.com\\\/index.php\\\/mon-madrid\\\/\",\"url\":\"https:\\\/\\\/profesordefrancesenmadrid.com\\\/index.php\\\/mon-madrid\\\/\",\"name\":\"Mon Madrid - Ludovic Pedrocchi\",\"isPartOf\":{\"@id\":\"https:\\\/\\\/profesordefrancesenmadrid.com\\\/#website\"},\"datePublished\":\"2020-09-10T19:51:41+00:00\",\"dateModified\":\"2020-09-11T20:03:30+00:00\",\"breadcrumb\":{\"@id\":\"https:\\\/\\\/profesordefrancesenmadrid.com\\\/index.php\\\/mon-madrid\\\/#breadcrumb\"},\"inLanguage\":\"es\",\"potentialAction\":[{\"@type\":\"ReadAction\",\"target\":[\"https:\\\/\\\/profesordefrancesenmadrid.com\\\/index.php\\\/mon-madrid\\\/\"]}]},{\"@type\":\"BreadcrumbList\",\"@id\":\"https:\\\/\\\/profesordefrancesenmadrid.com\\\/index.php\\\/mon-madrid\\\/#breadcrumb\",\"itemListElement\":[{\"@type\":\"ListItem\",\"position\":1,\"name\":\"Accueil\",\"item\":\"https:\\\/\\\/profesordefrancesenmadrid.com\\\/\"},{\"@type\":\"ListItem\",\"position\":2,\"name\":\"Mon Madrid\"}]},{\"@type\":\"WebSite\",\"@id\":\"https:\\\/\\\/profesordefrancesenmadrid.com\\\/#website\",\"url\":\"https:\\\/\\\/profesordefrancesenmadrid.com\\\/\",\"name\":\"Ludovic Pedrocchi\",\"description\":\"Profesor de franc\u00e9s en Madrid desde 2007\",\"publisher\":{\"@id\":\"https:\\\/\\\/profesordefrancesenmadrid.com\\\/#organization\"},\"potentialAction\":[{\"@type\":\"SearchAction\",\"target\":{\"@type\":\"EntryPoint\",\"urlTemplate\":\"https:\\\/\\\/profesordefrancesenmadrid.com\\\/?s={search_term_string}\"},\"query-input\":{\"@type\":\"PropertyValueSpecification\",\"valueRequired\":true,\"valueName\":\"search_term_string\"}}],\"inLanguage\":\"es\"},{\"@type\":\"Organization\",\"@id\":\"https:\\\/\\\/profesordefrancesenmadrid.com\\\/#organization\",\"name\":\"Profesor de franc\u00e9s en Madrid\",\"url\":\"https:\\\/\\\/profesordefrancesenmadrid.com\\\/\",\"logo\":{\"@type\":\"ImageObject\",\"inLanguage\":\"es\",\"@id\":\"https:\\\/\\\/profesordefrancesenmadrid.com\\\/#\\\/schema\\\/logo\\\/image\\\/\",\"url\":\"https:\\\/\\\/i0.wp.com\\\/profesordefrancesenmadrid.com\\\/wp-content\\\/uploads\\\/2019\\\/11\\\/logo-retina4.png?fit=531%2C64&ssl=1\",\"contentUrl\":\"https:\\\/\\\/i0.wp.com\\\/profesordefrancesenmadrid.com\\\/wp-content\\\/uploads\\\/2019\\\/11\\\/logo-retina4.png?fit=531%2C64&ssl=1\",\"width\":531,\"height\":64,\"caption\":\"Profesor de franc\u00e9s en Madrid\"},\"image\":{\"@id\":\"https:\\\/\\\/profesordefrancesenmadrid.com\\\/#\\\/schema\\\/logo\\\/image\\\/\"},\"sameAs\":[\"https:\\\/\\\/www.facebook.com\\\/profesordefrancesenmadrid\",\"https:\\\/\\\/x.com\\\/ldpedrocchi\",\"https:\\\/\\\/www.instagram.com\\\/ludovicpedrocchi\\\/\",\"https:\\\/\\\/www.linkedin.com\\\/company\\\/profesordefrancesenmadrid\\\/\",\"https:\\\/\\\/www.youtube.com\\\/channel\\\/UCDJoG_2eg4zNu5TEKKnWeOQ\"]}]}<\/script>\n<!-- \/ Yoast SEO plugin. -->","yoast_head_json":{"title":"Mon Madrid - Ludovic Pedrocchi","robots":{"index":"index","follow":"follow","max-snippet":"max-snippet:-1","max-image-preview":"max-image-preview:large","max-video-preview":"max-video-preview:-1"},"canonical":"https:\/\/profesordefrancesenmadrid.com\/index.php\/mon-madrid\/","og_locale":"es_ES","og_type":"article","og_title":"Mon Madrid - Ludovic Pedrocchi","og_description":"Tous mes bons plans &agrave; Madrid !","og_url":"https:\/\/profesordefrancesenmadrid.com\/index.php\/mon-madrid\/","og_site_name":"Ludovic Pedrocchi","article_publisher":"https:\/\/www.facebook.com\/profesordefrancesenmadrid","article_modified_time":"2020-09-11T20:03:30+00:00","twitter_card":"summary_large_image","twitter_site":"@ldpedrocchi","schema":{"@context":"https:\/\/schema.org","@graph":[{"@type":"WebPage","@id":"https:\/\/profesordefrancesenmadrid.com\/index.php\/mon-madrid\/","url":"https:\/\/profesordefrancesenmadrid.com\/index.php\/mon-madrid\/","name":"Mon Madrid - Ludovic Pedrocchi","isPartOf":{"@id":"https:\/\/profesordefrancesenmadrid.com\/#website"},"datePublished":"2020-09-10T19:51:41+00:00","dateModified":"2020-09-11T20:03:30+00:00","breadcrumb":{"@id":"https:\/\/profesordefrancesenmadrid.com\/index.php\/mon-madrid\/#breadcrumb"},"inLanguage":"es","potentialAction":[{"@type":"ReadAction","target":["https:\/\/profesordefrancesenmadrid.com\/index.php\/mon-madrid\/"]}]},{"@type":"BreadcrumbList","@id":"https:\/\/profesordefrancesenmadrid.com\/index.php\/mon-madrid\/#breadcrumb","itemListElement":[{"@type":"ListItem","position":1,"name":"Accueil","item":"https:\/\/profesordefrancesenmadrid.com\/"},{"@type":"ListItem","position":2,"name":"Mon Madrid"}]},{"@type":"WebSite","@id":"https:\/\/profesordefrancesenmadrid.com\/#website","url":"https:\/\/profesordefrancesenmadrid.com\/","name":"Ludovic Pedrocchi","description":"Profesor de franc\u00e9s en Madrid desde 2007","publisher":{"@id":"https:\/\/profesordefrancesenmadrid.com\/#organization"},"potentialAction":[{"@type":"SearchAction","target":{"@type":"EntryPoint","urlTemplate":"https:\/\/profesordefrancesenmadrid.com\/?s={search_term_string}"},"query-input":{"@type":"PropertyValueSpecification","valueRequired":true,"valueName":"search_term_string"}}],"inLanguage":"es"},{"@type":"Organization","@id":"https:\/\/profesordefrancesenmadrid.com\/#organization","name":"Profesor de franc\u00e9s en Madrid","url":"https:\/\/profesordefrancesenmadrid.com\/","logo":{"@type":"ImageObject","inLanguage":"es","@id":"https:\/\/profesordefrancesenmadrid.com\/#\/schema\/logo\/image\/","url":"https:\/\/i0.wp.com\/profesordefrancesenmadrid.com\/wp-content\/uploads\/2019\/11\/logo-retina4.png?fit=531%2C64&ssl=1","contentUrl":"https:\/\/i0.wp.com\/profesordefrancesenmadrid.com\/wp-content\/uploads\/2019\/11\/logo-retina4.png?fit=531%2C64&ssl=1","width":531,"height":64,"caption":"Profesor de franc\u00e9s en Madrid"},"image":{"@id":"https:\/\/profesordefrancesenmadrid.com\/#\/schema\/logo\/image\/"},"sameAs":["https:\/\/www.facebook.com\/profesordefrancesenmadrid","https:\/\/x.com\/ldpedrocchi","https:\/\/www.instagram.com\/ludovicpedrocchi\/","https:\/\/www.linkedin.com\/company\/profesordefrancesenmadrid\/","https:\/\/www.youtube.com\/channel\/UCDJoG_2eg4zNu5TEKKnWeOQ"]}]}},"jetpack_sharing_enabled":true,"jetpack_likes_enabled":true,"jetpack-related-posts":[],"rttpg_featured_image_url":null,"rttpg_author":{"display_name":"Ludovic Pedrocchi","author_link":"https:\/\/profesordefrancesenmadrid.com\/index.php\/author\/ludovicpedrocchi\/"},"rttpg_comment":0,"rttpg_category":"","rttpg_excerpt":"Tous mes bons plans &agrave; Madrid !","_links":{"self":[{"href":"https:\/\/profesordefrancesenmadrid.com\/index.php\/wp-json\/wp\/v2\/pages\/3922","targetHints":{"allow":["GET"]}}],"collection":[{"href":"https:\/\/profesordefrancesenmadrid.com\/index.php\/wp-json\/wp\/v2\/pages"}],"about":[{"href":"https:\/\/profesordefrancesenmadrid.com\/index.php\/wp-json\/wp\/v2\/types\/page"}],"author":[{"embeddable":true,"href":"https:\/\/profesordefrancesenmadrid.com\/index.php\/wp-json\/wp\/v2\/users\/3"}],"replies":[{"embeddable":true,"href":"https:\/\/profesordefrancesenmadrid.com\/index.php\/wp-json\/wp\/v2\/comments?post=3922"}],"version-history":[{"count":3,"href":"https:\/\/profesordefrancesenmadrid.com\/index.php\/wp-json\/wp\/v2\/pages\/3922\/revisions"}],"predecessor-version":[{"id":4007,"href":"https:\/\/profesordefrancesenmadrid.com\/index.php\/wp-json\/wp\/v2\/pages\/3922\/revisions\/4007"}],"wp:attachment":[{"href":"https:\/\/profesordefrancesenmadrid.com\/index.php\/wp-json\/wp\/v2\/media?parent=3922"}],"curies":[{"name":"wp","href":"https:\/\/api.w.org\/{rel}","templated":true}]}}