{"id":2367,"date":"2020-03-08T11:10:32","date_gmt":"2020-03-08T10:10:32","guid":{"rendered":"http:\/\/profesordefrancesenmadrid.com\/?page_id=2367"},"modified":"2020-03-08T11:39:54","modified_gmt":"2020-03-08T10:39:54","slug":"cest-quoi-miscellanees-a-la-francaise-mot-valise","status":"publish","type":"page","link":"https:\/\/profesordefrancesenmadrid.com\/index.php\/cest-quoi-miscellanees-a-la-francaise-mot-valise\/","title":{"rendered":"\u201cC\u2019est quoi ?\u201d Miscellan\u00e9es \u00e0 la fran\u00e7aise : mot-valise"},"content":{"rendered":"\n<p><h2 style=\"text-align: center;\"><strong>Mot-valise<\/strong><\/h2><\/p>\n\n\n\n<p>Un mot-valise est un mot r\u00e9sultant de la fusion d\u2019\u00e9l\u00e9ments emprunt\u00e9s \u00e0 deux mots. La plupart du temps, ce t\u00e9lescopage \u00e0 l\u2019origine du mot-valise consiste \u00e0 combiner la partie initiale d\u2019un mot et la partie finale d\u2019un autre mot, et \u00e0 unir les sens respectifs de ces deux formes. Le mot-valise, parfois appel\u00e9 mot-centaure, est donc une sorte de collage formel et s\u00e9mantique.\n\n<strong>Exemple :<\/strong><\/p>\n\n\n\n<div class=\"wp-block-image\">\n<figure class=\"aligncenter size-large is-resized\"><img data-recalc-dims=\"1\" loading=\"lazy\" decoding=\"async\" class=\"wp-image-2175 alignleft\" src=\"https:\/\/i0.wp.com\/profesordefrancesenmadrid.com\/wp-content\/uploads\/2020\/02\/glamping.jpg?resize=381%2C198&#038;ssl=1\" alt=\"\" width=\"381\" height=\"198\" srcset=\"https:\/\/i0.wp.com\/profesordefrancesenmadrid.com\/wp-content\/uploads\/2020\/02\/glamping.jpg?w=780&amp;ssl=1 780w, https:\/\/i0.wp.com\/profesordefrancesenmadrid.com\/wp-content\/uploads\/2020\/02\/glamping.jpg?resize=300%2C156&amp;ssl=1 300w, https:\/\/i0.wp.com\/profesordefrancesenmadrid.com\/wp-content\/uploads\/2020\/02\/glamping.jpg?resize=768%2C399&amp;ssl=1 768w, https:\/\/i0.wp.com\/profesordefrancesenmadrid.com\/wp-content\/uploads\/2020\/02\/glamping.jpg?resize=538%2C280&amp;ssl=1 538w\" sizes=\"auto, (max-width: 381px) 100vw, 381px\" \/><\/figure>\n<\/div>\n\n\n\n<div class=\"wp-block-image\">\n<figure class=\"aligncenter size-large\"><img data-recalc-dims=\"1\" loading=\"lazy\" decoding=\"async\" width=\"275\" height=\"183\" class=\"wp-image-2177 alignleft\" src=\"https:\/\/i0.wp.com\/profesordefrancesenmadrid.com\/wp-content\/uploads\/2020\/02\/glam1.jpg?resize=275%2C183&#038;ssl=1\" alt=\"\" \/><\/figure>\n<\/div>\n\n\n\n<p><strong>Glamping <\/strong>:\nGlamour et camping\nH\u00e9bergement en plein air offrant un service plus original ou plus luxueux qu\u2019un camping traditionnel.<\/p>\n\n\n\n<div class=\"wp-block-image\">\n<figure class=\"aligncenter size-large is-resized\"><img data-recalc-dims=\"1\" loading=\"lazy\" decoding=\"async\" class=\"wp-image-2178 alignleft\" src=\"https:\/\/i0.wp.com\/profesordefrancesenmadrid.com\/wp-content\/uploads\/2020\/02\/v%C3%A9lib.jpg?resize=436%2C266&#038;ssl=1\" alt=\"\" width=\"436\" height=\"266\" srcset=\"https:\/\/i0.wp.com\/profesordefrancesenmadrid.com\/wp-content\/uploads\/2020\/02\/v%C3%A9lib.jpg?w=765&amp;ssl=1 765w, https:\/\/i0.wp.com\/profesordefrancesenmadrid.com\/wp-content\/uploads\/2020\/02\/v%C3%A9lib.jpg?resize=300%2C184&amp;ssl=1 300w\" sizes=\"auto, (max-width: 436px) 100vw, 436px\" \/><\/figure>\n<\/div>\n\n\n\n<div class=\"wp-block-image\">\n<figure class=\"aligncenter size-large\"><img data-recalc-dims=\"1\" loading=\"lazy\" decoding=\"async\" width=\"284\" height=\"177\" class=\"wp-image-2179 alignleft\" src=\"https:\/\/i0.wp.com\/profesordefrancesenmadrid.com\/wp-content\/uploads\/2020\/02\/velib1.jpg?resize=284%2C177&#038;ssl=1\" alt=\"\" \/><\/figure>\n<\/div>\n\n\n\n<p><strong>V\u00e9lib&#8217;<\/strong> :\nV\u00e9lo et libert\u00e9 (ou libre\u2026)\nSyst\u00e8me de v\u00e9los en libre-service de Paris<\/p>\n\n\n\n<div class=\"wp-block-image\">\n<figure class=\"aligncenter size-large is-resized\"><img data-recalc-dims=\"1\" loading=\"lazy\" decoding=\"async\" class=\"wp-image-2180 alignleft\" src=\"https:\/\/i0.wp.com\/profesordefrancesenmadrid.com\/wp-content\/uploads\/2020\/02\/apericube.jpg?resize=415%2C279&#038;ssl=1\" alt=\"\" width=\"415\" height=\"279\" srcset=\"https:\/\/i0.wp.com\/profesordefrancesenmadrid.com\/wp-content\/uploads\/2020\/02\/apericube.jpg?w=790&amp;ssl=1 790w, https:\/\/i0.wp.com\/profesordefrancesenmadrid.com\/wp-content\/uploads\/2020\/02\/apericube.jpg?resize=300%2C202&amp;ssl=1 300w, https:\/\/i0.wp.com\/profesordefrancesenmadrid.com\/wp-content\/uploads\/2020\/02\/apericube.jpg?resize=768%2C518&amp;ssl=1 768w\" sizes=\"auto, (max-width: 415px) 100vw, 415px\" \/><\/figure>\n<\/div>\n\n\n\n<div class=\"wp-block-image\">\n<figure class=\"aligncenter size-large is-resized\"><img data-recalc-dims=\"1\" loading=\"lazy\" decoding=\"async\" class=\"wp-image-2181 alignleft\" src=\"https:\/\/i0.wp.com\/profesordefrancesenmadrid.com\/wp-content\/uploads\/2020\/02\/vachequirit.jpg?resize=147%2C157&#038;ssl=1\" alt=\"\" width=\"147\" height=\"157\" \/><\/figure>\n<\/div>\n\n\n\n<strong>Ap\u00e9ricube :\n<\/strong> Ap\u00e9ritif et cube\nPetit fromage d&#8217;ap\u00e9ritif en forme de cube.\n&#8220;Pour ce soir j&#8217;ai mis des cacahu\u00e8tes et des ap\u00e9ricubes en guise d&#8217;amuse-gueules*.&#8221; G\u00e9rard 19h\n\n<hr \/>\n\n<h3 style=\"text-align: center;\"><strong>Quiz pour les non-francophones. <\/strong><\/h3>\n<h3 style=\"text-align: center;\"><strong>R\u00e9pondez dans les commentaires !<\/strong><\/h3>\n<p style=\"text-align: center;\">\n\n\n\n<\/p>\n<p style=\"text-align: center;\">Trouvez les deux mots composants ces mots-valises :<\/p>\n<p style=\"text-align: center;\">\n\n\n\n<\/p>\n\n<ul style=\"text-align: center;\">\n \t<li><strong>Alicament<\/strong><\/li>\n \t<li><strong>Vid\u00e9aste<\/strong><\/li>\n \t<li><strong>Restoroute<\/strong><\/li>\n \t<li><strong>Bistronomie<\/strong><\/li>\n \t<li><strong>Adulescent<\/strong><\/li>\n<\/ul>\n<p style=\"text-align: center;\">\n\n\n\n<\/p>\n\n<h4 style=\"text-align: center;\">Le gagnant recevra une \u0153uvre sign\u00e9e de l&#8217;artiste<\/h4>\n<p style=\"text-align: center;\">\n\n\n\n<\/p>\n<p style=\"text-align: center;\">* amuse-gueules = tapitas<\/p>\n","protected":false},"excerpt":{"rendered":"<p>Mot-valise Un mot-valise est un mot r&eacute;sultant de la fusion d&rsquo;&eacute;l&eacute;ments emprunt&eacute;s &agrave; deux mots. La plupart du temps, ce t&eacute;lescopage &agrave; l&rsquo;origine du mot-valise consiste &agrave; combiner la partie initiale d&rsquo;un mot et la partie finale d&rsquo;un autre mot, et &agrave; unir les sens respectifs de ces deux formes&#8230;.<\/p>\n","protected":false},"author":3,"featured_media":2337,"parent":0,"menu_order":0,"comment_status":"closed","ping_status":"closed","template":"","meta":{"footnotes":""},"class_list":["post-2367","page","type-page","status-publish","has-post-thumbnail","hentry"],"yoast_head":"<!-- This site is optimized with the Yoast SEO plugin v27.3 - https:\/\/yoast.com\/product\/yoast-seo-wordpress\/ -->\n<title>\u201cC\u2019est quoi ?\u201d Miscellan\u00e9es \u00e0 la fran\u00e7aise : mot-valise - Ludovic Pedrocchi<\/title>\n<meta name=\"robots\" content=\"index, follow, max-snippet:-1, max-image-preview:large, max-video-preview:-1\" \/>\n<link rel=\"canonical\" href=\"https:\/\/profesordefrancesenmadrid.com\/index.php\/cest-quoi-miscellanees-a-la-francaise-mot-valise\/\" \/>\n<meta property=\"og:locale\" content=\"es_ES\" \/>\n<meta property=\"og:type\" content=\"article\" \/>\n<meta property=\"og:title\" content=\"\u201cC\u2019est quoi ?\u201d Miscellan\u00e9es \u00e0 la fran\u00e7aise : mot-valise - Ludovic Pedrocchi\" \/>\n<meta property=\"og:description\" content=\"Mot-valise Un mot-valise est un mot r&eacute;sultant de la fusion d&rsquo;&eacute;l&eacute;ments emprunt&eacute;s &agrave; deux mots. La plupart du temps, ce t&eacute;lescopage &agrave; l&rsquo;origine du mot-valise consiste &agrave; combiner la partie initiale d&rsquo;un mot et la partie finale d&rsquo;un autre mot, et &agrave; unir les sens respectifs de ces deux formes....\" \/>\n<meta property=\"og:url\" content=\"https:\/\/profesordefrancesenmadrid.com\/index.php\/cest-quoi-miscellanees-a-la-francaise-mot-valise\/\" \/>\n<meta property=\"og:site_name\" content=\"Ludovic Pedrocchi\" \/>\n<meta property=\"article:publisher\" content=\"https:\/\/www.facebook.com\/profesordefrancesenmadrid\" \/>\n<meta property=\"article:modified_time\" content=\"2020-03-08T10:39:54+00:00\" \/>\n<meta property=\"og:image\" content=\"https:\/\/i1.wp.com\/profesordefrancesenmadrid.com\/wp-content\/uploads\/2020\/02\/nouveau-velib-metropole.jpg?fit=896%2C598&ssl=1\" \/>\n\t<meta property=\"og:image:width\" content=\"896\" \/>\n\t<meta property=\"og:image:height\" content=\"598\" \/>\n\t<meta property=\"og:image:type\" content=\"image\/jpeg\" \/>\n<meta name=\"twitter:card\" content=\"summary_large_image\" \/>\n<meta name=\"twitter:site\" content=\"@ldpedrocchi\" \/>\n<meta name=\"twitter:label1\" content=\"Tiempo de lectura\" \/>\n\t<meta name=\"twitter:data1\" content=\"1 minuto\" \/>\n<script type=\"application\/ld+json\" class=\"yoast-schema-graph\">{\"@context\":\"https:\\\/\\\/schema.org\",\"@graph\":[{\"@type\":\"WebPage\",\"@id\":\"https:\\\/\\\/profesordefrancesenmadrid.com\\\/index.php\\\/cest-quoi-miscellanees-a-la-francaise-mot-valise\\\/\",\"url\":\"https:\\\/\\\/profesordefrancesenmadrid.com\\\/index.php\\\/cest-quoi-miscellanees-a-la-francaise-mot-valise\\\/\",\"name\":\"\u201cC\u2019est quoi ?\u201d Miscellan\u00e9es \u00e0 la fran\u00e7aise : mot-valise - Ludovic Pedrocchi\",\"isPartOf\":{\"@id\":\"https:\\\/\\\/profesordefrancesenmadrid.com\\\/#website\"},\"primaryImageOfPage\":{\"@id\":\"https:\\\/\\\/profesordefrancesenmadrid.com\\\/index.php\\\/cest-quoi-miscellanees-a-la-francaise-mot-valise\\\/#primaryimage\"},\"image\":{\"@id\":\"https:\\\/\\\/profesordefrancesenmadrid.com\\\/index.php\\\/cest-quoi-miscellanees-a-la-francaise-mot-valise\\\/#primaryimage\"},\"thumbnailUrl\":\"https:\\\/\\\/i0.wp.com\\\/profesordefrancesenmadrid.com\\\/wp-content\\\/uploads\\\/2020\\\/02\\\/nouveau-velib-metropole.jpg?fit=896%2C598&ssl=1\",\"datePublished\":\"2020-03-08T10:10:32+00:00\",\"dateModified\":\"2020-03-08T10:39:54+00:00\",\"breadcrumb\":{\"@id\":\"https:\\\/\\\/profesordefrancesenmadrid.com\\\/index.php\\\/cest-quoi-miscellanees-a-la-francaise-mot-valise\\\/#breadcrumb\"},\"inLanguage\":\"es\",\"potentialAction\":[{\"@type\":\"ReadAction\",\"target\":[\"https:\\\/\\\/profesordefrancesenmadrid.com\\\/index.php\\\/cest-quoi-miscellanees-a-la-francaise-mot-valise\\\/\"]}]},{\"@type\":\"ImageObject\",\"inLanguage\":\"es\",\"@id\":\"https:\\\/\\\/profesordefrancesenmadrid.com\\\/index.php\\\/cest-quoi-miscellanees-a-la-francaise-mot-valise\\\/#primaryimage\",\"url\":\"https:\\\/\\\/i0.wp.com\\\/profesordefrancesenmadrid.com\\\/wp-content\\\/uploads\\\/2020\\\/02\\\/nouveau-velib-metropole.jpg?fit=896%2C598&ssl=1\",\"contentUrl\":\"https:\\\/\\\/i0.wp.com\\\/profesordefrancesenmadrid.com\\\/wp-content\\\/uploads\\\/2020\\\/02\\\/nouveau-velib-metropole.jpg?fit=896%2C598&ssl=1\",\"width\":896,\"height\":598},{\"@type\":\"BreadcrumbList\",\"@id\":\"https:\\\/\\\/profesordefrancesenmadrid.com\\\/index.php\\\/cest-quoi-miscellanees-a-la-francaise-mot-valise\\\/#breadcrumb\",\"itemListElement\":[{\"@type\":\"ListItem\",\"position\":1,\"name\":\"Accueil\",\"item\":\"https:\\\/\\\/profesordefrancesenmadrid.com\\\/\"},{\"@type\":\"ListItem\",\"position\":2,\"name\":\"\u201cC\u2019est quoi ?\u201d Miscellan\u00e9es \u00e0 la fran\u00e7aise : mot-valise\"}]},{\"@type\":\"WebSite\",\"@id\":\"https:\\\/\\\/profesordefrancesenmadrid.com\\\/#website\",\"url\":\"https:\\\/\\\/profesordefrancesenmadrid.com\\\/\",\"name\":\"Ludovic Pedrocchi\",\"description\":\"Profesor de franc\u00e9s en Madrid desde 2007\",\"publisher\":{\"@id\":\"https:\\\/\\\/profesordefrancesenmadrid.com\\\/#organization\"},\"potentialAction\":[{\"@type\":\"SearchAction\",\"target\":{\"@type\":\"EntryPoint\",\"urlTemplate\":\"https:\\\/\\\/profesordefrancesenmadrid.com\\\/?s={search_term_string}\"},\"query-input\":{\"@type\":\"PropertyValueSpecification\",\"valueRequired\":true,\"valueName\":\"search_term_string\"}}],\"inLanguage\":\"es\"},{\"@type\":\"Organization\",\"@id\":\"https:\\\/\\\/profesordefrancesenmadrid.com\\\/#organization\",\"name\":\"Profesor de franc\u00e9s en Madrid\",\"url\":\"https:\\\/\\\/profesordefrancesenmadrid.com\\\/\",\"logo\":{\"@type\":\"ImageObject\",\"inLanguage\":\"es\",\"@id\":\"https:\\\/\\\/profesordefrancesenmadrid.com\\\/#\\\/schema\\\/logo\\\/image\\\/\",\"url\":\"https:\\\/\\\/i0.wp.com\\\/profesordefrancesenmadrid.com\\\/wp-content\\\/uploads\\\/2019\\\/11\\\/logo-retina4.png?fit=531%2C64&ssl=1\",\"contentUrl\":\"https:\\\/\\\/i0.wp.com\\\/profesordefrancesenmadrid.com\\\/wp-content\\\/uploads\\\/2019\\\/11\\\/logo-retina4.png?fit=531%2C64&ssl=1\",\"width\":531,\"height\":64,\"caption\":\"Profesor de franc\u00e9s en Madrid\"},\"image\":{\"@id\":\"https:\\\/\\\/profesordefrancesenmadrid.com\\\/#\\\/schema\\\/logo\\\/image\\\/\"},\"sameAs\":[\"https:\\\/\\\/www.facebook.com\\\/profesordefrancesenmadrid\",\"https:\\\/\\\/x.com\\\/ldpedrocchi\",\"https:\\\/\\\/www.instagram.com\\\/ludovicpedrocchi\\\/\",\"https:\\\/\\\/www.linkedin.com\\\/company\\\/profesordefrancesenmadrid\\\/\",\"https:\\\/\\\/www.youtube.com\\\/channel\\\/UCDJoG_2eg4zNu5TEKKnWeOQ\"]}]}<\/script>\n<!-- \/ Yoast SEO plugin. -->","yoast_head_json":{"title":"\u201cC\u2019est quoi ?\u201d Miscellan\u00e9es \u00e0 la fran\u00e7aise : mot-valise - Ludovic Pedrocchi","robots":{"index":"index","follow":"follow","max-snippet":"max-snippet:-1","max-image-preview":"max-image-preview:large","max-video-preview":"max-video-preview:-1"},"canonical":"https:\/\/profesordefrancesenmadrid.com\/index.php\/cest-quoi-miscellanees-a-la-francaise-mot-valise\/","og_locale":"es_ES","og_type":"article","og_title":"\u201cC\u2019est quoi ?\u201d Miscellan\u00e9es \u00e0 la fran\u00e7aise : mot-valise - Ludovic Pedrocchi","og_description":"Mot-valise Un mot-valise est un mot r&eacute;sultant de la fusion d&rsquo;&eacute;l&eacute;ments emprunt&eacute;s &agrave; deux mots. La plupart du temps, ce t&eacute;lescopage &agrave; l&rsquo;origine du mot-valise consiste &agrave; combiner la partie initiale d&rsquo;un mot et la partie finale d&rsquo;un autre mot, et &agrave; unir les sens respectifs de ces deux formes....","og_url":"https:\/\/profesordefrancesenmadrid.com\/index.php\/cest-quoi-miscellanees-a-la-francaise-mot-valise\/","og_site_name":"Ludovic Pedrocchi","article_publisher":"https:\/\/www.facebook.com\/profesordefrancesenmadrid","article_modified_time":"2020-03-08T10:39:54+00:00","og_image":[{"width":896,"height":598,"url":"https:\/\/i1.wp.com\/profesordefrancesenmadrid.com\/wp-content\/uploads\/2020\/02\/nouveau-velib-metropole.jpg?fit=896%2C598&ssl=1","type":"image\/jpeg"}],"twitter_card":"summary_large_image","twitter_site":"@ldpedrocchi","twitter_misc":{"Tiempo de lectura":"1 minuto"},"schema":{"@context":"https:\/\/schema.org","@graph":[{"@type":"WebPage","@id":"https:\/\/profesordefrancesenmadrid.com\/index.php\/cest-quoi-miscellanees-a-la-francaise-mot-valise\/","url":"https:\/\/profesordefrancesenmadrid.com\/index.php\/cest-quoi-miscellanees-a-la-francaise-mot-valise\/","name":"\u201cC\u2019est quoi ?\u201d Miscellan\u00e9es \u00e0 la fran\u00e7aise : mot-valise - Ludovic Pedrocchi","isPartOf":{"@id":"https:\/\/profesordefrancesenmadrid.com\/#website"},"primaryImageOfPage":{"@id":"https:\/\/profesordefrancesenmadrid.com\/index.php\/cest-quoi-miscellanees-a-la-francaise-mot-valise\/#primaryimage"},"image":{"@id":"https:\/\/profesordefrancesenmadrid.com\/index.php\/cest-quoi-miscellanees-a-la-francaise-mot-valise\/#primaryimage"},"thumbnailUrl":"https:\/\/i0.wp.com\/profesordefrancesenmadrid.com\/wp-content\/uploads\/2020\/02\/nouveau-velib-metropole.jpg?fit=896%2C598&ssl=1","datePublished":"2020-03-08T10:10:32+00:00","dateModified":"2020-03-08T10:39:54+00:00","breadcrumb":{"@id":"https:\/\/profesordefrancesenmadrid.com\/index.php\/cest-quoi-miscellanees-a-la-francaise-mot-valise\/#breadcrumb"},"inLanguage":"es","potentialAction":[{"@type":"ReadAction","target":["https:\/\/profesordefrancesenmadrid.com\/index.php\/cest-quoi-miscellanees-a-la-francaise-mot-valise\/"]}]},{"@type":"ImageObject","inLanguage":"es","@id":"https:\/\/profesordefrancesenmadrid.com\/index.php\/cest-quoi-miscellanees-a-la-francaise-mot-valise\/#primaryimage","url":"https:\/\/i0.wp.com\/profesordefrancesenmadrid.com\/wp-content\/uploads\/2020\/02\/nouveau-velib-metropole.jpg?fit=896%2C598&ssl=1","contentUrl":"https:\/\/i0.wp.com\/profesordefrancesenmadrid.com\/wp-content\/uploads\/2020\/02\/nouveau-velib-metropole.jpg?fit=896%2C598&ssl=1","width":896,"height":598},{"@type":"BreadcrumbList","@id":"https:\/\/profesordefrancesenmadrid.com\/index.php\/cest-quoi-miscellanees-a-la-francaise-mot-valise\/#breadcrumb","itemListElement":[{"@type":"ListItem","position":1,"name":"Accueil","item":"https:\/\/profesordefrancesenmadrid.com\/"},{"@type":"ListItem","position":2,"name":"\u201cC\u2019est quoi ?\u201d Miscellan\u00e9es \u00e0 la fran\u00e7aise : mot-valise"}]},{"@type":"WebSite","@id":"https:\/\/profesordefrancesenmadrid.com\/#website","url":"https:\/\/profesordefrancesenmadrid.com\/","name":"Ludovic Pedrocchi","description":"Profesor de franc\u00e9s en Madrid desde 2007","publisher":{"@id":"https:\/\/profesordefrancesenmadrid.com\/#organization"},"potentialAction":[{"@type":"SearchAction","target":{"@type":"EntryPoint","urlTemplate":"https:\/\/profesordefrancesenmadrid.com\/?s={search_term_string}"},"query-input":{"@type":"PropertyValueSpecification","valueRequired":true,"valueName":"search_term_string"}}],"inLanguage":"es"},{"@type":"Organization","@id":"https:\/\/profesordefrancesenmadrid.com\/#organization","name":"Profesor de franc\u00e9s en Madrid","url":"https:\/\/profesordefrancesenmadrid.com\/","logo":{"@type":"ImageObject","inLanguage":"es","@id":"https:\/\/profesordefrancesenmadrid.com\/#\/schema\/logo\/image\/","url":"https:\/\/i0.wp.com\/profesordefrancesenmadrid.com\/wp-content\/uploads\/2019\/11\/logo-retina4.png?fit=531%2C64&ssl=1","contentUrl":"https:\/\/i0.wp.com\/profesordefrancesenmadrid.com\/wp-content\/uploads\/2019\/11\/logo-retina4.png?fit=531%2C64&ssl=1","width":531,"height":64,"caption":"Profesor de franc\u00e9s en Madrid"},"image":{"@id":"https:\/\/profesordefrancesenmadrid.com\/#\/schema\/logo\/image\/"},"sameAs":["https:\/\/www.facebook.com\/profesordefrancesenmadrid","https:\/\/x.com\/ldpedrocchi","https:\/\/www.instagram.com\/ludovicpedrocchi\/","https:\/\/www.linkedin.com\/company\/profesordefrancesenmadrid\/","https:\/\/www.youtube.com\/channel\/UCDJoG_2eg4zNu5TEKKnWeOQ"]}]}},"jetpack_sharing_enabled":true,"jetpack_likes_enabled":true,"jetpack-related-posts":[],"rttpg_featured_image_url":{"full":["https:\/\/i0.wp.com\/profesordefrancesenmadrid.com\/wp-content\/uploads\/2020\/02\/nouveau-velib-metropole.jpg?fit=896%2C598&ssl=1",896,598,false],"landscape":["https:\/\/profesordefrancesenmadrid.com\/wp-content\/uploads\/2020\/02\/nouveau-velib-metropole.jpg",896,598,false],"portraits":["https:\/\/profesordefrancesenmadrid.com\/wp-content\/uploads\/2020\/02\/nouveau-velib-metropole.jpg",896,598,false],"thumbnail":["https:\/\/i0.wp.com\/profesordefrancesenmadrid.com\/wp-content\/uploads\/2020\/02\/nouveau-velib-metropole.jpg?resize=150%2C150&ssl=1",150,150,true],"medium":["https:\/\/i0.wp.com\/profesordefrancesenmadrid.com\/wp-content\/uploads\/2020\/02\/nouveau-velib-metropole.jpg?fit=300%2C200&ssl=1",300,200,true],"large":["https:\/\/i0.wp.com\/profesordefrancesenmadrid.com\/wp-content\/uploads\/2020\/02\/nouveau-velib-metropole.jpg?fit=790%2C527&ssl=1",790,527,true],"1536x1536":["https:\/\/i0.wp.com\/profesordefrancesenmadrid.com\/wp-content\/uploads\/2020\/02\/nouveau-velib-metropole.jpg?fit=896%2C598&ssl=1",896,598,true],"2048x2048":["https:\/\/i0.wp.com\/profesordefrancesenmadrid.com\/wp-content\/uploads\/2020\/02\/nouveau-velib-metropole.jpg?fit=896%2C598&ssl=1",896,598,true],"screenr-blog-grid-small":["https:\/\/i0.wp.com\/profesordefrancesenmadrid.com\/wp-content\/uploads\/2020\/02\/nouveau-velib-metropole.jpg?resize=350%2C200&ssl=1",350,200,true],"screenr-blog-grid":["https:\/\/i0.wp.com\/profesordefrancesenmadrid.com\/wp-content\/uploads\/2020\/02\/nouveau-velib-metropole.jpg?resize=540%2C300&ssl=1",540,300,true],"screenr-blog-list":["https:\/\/i0.wp.com\/profesordefrancesenmadrid.com\/wp-content\/uploads\/2020\/02\/nouveau-velib-metropole.jpg?resize=790%2C400&ssl=1",790,400,true],"screenr-service-small":["https:\/\/i0.wp.com\/profesordefrancesenmadrid.com\/wp-content\/uploads\/2020\/02\/nouveau-velib-metropole.jpg?resize=538%2C280&ssl=1",538,280,true],"screenr-thumbnail-team":["https:\/\/i0.wp.com\/profesordefrancesenmadrid.com\/wp-content\/uploads\/2020\/02\/nouveau-velib-metropole.jpg?resize=340%2C220&ssl=1",340,220,true]},"rttpg_author":{"display_name":"Ludovic Pedrocchi","author_link":"https:\/\/profesordefrancesenmadrid.com\/index.php\/author\/ludovicpedrocchi\/"},"rttpg_comment":0,"rttpg_category":null,"rttpg_excerpt":"Mot-valise Un mot-valise est un mot r&eacute;sultant de la fusion d&rsquo;&eacute;l&eacute;ments emprunt&eacute;s &agrave; deux mots. La plupart du temps, ce t&eacute;lescopage &agrave; l&rsquo;origine du mot-valise consiste &agrave; combiner la partie initiale d&rsquo;un mot et la partie finale d&rsquo;un autre mot, et &agrave; unir les sens respectifs de ces deux formes....","_links":{"self":[{"href":"https:\/\/profesordefrancesenmadrid.com\/index.php\/wp-json\/wp\/v2\/pages\/2367","targetHints":{"allow":["GET"]}}],"collection":[{"href":"https:\/\/profesordefrancesenmadrid.com\/index.php\/wp-json\/wp\/v2\/pages"}],"about":[{"href":"https:\/\/profesordefrancesenmadrid.com\/index.php\/wp-json\/wp\/v2\/types\/page"}],"author":[{"embeddable":true,"href":"https:\/\/profesordefrancesenmadrid.com\/index.php\/wp-json\/wp\/v2\/users\/3"}],"replies":[{"embeddable":true,"href":"https:\/\/profesordefrancesenmadrid.com\/index.php\/wp-json\/wp\/v2\/comments?post=2367"}],"version-history":[{"count":9,"href":"https:\/\/profesordefrancesenmadrid.com\/index.php\/wp-json\/wp\/v2\/pages\/2367\/revisions"}],"predecessor-version":[{"id":2385,"href":"https:\/\/profesordefrancesenmadrid.com\/index.php\/wp-json\/wp\/v2\/pages\/2367\/revisions\/2385"}],"wp:featuredmedia":[{"embeddable":true,"href":"https:\/\/profesordefrancesenmadrid.com\/index.php\/wp-json\/wp\/v2\/media\/2337"}],"wp:attachment":[{"href":"https:\/\/profesordefrancesenmadrid.com\/index.php\/wp-json\/wp\/v2\/media?parent=2367"}],"curies":[{"name":"wp","href":"https:\/\/api.w.org\/{rel}","templated":true}]}}