{"id":2359,"date":"2020-03-08T10:47:19","date_gmt":"2020-03-08T09:47:19","guid":{"rendered":"http:\/\/profesordefrancesenmadrid.com\/?page_id=2359"},"modified":"2020-05-25T22:43:18","modified_gmt":"2020-05-25T20:43:18","slug":"caja-de-herramientas","status":"publish","type":"page","link":"https:\/\/profesordefrancesenmadrid.com\/index.php\/caja-de-herramientas\/","title":{"rendered":"Caja de herramientas"},"content":{"rendered":"\n<h2 class=\"has-text-align-center wp-block-heading\">&nbsp;&#8220;C&#8217;est quoi ?&#8221; &nbsp;Miscellan\u00e9es \u00e0 la fran\u00e7aise<\/h2>\n\n\n\n<p class=\"has-text-align-center\">      <div id=\"post-grid-lazy-2379\" class=\"post-grid-lazy\"><img decoding=\"async\" alt=\"\" src=\"\" \/><\/div>\n    <script data-jetpack-boost=\"ignore\">\n      jQuery('#post-grid-lazy-2379').ready(function($) {\n        $('#post-grid-lazy-2379').fadeOut();\n        $('#post-grid-2379   ').fadeIn();\n      })\n    <\/script>\n    <style type=\"text\/css\">\n      #post-grid-2379 {\n        display: none;\n      }\n\n      .post-grid-lazy {\n        text-align: center;\n      }\n    <\/style>\n    <div data-options='{&quot;id&quot;:&quot;2379&quot;,&quot;lazy_load&quot;:&quot;yes&quot;,&quot;masonry_enable&quot;:&quot;no&quot;,&quot;view_type&quot;:&quot;grid&quot;}' id=\"post-grid-2379\" class=\"post-grid grid\">\n    \n\n\n    <div class=\"grid-items\">\n      <div class=\"item item-14575 skin flat even 0 \">\n        <div class=\"layer-wrapper layout-\">\n        <div class=\"layer-media\"><a href=\"https:\/\/profesordefrancesenmadrid.com\/index.php\/2025\/07\/12\/le-14-juillet-en-fle\/\"><img decoding=\"async\" alt=\"Enrichissez votre vocabulaire et travaillez le pass\u00e9 compos\u00e9 et l\u2019imparfait \u00e0 travers des exercices sur le 14 juillet en France.\" src=\"https:\/\/i0.wp.com\/profesordefrancesenmadrid.com\/wp-content\/uploads\/2025\/07\/14-juilet.png?fit=790%2C527&amp;ssl=1\" \/><\/a><\/div>\n  <div class=\"layer-content\">\n        <div class=\"element element_0  title_link \">\r\n                    <a target=\"\"\r\n                href=\"https:\/\/profesordefrancesenmadrid.com\/index.php\/2025\/07\/12\/le-14-juillet-en-fle\/\">Le 14 juillet en FLE<\/a>\r\n            <\/div>\r\n    <div class=\"element element_1  excerpt \">\r\n        Enrichissez votre vocabulaire et travaillez le pass&eacute; compos&eacute; et l&rsquo;imparfait &agrave; travers des exercices sur le 14 juillet en France.            <\/div>\r\n  <\/div>\n    <\/div>\n  <\/div><div class=\"item item-5524 skin flat odd 1 \">\n        <div class=\"layer-wrapper layout-\">\n        <div class=\"layer-media\"><a href=\"https:\/\/profesordefrancesenmadrid.com\/index.php\/2021\/02\/10\/la-saint-valentin\/\"><img decoding=\"async\" alt=\"\" src=\"https:\/\/i0.wp.com\/profesordefrancesenmadrid.com\/wp-content\/uploads\/2021\/02\/couvedessin.jpg?fit=790%2C444&amp;ssl=1\" \/><\/a><\/div>\n  <div class=\"layer-content\">\n        <div class=\"element element_0  title_link \">\r\n                    <a target=\"\"\r\n                href=\"https:\/\/profesordefrancesenmadrid.com\/index.php\/2021\/02\/10\/la-saint-valentin\/\">Quiz : La Saint-Valentin<\/a>\r\n            <\/div>\r\n    <div class=\"element element_1  excerpt \">\r\n        Actividad de vocabulario franc&eacute;s online gratis: quiz sobre la Saint-Valentin.            <\/div>\r\n  <\/div>\n    <\/div>\n  <\/div><div class=\"item item-5214 skin flat even 2 \">\n        <div class=\"layer-wrapper layout-\">\n        <div class=\"layer-media\"><a href=\"https:\/\/profesordefrancesenmadrid.com\/index.php\/2020\/12\/22\/les-expressions-de-noel\/\"><img decoding=\"async\" src=\"https:\/\/i0.wp.com\/profesordefrancesenmadrid.com\/wp-content\/uploads\/2020\/12\/couvenono.jpg?fit=790%2C457&amp;ssl=1\" \/><\/a><\/div>\n  <div class=\"layer-content\">\n        <div class=\"element element_0  title_link \">\r\n                    <a target=\"\"\r\n                href=\"https:\/\/profesordefrancesenmadrid.com\/index.php\/2020\/12\/22\/les-expressions-de-noel\/\">Les &ldquo;expressions&rdquo; de No&euml;l<\/a>\r\n            <\/div>\r\n    <div class=\"element element_1  excerpt \">\r\n        Actividad online gratis: quiz sobre expresiones navide&ntilde;as.            <\/div>\r\n  <\/div>\n    <\/div>\n  <\/div><div class=\"item item-4939 skin flat odd 3 \">\n        <div class=\"layer-wrapper layout-\">\n        <div class=\"layer-media\"><a href=\"https:\/\/profesordefrancesenmadrid.com\/index.php\/2020\/11\/21\/connaissez-vous-le-quebec\/\"><img decoding=\"async\" alt=\"\" src=\"https:\/\/i0.wp.com\/profesordefrancesenmadrid.com\/wp-content\/uploads\/2020\/11\/couvequizz.jpg?fit=790%2C444&amp;ssl=1\" \/><\/a><\/div>\n  <div class=\"layer-content\">\n        <div class=\"element element_0  title_link \">\r\n                    <a target=\"\"\r\n                href=\"https:\/\/profesordefrancesenmadrid.com\/index.php\/2020\/11\/21\/connaissez-vous-le-quebec\/\">&iquest;Conoces Quebec?<\/a>\r\n            <\/div>\r\n    <div class=\"element element_1  excerpt \">\r\n        Actividad online gratis: &iquest;Conoces Quebec? Quiz sobre La Belle Province.            <\/div>\r\n  <\/div>\n    <\/div>\n  <\/div><div class=\"item item-4806 skin flat even 4 \">\n        <div class=\"layer-wrapper layout-\">\n        <div class=\"layer-media\"><a href=\"https:\/\/profesordefrancesenmadrid.com\/index.php\/2020\/11\/10\/les-jours-feries-en-france\/\"><img decoding=\"async\" alt=\"\" src=\"https:\/\/i0.wp.com\/profesordefrancesenmadrid.com\/wp-content\/uploads\/2020\/11\/couveferie.jpg?fit=790%2C444&amp;ssl=1\" \/><\/a><\/div>\n  <div class=\"layer-content\">\n        <div class=\"element element_0  title_link \">\r\n                    <a target=\"\"\r\n                href=\"https:\/\/profesordefrancesenmadrid.com\/index.php\/2020\/11\/10\/les-jours-feries-en-france\/\">Les jours f&eacute;ri&eacute;s en France<\/a>\r\n            <\/div>\r\n    <div class=\"element element_1  excerpt \">\r\n        Actividad online gratis: quiz sobre los d&iacute;as festivos en Francia            <\/div>\r\n  <\/div>\n    <\/div>\n  <\/div><div class=\"item item-4704 skin flat odd 5 \">\n        <div class=\"layer-wrapper layout-\">\n        <div class=\"layer-media\"><a href=\"https:\/\/profesordefrancesenmadrid.com\/index.php\/2020\/11\/03\/madriz-versus-paname-quizz-sur-les-surnoms-des-villes\/\"><img decoding=\"async\" alt=\"\" src=\"https:\/\/i0.wp.com\/profesordefrancesenmadrid.com\/wp-content\/uploads\/2020\/11\/couvepananme.jpg?fit=790%2C444&amp;ssl=1\" \/><\/a><\/div>\n  <div class=\"layer-content\">\n        <div class=\"element element_0  title_link \">\r\n                    <a target=\"\"\r\n                href=\"https:\/\/profesordefrancesenmadrid.com\/index.php\/2020\/11\/03\/madriz-versus-paname-quizz-sur-les-surnoms-des-villes\/\">Madriz versus Paname &ndash; Quiz sur les surnoms des villes<\/a>\r\n            <\/div>\r\n    <div class=\"element element_1  excerpt \">\r\n        Madriz, Paname, big apple son los apodos que se le dan a las ciudades. &iquest;Podr&iacute;as encontrar los apodos de las            <\/div>\r\n  <\/div>\n    <\/div>\n  <\/div>    <\/div>\n    <div class=\"pagination\">\n      <div class=\"paginate\">\n    <span aria-current=\"page\" class=\"page-numbers current\">1<\/span>\n<a class=\"page-numbers\" href=\"https:\/\/profesordefrancesenmadrid.com\/index.php\/wp-json\/wp\/v2\/pages\/2359\/page\/2\/\">2<\/a>\n<a class=\"page-numbers\" href=\"https:\/\/profesordefrancesenmadrid.com\/index.php\/wp-json\/wp\/v2\/pages\/2359\/page\/3\/\">3<\/a>\n<span class=\"page-numbers dots\">&hellip;<\/span>\n<a class=\"page-numbers\" href=\"https:\/\/profesordefrancesenmadrid.com\/index.php\/wp-json\/wp\/v2\/pages\/2359\/page\/5\/\">5<\/a>\n<a class=\"next page-numbers\" href=\"https:\/\/profesordefrancesenmadrid.com\/index.php\/wp-json\/wp\/v2\/pages\/2359\/page\/2\/\">Next \u00bb<\/a>  <\/div>\n  <style type=\"text\/css\">\n    #post-grid-2379 .pagination .page-numbers {\n      font-size: 16px;\n      color: #fff;\n      background: #646464;\n    }\n\n    #post-grid-2379 .pagination .page-numbers:hover,\n    #post-grid-2379 .pagination .page-numbers.current {\n      background: #4b4b4b;\n    }\n  <\/style>\n  <\/div>\n      <script data-jetpack-boost=\"ignore\">\n          <\/script>\n    <style type=\"text\/css\">\n    #post-grid-2379 .element_0 {\n      display: block;font-size: 21px;line-height: normal;padding: 5px 10px;text-align: left; text-decoration: none;    }\n\n    #post-grid-2379 .element_1 {\n      display: block;font-size: 14px;padding: 5px 10px;text-align: left;    }\n\n    #post-grid-2379 .element_0:hover{}#post-grid-2379 .element_1:hover{}  <\/style>\n  <style type=\"text\/css\">\n    #post-grid-2379 {\n      padding: 10px;\n          }\n\n    #post-grid-2379 .item {\n      padding: 0px;\n      background: #fff;\n          }\n\n    #post-grid-2379 .item .layer-media {\n      height:auto;    }\n\n    @media only screen and (min-width: 0px) and (max-width: 767px) {\n      #post-grid-2379 .grid-items {\n        text-align: center;\n              }\n\n      #post-grid-2379 .item {\n        width: 90%;\n        margin: 10px;\n        display: inline-block;\n        vertical-align: top;\n        height:auto;      }\n    }\n\n    @media only screen and (min-width: 768px) and (max-width: 1023px) {\n      #post-grid-2379 .grid-items {\n        text-align: center;\n              }\n\n      #post-grid-2379 .item {\n        width: 280px;\n        margin: 10px;\n        display: inline-block;\n        vertical-align: top;\n        max-height:auto;      }\n    }\n\n    @media only screen and (min-width: 1024px) {\n      #post-grid-2379 .grid-items {\n        text-align: center;\n              }\n\n      #post-grid-2379 .item {\n        width: 280px;\n        display: inline-block;\n        margin: 10px;\n        vertical-align: top;\n        height:auto;      }\n    }\n\n      <\/style>\n  <\/div>\n<\/p>\n\n\n\n<hr class=\"wp-block-separator\"\/>\n\n\n\n<h2 class=\"has-text-align-center wp-block-heading\"><a href=\"https:\/\/profesordefrancesenmadrid.com\/index.php\/enlaces-utiles\/\">Enlaces \u00fatiles<\/a><\/h2>\n\n\n\n<div class=\"wp-block-image\"><figure class=\"aligncenter size-large\"><a href=\"https:\/\/profesordefrancesenmadrid.com\/index.php\/enlaces-utiles\/\"><img data-recalc-dims=\"1\" loading=\"lazy\" decoding=\"async\" width=\"790\" height=\"527\" src=\"https:\/\/i0.wp.com\/profesordefrancesenmadrid.com\/wp-content\/uploads\/2019\/11\/books-1655783_1920.jpg?resize=790%2C527&#038;ssl=1\" alt=\"enlaces \u00f9tiles\" class=\"wp-image-1519\" srcset=\"https:\/\/i0.wp.com\/profesordefrancesenmadrid.com\/wp-content\/uploads\/2019\/11\/books-1655783_1920.jpg?resize=1024%2C683&amp;ssl=1 1024w, https:\/\/i0.wp.com\/profesordefrancesenmadrid.com\/wp-content\/uploads\/2019\/11\/books-1655783_1920.jpg?resize=300%2C200&amp;ssl=1 300w, https:\/\/i0.wp.com\/profesordefrancesenmadrid.com\/wp-content\/uploads\/2019\/11\/books-1655783_1920.jpg?resize=768%2C512&amp;ssl=1 768w, https:\/\/i0.wp.com\/profesordefrancesenmadrid.com\/wp-content\/uploads\/2019\/11\/books-1655783_1920.jpg?resize=1536%2C1025&amp;ssl=1 1536w, https:\/\/i0.wp.com\/profesordefrancesenmadrid.com\/wp-content\/uploads\/2019\/11\/books-1655783_1920.jpg?w=1920&amp;ssl=1 1920w\" sizes=\"auto, (max-width: 790px) 100vw, 790px\" \/><\/a><figcaption>Ludovic Pedrocchi &#8211; profesordefrancesenmadrid.com<\/figcaption><\/figure><\/div>\n","protected":false},"excerpt":{"rendered":"<p>&nbsp;&ldquo;C&rsquo;est quoi ?&rdquo; &nbsp;Miscellan&eacute;es &agrave; la fran&ccedil;aise Enlaces &uacute;tiles<\/p>\n","protected":false},"author":3,"featured_media":2184,"parent":0,"menu_order":0,"comment_status":"closed","ping_status":"closed","template":"","meta":{"footnotes":""},"class_list":["post-2359","page","type-page","status-publish","has-post-thumbnail","hentry"],"yoast_head":"<!-- This site is optimized with the Yoast SEO plugin v27.4 - https:\/\/yoast.com\/product\/yoast-seo-wordpress\/ -->\n<title>Caja de herramientas - Ludovic Pedrocchi - Profesor de Franc\u00e9s en Madrid<\/title>\n<meta name=\"robots\" content=\"index, follow, max-snippet:-1, max-image-preview:large, max-video-preview:-1\" \/>\n<link rel=\"canonical\" href=\"https:\/\/profesordefrancesenmadrid.com\/index.php\/caja-de-herramientas\/\" \/>\n<meta property=\"og:locale\" content=\"es_ES\" \/>\n<meta property=\"og:type\" content=\"article\" \/>\n<meta property=\"og:title\" content=\"Caja de herramientas - Ludovic Pedrocchi - Profesor de Franc\u00e9s en Madrid\" \/>\n<meta property=\"og:description\" content=\"&nbsp;&ldquo;C&rsquo;est quoi ?&rdquo; &nbsp;Miscellan&eacute;es &agrave; la fran&ccedil;aise Enlaces &uacute;tiles\" \/>\n<meta property=\"og:url\" content=\"https:\/\/profesordefrancesenmadrid.com\/index.php\/caja-de-herramientas\/\" \/>\n<meta property=\"og:site_name\" content=\"Ludovic Pedrocchi\" \/>\n<meta property=\"article:publisher\" content=\"https:\/\/www.facebook.com\/profesordefrancesenmadrid\" \/>\n<meta property=\"article:modified_time\" content=\"2020-05-25T20:43:18+00:00\" \/>\n<meta property=\"og:image\" content=\"https:\/\/i2.wp.com\/profesordefrancesenmadrid.com\/wp-content\/uploads\/2020\/02\/couvecestquoi.jpg?fit=1024%2C576&ssl=1\" \/>\n\t<meta property=\"og:image:width\" content=\"1024\" \/>\n\t<meta property=\"og:image:height\" content=\"576\" \/>\n\t<meta property=\"og:image:type\" content=\"image\/jpeg\" \/>\n<meta name=\"twitter:card\" content=\"summary_large_image\" \/>\n<meta name=\"twitter:site\" content=\"@ldpedrocchi\" \/>\n<script type=\"application\/ld+json\" class=\"yoast-schema-graph\">{\"@context\":\"https:\\\/\\\/schema.org\",\"@graph\":[{\"@type\":\"WebPage\",\"@id\":\"https:\\\/\\\/profesordefrancesenmadrid.com\\\/index.php\\\/caja-de-herramientas\\\/\",\"url\":\"https:\\\/\\\/profesordefrancesenmadrid.com\\\/index.php\\\/caja-de-herramientas\\\/\",\"name\":\"Caja de herramientas - Ludovic Pedrocchi - Profesor de Franc\u00e9s en Madrid\",\"isPartOf\":{\"@id\":\"https:\\\/\\\/profesordefrancesenmadrid.com\\\/#website\"},\"primaryImageOfPage\":{\"@id\":\"https:\\\/\\\/profesordefrancesenmadrid.com\\\/index.php\\\/caja-de-herramientas\\\/#primaryimage\"},\"image\":{\"@id\":\"https:\\\/\\\/profesordefrancesenmadrid.com\\\/index.php\\\/caja-de-herramientas\\\/#primaryimage\"},\"thumbnailUrl\":\"https:\\\/\\\/i0.wp.com\\\/profesordefrancesenmadrid.com\\\/wp-content\\\/uploads\\\/2020\\\/02\\\/couvecestquoi.jpg?fit=1024%2C576&ssl=1\",\"datePublished\":\"2020-03-08T09:47:19+00:00\",\"dateModified\":\"2020-05-25T20:43:18+00:00\",\"breadcrumb\":{\"@id\":\"https:\\\/\\\/profesordefrancesenmadrid.com\\\/index.php\\\/caja-de-herramientas\\\/#breadcrumb\"},\"inLanguage\":\"es\",\"potentialAction\":[{\"@type\":\"ReadAction\",\"target\":[\"https:\\\/\\\/profesordefrancesenmadrid.com\\\/index.php\\\/caja-de-herramientas\\\/\"]}]},{\"@type\":\"ImageObject\",\"inLanguage\":\"es\",\"@id\":\"https:\\\/\\\/profesordefrancesenmadrid.com\\\/index.php\\\/caja-de-herramientas\\\/#primaryimage\",\"url\":\"https:\\\/\\\/i0.wp.com\\\/profesordefrancesenmadrid.com\\\/wp-content\\\/uploads\\\/2020\\\/02\\\/couvecestquoi.jpg?fit=1024%2C576&ssl=1\",\"contentUrl\":\"https:\\\/\\\/i0.wp.com\\\/profesordefrancesenmadrid.com\\\/wp-content\\\/uploads\\\/2020\\\/02\\\/couvecestquoi.jpg?fit=1024%2C576&ssl=1\",\"width\":1024,\"height\":576},{\"@type\":\"BreadcrumbList\",\"@id\":\"https:\\\/\\\/profesordefrancesenmadrid.com\\\/index.php\\\/caja-de-herramientas\\\/#breadcrumb\",\"itemListElement\":[{\"@type\":\"ListItem\",\"position\":1,\"name\":\"Accueil\",\"item\":\"https:\\\/\\\/profesordefrancesenmadrid.com\\\/\"},{\"@type\":\"ListItem\",\"position\":2,\"name\":\"Caja de herramientas\"}]},{\"@type\":\"WebSite\",\"@id\":\"https:\\\/\\\/profesordefrancesenmadrid.com\\\/#website\",\"url\":\"https:\\\/\\\/profesordefrancesenmadrid.com\\\/\",\"name\":\"Ludovic Pedrocchi\",\"description\":\"Profesor de franc\u00e9s en Madrid desde 2007\",\"publisher\":{\"@id\":\"https:\\\/\\\/profesordefrancesenmadrid.com\\\/#organization\"},\"potentialAction\":[{\"@type\":\"SearchAction\",\"target\":{\"@type\":\"EntryPoint\",\"urlTemplate\":\"https:\\\/\\\/profesordefrancesenmadrid.com\\\/?s={search_term_string}\"},\"query-input\":{\"@type\":\"PropertyValueSpecification\",\"valueRequired\":true,\"valueName\":\"search_term_string\"}}],\"inLanguage\":\"es\"},{\"@type\":\"Organization\",\"@id\":\"https:\\\/\\\/profesordefrancesenmadrid.com\\\/#organization\",\"name\":\"Profesor de franc\u00e9s en Madrid\",\"url\":\"https:\\\/\\\/profesordefrancesenmadrid.com\\\/\",\"logo\":{\"@type\":\"ImageObject\",\"inLanguage\":\"es\",\"@id\":\"https:\\\/\\\/profesordefrancesenmadrid.com\\\/#\\\/schema\\\/logo\\\/image\\\/\",\"url\":\"https:\\\/\\\/i0.wp.com\\\/profesordefrancesenmadrid.com\\\/wp-content\\\/uploads\\\/2019\\\/11\\\/logo-retina4.png?fit=531%2C64&ssl=1\",\"contentUrl\":\"https:\\\/\\\/i0.wp.com\\\/profesordefrancesenmadrid.com\\\/wp-content\\\/uploads\\\/2019\\\/11\\\/logo-retina4.png?fit=531%2C64&ssl=1\",\"width\":531,\"height\":64,\"caption\":\"Profesor de franc\u00e9s en Madrid\"},\"image\":{\"@id\":\"https:\\\/\\\/profesordefrancesenmadrid.com\\\/#\\\/schema\\\/logo\\\/image\\\/\"},\"sameAs\":[\"https:\\\/\\\/www.facebook.com\\\/profesordefrancesenmadrid\",\"https:\\\/\\\/x.com\\\/ldpedrocchi\",\"https:\\\/\\\/www.instagram.com\\\/ludovicpedrocchi\\\/\",\"https:\\\/\\\/www.linkedin.com\\\/company\\\/profesordefrancesenmadrid\\\/\",\"https:\\\/\\\/www.youtube.com\\\/channel\\\/UCDJoG_2eg4zNu5TEKKnWeOQ\"]}]}<\/script>\n<!-- \/ Yoast SEO plugin. -->","yoast_head_json":{"title":"Caja de herramientas - Ludovic Pedrocchi - Profesor de Franc\u00e9s en Madrid","robots":{"index":"index","follow":"follow","max-snippet":"max-snippet:-1","max-image-preview":"max-image-preview:large","max-video-preview":"max-video-preview:-1"},"canonical":"https:\/\/profesordefrancesenmadrid.com\/index.php\/caja-de-herramientas\/","og_locale":"es_ES","og_type":"article","og_title":"Caja de herramientas - Ludovic Pedrocchi - Profesor de Franc\u00e9s en Madrid","og_description":"&nbsp;&ldquo;C&rsquo;est quoi ?&rdquo; &nbsp;Miscellan&eacute;es &agrave; la fran&ccedil;aise Enlaces &uacute;tiles","og_url":"https:\/\/profesordefrancesenmadrid.com\/index.php\/caja-de-herramientas\/","og_site_name":"Ludovic Pedrocchi","article_publisher":"https:\/\/www.facebook.com\/profesordefrancesenmadrid","article_modified_time":"2020-05-25T20:43:18+00:00","og_image":[{"width":1024,"height":576,"url":"https:\/\/i2.wp.com\/profesordefrancesenmadrid.com\/wp-content\/uploads\/2020\/02\/couvecestquoi.jpg?fit=1024%2C576&ssl=1","type":"image\/jpeg"}],"twitter_card":"summary_large_image","twitter_site":"@ldpedrocchi","schema":{"@context":"https:\/\/schema.org","@graph":[{"@type":"WebPage","@id":"https:\/\/profesordefrancesenmadrid.com\/index.php\/caja-de-herramientas\/","url":"https:\/\/profesordefrancesenmadrid.com\/index.php\/caja-de-herramientas\/","name":"Caja de herramientas - Ludovic Pedrocchi - Profesor de Franc\u00e9s en Madrid","isPartOf":{"@id":"https:\/\/profesordefrancesenmadrid.com\/#website"},"primaryImageOfPage":{"@id":"https:\/\/profesordefrancesenmadrid.com\/index.php\/caja-de-herramientas\/#primaryimage"},"image":{"@id":"https:\/\/profesordefrancesenmadrid.com\/index.php\/caja-de-herramientas\/#primaryimage"},"thumbnailUrl":"https:\/\/i0.wp.com\/profesordefrancesenmadrid.com\/wp-content\/uploads\/2020\/02\/couvecestquoi.jpg?fit=1024%2C576&ssl=1","datePublished":"2020-03-08T09:47:19+00:00","dateModified":"2020-05-25T20:43:18+00:00","breadcrumb":{"@id":"https:\/\/profesordefrancesenmadrid.com\/index.php\/caja-de-herramientas\/#breadcrumb"},"inLanguage":"es","potentialAction":[{"@type":"ReadAction","target":["https:\/\/profesordefrancesenmadrid.com\/index.php\/caja-de-herramientas\/"]}]},{"@type":"ImageObject","inLanguage":"es","@id":"https:\/\/profesordefrancesenmadrid.com\/index.php\/caja-de-herramientas\/#primaryimage","url":"https:\/\/i0.wp.com\/profesordefrancesenmadrid.com\/wp-content\/uploads\/2020\/02\/couvecestquoi.jpg?fit=1024%2C576&ssl=1","contentUrl":"https:\/\/i0.wp.com\/profesordefrancesenmadrid.com\/wp-content\/uploads\/2020\/02\/couvecestquoi.jpg?fit=1024%2C576&ssl=1","width":1024,"height":576},{"@type":"BreadcrumbList","@id":"https:\/\/profesordefrancesenmadrid.com\/index.php\/caja-de-herramientas\/#breadcrumb","itemListElement":[{"@type":"ListItem","position":1,"name":"Accueil","item":"https:\/\/profesordefrancesenmadrid.com\/"},{"@type":"ListItem","position":2,"name":"Caja de herramientas"}]},{"@type":"WebSite","@id":"https:\/\/profesordefrancesenmadrid.com\/#website","url":"https:\/\/profesordefrancesenmadrid.com\/","name":"Ludovic Pedrocchi","description":"Profesor de franc\u00e9s en Madrid desde 2007","publisher":{"@id":"https:\/\/profesordefrancesenmadrid.com\/#organization"},"potentialAction":[{"@type":"SearchAction","target":{"@type":"EntryPoint","urlTemplate":"https:\/\/profesordefrancesenmadrid.com\/?s={search_term_string}"},"query-input":{"@type":"PropertyValueSpecification","valueRequired":true,"valueName":"search_term_string"}}],"inLanguage":"es"},{"@type":"Organization","@id":"https:\/\/profesordefrancesenmadrid.com\/#organization","name":"Profesor de franc\u00e9s en Madrid","url":"https:\/\/profesordefrancesenmadrid.com\/","logo":{"@type":"ImageObject","inLanguage":"es","@id":"https:\/\/profesordefrancesenmadrid.com\/#\/schema\/logo\/image\/","url":"https:\/\/i0.wp.com\/profesordefrancesenmadrid.com\/wp-content\/uploads\/2019\/11\/logo-retina4.png?fit=531%2C64&ssl=1","contentUrl":"https:\/\/i0.wp.com\/profesordefrancesenmadrid.com\/wp-content\/uploads\/2019\/11\/logo-retina4.png?fit=531%2C64&ssl=1","width":531,"height":64,"caption":"Profesor de franc\u00e9s en Madrid"},"image":{"@id":"https:\/\/profesordefrancesenmadrid.com\/#\/schema\/logo\/image\/"},"sameAs":["https:\/\/www.facebook.com\/profesordefrancesenmadrid","https:\/\/x.com\/ldpedrocchi","https:\/\/www.instagram.com\/ludovicpedrocchi\/","https:\/\/www.linkedin.com\/company\/profesordefrancesenmadrid\/","https:\/\/www.youtube.com\/channel\/UCDJoG_2eg4zNu5TEKKnWeOQ"]}]}},"jetpack_sharing_enabled":true,"jetpack_likes_enabled":true,"jetpack-related-posts":[],"rttpg_featured_image_url":{"full":["https:\/\/i0.wp.com\/profesordefrancesenmadrid.com\/wp-content\/uploads\/2020\/02\/couvecestquoi.jpg?fit=1024%2C576&ssl=1",1024,576,false],"landscape":["https:\/\/profesordefrancesenmadrid.com\/wp-content\/uploads\/2020\/02\/couvecestquoi.jpg",1024,576,false],"portraits":["https:\/\/profesordefrancesenmadrid.com\/wp-content\/uploads\/2020\/02\/couvecestquoi.jpg",1024,576,false],"thumbnail":["https:\/\/i0.wp.com\/profesordefrancesenmadrid.com\/wp-content\/uploads\/2020\/02\/couvecestquoi.jpg?resize=150%2C150&ssl=1",150,150,true],"medium":["https:\/\/i0.wp.com\/profesordefrancesenmadrid.com\/wp-content\/uploads\/2020\/02\/couvecestquoi.jpg?fit=300%2C169&ssl=1",300,169,true],"large":["https:\/\/i0.wp.com\/profesordefrancesenmadrid.com\/wp-content\/uploads\/2020\/02\/couvecestquoi.jpg?fit=790%2C444&ssl=1",790,444,true],"1536x1536":["https:\/\/i0.wp.com\/profesordefrancesenmadrid.com\/wp-content\/uploads\/2020\/02\/couvecestquoi.jpg?fit=1024%2C576&ssl=1",1024,576,true],"2048x2048":["https:\/\/i0.wp.com\/profesordefrancesenmadrid.com\/wp-content\/uploads\/2020\/02\/couvecestquoi.jpg?fit=1024%2C576&ssl=1",1024,576,true],"screenr-blog-grid-small":["https:\/\/i0.wp.com\/profesordefrancesenmadrid.com\/wp-content\/uploads\/2020\/02\/couvecestquoi.jpg?resize=350%2C200&ssl=1",350,200,true],"screenr-blog-grid":["https:\/\/i0.wp.com\/profesordefrancesenmadrid.com\/wp-content\/uploads\/2020\/02\/couvecestquoi.jpg?resize=540%2C300&ssl=1",540,300,true],"screenr-blog-list":["https:\/\/i0.wp.com\/profesordefrancesenmadrid.com\/wp-content\/uploads\/2020\/02\/couvecestquoi.jpg?resize=790%2C400&ssl=1",790,400,true],"screenr-service-small":["https:\/\/i0.wp.com\/profesordefrancesenmadrid.com\/wp-content\/uploads\/2020\/02\/couvecestquoi.jpg?resize=538%2C280&ssl=1",538,280,true],"screenr-thumbnail-team":["https:\/\/i0.wp.com\/profesordefrancesenmadrid.com\/wp-content\/uploads\/2020\/02\/couvecestquoi.jpg?resize=340%2C220&ssl=1",340,220,true]},"rttpg_author":{"display_name":"Ludovic Pedrocchi","author_link":"https:\/\/profesordefrancesenmadrid.com\/index.php\/author\/ludovicpedrocchi\/"},"rttpg_comment":0,"rttpg_category":"","rttpg_excerpt":"&nbsp;&ldquo;C&rsquo;est quoi ?&rdquo; &nbsp;Miscellan&eacute;es &agrave; la fran&ccedil;aise Enlaces &uacute;tiles","_links":{"self":[{"href":"https:\/\/profesordefrancesenmadrid.com\/index.php\/wp-json\/wp\/v2\/pages\/2359","targetHints":{"allow":["GET"]}}],"collection":[{"href":"https:\/\/profesordefrancesenmadrid.com\/index.php\/wp-json\/wp\/v2\/pages"}],"about":[{"href":"https:\/\/profesordefrancesenmadrid.com\/index.php\/wp-json\/wp\/v2\/types\/page"}],"author":[{"embeddable":true,"href":"https:\/\/profesordefrancesenmadrid.com\/index.php\/wp-json\/wp\/v2\/users\/3"}],"replies":[{"embeddable":true,"href":"https:\/\/profesordefrancesenmadrid.com\/index.php\/wp-json\/wp\/v2\/comments?post=2359"}],"version-history":[{"count":5,"href":"https:\/\/profesordefrancesenmadrid.com\/index.php\/wp-json\/wp\/v2\/pages\/2359\/revisions"}],"predecessor-version":[{"id":2516,"href":"https:\/\/profesordefrancesenmadrid.com\/index.php\/wp-json\/wp\/v2\/pages\/2359\/revisions\/2516"}],"wp:featuredmedia":[{"embeddable":true,"href":"https:\/\/profesordefrancesenmadrid.com\/index.php\/wp-json\/wp\/v2\/media\/2184"}],"wp:attachment":[{"href":"https:\/\/profesordefrancesenmadrid.com\/index.php\/wp-json\/wp\/v2\/media?parent=2359"}],"curies":[{"name":"wp","href":"https:\/\/api.w.org\/{rel}","templated":true}]}}