{"id":14607,"date":"2025-07-14T13:08:39","date_gmt":"2025-07-14T11:08:39","guid":{"rendered":"https:\/\/profesordefrancesenmadrid.com\/?page_id=14607"},"modified":"2025-07-16T12:39:35","modified_gmt":"2025-07-16T10:39:35","slug":"curriculum","status":"publish","type":"page","link":"https:\/\/profesordefrancesenmadrid.com\/index.php\/curriculum\/","title":{"rendered":"CURRICULUM"},"content":{"rendered":"\n<h3 class=\"wp-block-heading\"><strong>\ud83d\udc68\u200d\ud83c\udfeb Perfil Profesional<\/strong><\/h3>\n\n\n\n<p><strong>Profesor nativo de franc\u00e9s (Par\u00eds)<\/strong> con m\u00e1s de <strong>15 a\u00f1os de experiencia<\/strong> ense\u00f1ando a empresas y particulares. Especializado en clases personalizadas, din\u00e1micas y enfocadas en objetivos concretos. Formaci\u00f3n en <strong>Estudios Cinematogr\u00e1ficos<\/strong> y certificado en <strong>FLE <\/strong>(<strong>Franc\u00e9s como Lengua Extranjera<\/strong>).<\/p>\n\n\n\n<p><strong>\ud83c\udfaf Mi objetivo: que aprendas a comunicarte en franc\u00e9s de forma natural, eficaz y con confianza.<\/strong><\/p>\n\n\n\n<h3 class=\"wp-block-heading\"><strong>\ud83d\udcda \u00bfQu\u00e9 puedes esperar de mis clases?<\/strong><\/h3>\n\n\n\n<p>Ense\u00f1anza adaptada 100% a tu <strong>nivel, intereses y necesidades<\/strong>.<\/p>\n\n\n\n<p>Dominio de la gram\u00e1tica, vocabulario y expresi\u00f3n oral\/escrita.<\/p>\n\n\n\n<p>Temas variados: filosof\u00eda, literatura, actualidad, cine, cultura francesa.<\/p>\n\n\n\n<p>Clases particulares, en grupo o intensivas (online).<\/p>\n\n\n\n<p>Preparaci\u00f3n para ex\u00e1menes oficiales <strong>DELF\/DALF \u2013 TCF<\/strong>.<\/p>\n\n\n\n<hr class=\"wp-block-separator has-alpha-channel-opacity\"\/>\n\n\n\n<figure class=\"wp-block-embed aligncenter is-type-video is-provider-youtube wp-block-embed-youtube wp-embed-aspect-16-9 wp-has-aspect-ratio\"><div class=\"wp-block-embed__wrapper\">\n<span class=\"embed-youtube\" style=\"text-align:center; display: block;\"><iframe loading=\"lazy\" class=\"youtube-player\" width=\"790\" height=\"445\" src=\"https:\/\/www.youtube.com\/embed\/x9rON9mG5AM?version=3&#038;rel=1&#038;showsearch=0&#038;showinfo=1&#038;iv_load_policy=1&#038;fs=1&#038;hl=es-ES&#038;autohide=2&#038;wmode=transparent\" allowfullscreen=\"true\" style=\"border:0;\" sandbox=\"allow-scripts allow-same-origin allow-popups allow-presentation allow-popups-to-escape-sandbox\"><\/iframe><\/span>\n<\/div><\/figure>\n\n\n\n<hr class=\"wp-block-separator has-alpha-channel-opacity\"\/>\n\n\n\n<h3 class=\"wp-block-heading\"><strong>\ud83d\udcbc Experiencia Profesional<\/strong><\/h3>\n\n\n\n<p><strong>Desde 2007 \u2013 Profesor de franc\u00e9s en Madrid<br><\/strong>\u2714\ufe0f Clases personalizadas para todos los niveles y edades<br>\u2714\ufe0f Especializado en formaci\u00f3n para <strong>empresas<\/strong><br>\u2714\ufe0f Preparaci\u00f3n de <strong>ex\u00e1menes<\/strong> con material real y t\u00e9cnicas efectivas<br>\u2714\ufe0f M\u00e1s de <strong>10.000 visitas\/mes<\/strong> en mi p\u00e1gina web<br>\u2714\ufe0f Redacci\u00f3n de art\u00edculos did\u00e1cticos y culturales sobre Francia y el aprendizaje del franc\u00e9s<\/p>\n\n\n\n<p><strong><a href=\"https:\/\/profesordefrancesenmadrid.com\/\" target=\"_blank\" rel=\"noreferrer noopener\">\ud83d\udd17 profesordefrancesenmadrid.com<\/a><\/strong><\/p>\n\n\n\n<p><strong>Empresas con las que he trabajado:<br><\/strong>\ud83c\udfe6 Banco Santander, Targobank, CNMV<br>\u26a1 Endesa-Enel, Elecnor, FRV<br>\ud83e\udd16 Softbank Robotics, Protec S.A.<br>\u2696\ufe0f CMS Albi\u00f1ana &amp; Su\u00e1rez de Lezo<br>\ud83c\udfd7\ufe0f Saint-Gobain, Tata Steel, Tierra Armada<br>\ud83c\udfaf LVMH, Walt Disney Company, Lactalis<\/p>\n\n\n\n<hr class=\"wp-block-separator has-alpha-channel-opacity\"\/>\n\n\n\n<h3 class=\"wp-block-heading\"><strong>\ud83c\udf93 Formaci\u00f3n Acad\u00e9mica<\/strong><\/h3>\n\n\n\n<p><strong>M\u00e1ster en Estudios Cinematogr\u00e1ficos<\/strong> \u2013 Universidad Panth\u00e9on-Sorbonne (Par\u00eds)<\/p>\n\n\n\n<p><strong>Certificado FLE<\/strong> \u2013 Academia Atribord (desde 2008)<\/p>\n\n\n\n<p><a href=\"https:\/\/profesordefrancesenmadrid.com\/index.php\/2022\/06\/28\/mooc-enseigner-le-francais-langue-etrangere-aujourdhui-cavilam-centre-dapproches-vivantes-des-langues-et-des-medias-alliance-francaise\/\" target=\"_blank\" rel=\"noreferrer noopener\"><strong>MOOC \u201cEnse\u00f1ar franc\u00e9s como lengua extranjera hoy\u201d<\/strong> \u2013 CAVILAM, Alliance Fran\u00e7aise<\/a><\/p>\n\n\n\n<p><a href=\"https:\/\/profesordefrancesenmadrid.com\/index.php\/2023\/02\/10\/formation-sur-les-nouvelles-grilles-devaluation-delf-dalf\/\" target=\"_blank\" rel=\"noreferrer noopener\"><strong>Formaci\u00f3n en evaluaci\u00f3n DELF-DALF<\/strong> \u2013 France \u00c9ducation International<\/a><\/p>\n\n\n\n<p><a href=\"https:\/\/profesordefrancesenmadrid.com\/index.php\/2025\/05\/19\/prevencion-de-riesgos-en-el-sector-docente-af-cualtis-8031-mayo-2025\/\" target=\"_blank\" rel=\"noreferrer noopener\"><strong>Certificado en prevenci\u00f3n de riesgos laborales<\/strong> \u2013 AF Cualtis<\/a><\/p>\n\n\n\n<hr class=\"wp-block-separator has-alpha-channel-opacity\"\/>\n\n\n\n<h3 class=\"wp-block-heading\"><strong>\ud83c\udf0d Idiomas<\/strong><\/h3>\n\n\n\n<p><strong>Franc\u00e9s: nativo<\/strong><\/p>\n\n\n\n<p><strong>Espa\u00f1ol: avanzado<\/strong><\/p>\n\n\n\n<p><strong>Ingl\u00e9s: intermedio (formaci\u00f3n OISE \u2013 Bristol)<\/strong><\/p>\n\n\n\n<p><strong>Alem\u00e1n: nociones b\u00e1sicas<\/strong><\/p>\n\n\n\n<hr class=\"wp-block-separator has-alpha-channel-opacity\"\/>\n\n\n\n<h3 class=\"wp-block-heading\"><strong>\ud83d\udcbb Competencias Digitales<\/strong><\/h3>\n\n\n\n<p>Redacci\u00f3n SEO y contenido web<\/p>\n\n\n\n<p>Uso profesional de Office e Internet<\/p>\n\n\n\n<p>Gesti\u00f3n de plataforma educativa propia<\/p>\n\n\n\n<hr class=\"wp-block-separator has-alpha-channel-opacity\"\/>\n\n\n\n<figure class=\"wp-block-embed aligncenter is-type-video is-provider-youtube wp-block-embed-youtube wp-embed-aspect-16-9 wp-has-aspect-ratio\"><div class=\"wp-block-embed__wrapper\">\n<span class=\"embed-youtube\" style=\"text-align:center; display: block;\"><iframe loading=\"lazy\" class=\"youtube-player\" width=\"790\" height=\"445\" src=\"https:\/\/www.youtube.com\/embed\/exoYby30TDo?version=3&#038;rel=1&#038;showsearch=0&#038;showinfo=1&#038;iv_load_policy=1&#038;fs=1&#038;hl=es-ES&#038;autohide=2&#038;wmode=transparent\" allowfullscreen=\"true\" style=\"border:0;\" sandbox=\"allow-scripts allow-same-origin allow-popups allow-presentation allow-popups-to-escape-sandbox\"><\/iframe><\/span>\n<\/div><\/figure>\n\n\n\n<hr class=\"wp-block-separator has-alpha-channel-opacity\"\/>\n\n\n<div class=\"wp-block-image\">\n<figure class=\"aligncenter size-large is-resized\"><a href=\"https:\/\/profesordefrancesenmadrid.com\/index.php\/contactar-conmigo\/\" target=\"_blank\" rel=\" noreferrer noopener\"><img data-recalc-dims=\"1\" loading=\"lazy\" decoding=\"async\" width=\"790\" height=\"527\" src=\"https:\/\/i0.wp.com\/profesordefrancesenmadrid.com\/wp-content\/uploads\/2025\/07\/Curriculum-Ludovic-Pedrocchi.png?resize=790%2C527&#038;ssl=1\" alt=\"Profesor nativo de franc\u00e9s con experiencia. Mi objetivo: que aprendas a comunicarte en franc\u00e9s de forma natural, eficaz y con confianza.\" class=\"wp-image-14612\" style=\"width:452px;height:auto\" srcset=\"https:\/\/i0.wp.com\/profesordefrancesenmadrid.com\/wp-content\/uploads\/2025\/07\/Curriculum-Ludovic-Pedrocchi.png?resize=1024%2C683&amp;ssl=1 1024w, https:\/\/i0.wp.com\/profesordefrancesenmadrid.com\/wp-content\/uploads\/2025\/07\/Curriculum-Ludovic-Pedrocchi.png?resize=300%2C200&amp;ssl=1 300w, https:\/\/i0.wp.com\/profesordefrancesenmadrid.com\/wp-content\/uploads\/2025\/07\/Curriculum-Ludovic-Pedrocchi.png?resize=768%2C512&amp;ssl=1 768w, https:\/\/i0.wp.com\/profesordefrancesenmadrid.com\/wp-content\/uploads\/2025\/07\/Curriculum-Ludovic-Pedrocchi.png?w=1536&amp;ssl=1 1536w\" sizes=\"auto, (max-width: 790px) 100vw, 790px\" \/><\/a><\/figure>\n<\/div>\n\n\n<hr class=\"wp-block-separator has-alpha-channel-opacity\"\/>\n\n\n\n<h6 class=\"wp-block-heading\"><strong>Ludovic Pedrocchi<br>\ud83d\udccd C\/ Gand\u00eda 4, bajo C \u2013 28007 Madrid<br>\ud83d\udcf1 635 22 49 52 (WhatsApp)<br><a href=\"https:\/\/profesordefrancesenmadrid.com\/index.php\/contactar-conmigo\/\" target=\"_blank\" rel=\"noreferrer noopener\">\u2709\ufe0f lp@profesordefrancesenmadrid.com<br><\/a><a href=\"https:\/\/www.linkedin.com\/in\/ludovic-pedrocchi-3055b079\/\" target=\"_blank\" rel=\"noreferrer noopener\">\ud83d\udd17 LinkedIn<\/a><\/strong><\/h6>\n\n\n\n<hr class=\"wp-block-separator has-alpha-channel-opacity\"\/>\n","protected":false},"excerpt":{"rendered":"<p>Profesor nativo de franc\u00e9s con experiencia. Mi objetivo: que aprendas a comunicarte en franc\u00e9s de forma natural, eficaz y con confianza.<\/p>\n","protected":false},"author":3,"featured_media":3046,"parent":0,"menu_order":0,"comment_status":"closed","ping_status":"closed","template":"","meta":{"footnotes":""},"class_list":["post-14607","page","type-page","status-publish","has-post-thumbnail","hentry"],"yoast_head":"<!-- This site is optimized with the Yoast SEO plugin v27.4 - https:\/\/yoast.com\/product\/yoast-seo-wordpress\/ -->\n<title>CURRICULUM - Ludovic Pedrocchi - profesordefrancesenmadrid.com<\/title>\n<meta name=\"description\" content=\"Profesor nativo de franc\u00e9s con experiencia. Mi objetivo: que aprendas a comunicarte en franc\u00e9s de forma natural, eficaz y con confianza.\" \/>\n<meta name=\"robots\" content=\"index, follow, max-snippet:-1, max-image-preview:large, max-video-preview:-1\" \/>\n<link rel=\"canonical\" href=\"https:\/\/profesordefrancesenmadrid.com\/index.php\/curriculum\/\" \/>\n<meta property=\"og:locale\" content=\"es_ES\" \/>\n<meta property=\"og:type\" content=\"article\" \/>\n<meta property=\"og:title\" content=\"Curriculum profesor de franc\u00e9s\" \/>\n<meta property=\"og:description\" content=\"Profesor nativo de franc\u00e9s con experiencia. Mi objetivo: que aprendas a comunicarte en franc\u00e9s de forma natural, eficaz y con confianza.\" \/>\n<meta property=\"og:url\" content=\"https:\/\/profesordefrancesenmadrid.com\/index.php\/curriculum\/\" \/>\n<meta property=\"og:site_name\" content=\"Ludovic Pedrocchi\" \/>\n<meta property=\"article:publisher\" content=\"https:\/\/www.facebook.com\/profesordefrancesenmadrid\" \/>\n<meta property=\"article:modified_time\" content=\"2025-07-16T10:39:35+00:00\" \/>\n<meta property=\"og:image\" content=\"https:\/\/profesordefrancesenmadrid.com\/wp-content\/uploads\/2020\/06\/couveludo-1.jpg\" \/>\n\t<meta property=\"og:image:width\" content=\"1024\" \/>\n\t<meta property=\"og:image:height\" content=\"576\" \/>\n\t<meta property=\"og:image:type\" content=\"image\/jpeg\" \/>\n<meta name=\"twitter:card\" content=\"summary_large_image\" \/>\n<meta name=\"twitter:title\" content=\"Curriculum profesor de franc\u00e9s\" \/>\n<meta name=\"twitter:description\" content=\"Profesor nativo de franc\u00e9s con experiencia. Mi objetivo: que aprendas a comunicarte en franc\u00e9s de forma natural, eficaz y con confianza.\" \/>\n<meta name=\"twitter:image\" content=\"https:\/\/i0.wp.com\/profesordefrancesenmadrid.com\/wp-content\/uploads\/2020\/06\/couveludo-1.jpg?fit=1024%2C576&ssl=1\" \/>\n<meta name=\"twitter:site\" content=\"@ldpedrocchi\" \/>\n<meta name=\"twitter:label1\" content=\"Tiempo de lectura\" \/>\n\t<meta name=\"twitter:data1\" content=\"2 minutos\" \/>\n<script type=\"application\/ld+json\" class=\"yoast-schema-graph\">{\"@context\":\"https:\\\/\\\/schema.org\",\"@graph\":[{\"@type\":\"WebPage\",\"@id\":\"https:\\\/\\\/profesordefrancesenmadrid.com\\\/index.php\\\/curriculum\\\/\",\"url\":\"https:\\\/\\\/profesordefrancesenmadrid.com\\\/index.php\\\/curriculum\\\/\",\"name\":\"CURRICULUM - Ludovic Pedrocchi - profesordefrancesenmadrid.com\",\"isPartOf\":{\"@id\":\"https:\\\/\\\/profesordefrancesenmadrid.com\\\/#website\"},\"primaryImageOfPage\":{\"@id\":\"https:\\\/\\\/profesordefrancesenmadrid.com\\\/index.php\\\/curriculum\\\/#primaryimage\"},\"image\":{\"@id\":\"https:\\\/\\\/profesordefrancesenmadrid.com\\\/index.php\\\/curriculum\\\/#primaryimage\"},\"thumbnailUrl\":\"https:\\\/\\\/i0.wp.com\\\/profesordefrancesenmadrid.com\\\/wp-content\\\/uploads\\\/2020\\\/06\\\/couveludo-1.jpg?fit=1024%2C576&ssl=1\",\"datePublished\":\"2025-07-14T11:08:39+00:00\",\"dateModified\":\"2025-07-16T10:39:35+00:00\",\"description\":\"Profesor nativo de franc\u00e9s con experiencia. Mi objetivo: que aprendas a comunicarte en franc\u00e9s de forma natural, eficaz y con confianza.\",\"breadcrumb\":{\"@id\":\"https:\\\/\\\/profesordefrancesenmadrid.com\\\/index.php\\\/curriculum\\\/#breadcrumb\"},\"inLanguage\":\"es\",\"potentialAction\":[{\"@type\":\"ReadAction\",\"target\":[\"https:\\\/\\\/profesordefrancesenmadrid.com\\\/index.php\\\/curriculum\\\/\"]}]},{\"@type\":\"ImageObject\",\"inLanguage\":\"es\",\"@id\":\"https:\\\/\\\/profesordefrancesenmadrid.com\\\/index.php\\\/curriculum\\\/#primaryimage\",\"url\":\"https:\\\/\\\/i0.wp.com\\\/profesordefrancesenmadrid.com\\\/wp-content\\\/uploads\\\/2020\\\/06\\\/couveludo-1.jpg?fit=1024%2C576&ssl=1\",\"contentUrl\":\"https:\\\/\\\/i0.wp.com\\\/profesordefrancesenmadrid.com\\\/wp-content\\\/uploads\\\/2020\\\/06\\\/couveludo-1.jpg?fit=1024%2C576&ssl=1\",\"width\":1024,\"height\":576,\"caption\":\"Profesor nativo de franc\u00e9s con experiencia. Mi objetivo: que aprendas a comunicarte en franc\u00e9s de forma natural, eficaz y con confianza.\"},{\"@type\":\"BreadcrumbList\",\"@id\":\"https:\\\/\\\/profesordefrancesenmadrid.com\\\/index.php\\\/curriculum\\\/#breadcrumb\",\"itemListElement\":[{\"@type\":\"ListItem\",\"position\":1,\"name\":\"Accueil\",\"item\":\"https:\\\/\\\/profesordefrancesenmadrid.com\\\/\"},{\"@type\":\"ListItem\",\"position\":2,\"name\":\"CURRICULUM\"}]},{\"@type\":\"WebSite\",\"@id\":\"https:\\\/\\\/profesordefrancesenmadrid.com\\\/#website\",\"url\":\"https:\\\/\\\/profesordefrancesenmadrid.com\\\/\",\"name\":\"Ludovic Pedrocchi\",\"description\":\"Profesor de franc\u00e9s en Madrid desde 2007\",\"publisher\":{\"@id\":\"https:\\\/\\\/profesordefrancesenmadrid.com\\\/#organization\"},\"potentialAction\":[{\"@type\":\"SearchAction\",\"target\":{\"@type\":\"EntryPoint\",\"urlTemplate\":\"https:\\\/\\\/profesordefrancesenmadrid.com\\\/?s={search_term_string}\"},\"query-input\":{\"@type\":\"PropertyValueSpecification\",\"valueRequired\":true,\"valueName\":\"search_term_string\"}}],\"inLanguage\":\"es\"},{\"@type\":\"Organization\",\"@id\":\"https:\\\/\\\/profesordefrancesenmadrid.com\\\/#organization\",\"name\":\"Profesor de franc\u00e9s en Madrid\",\"url\":\"https:\\\/\\\/profesordefrancesenmadrid.com\\\/\",\"logo\":{\"@type\":\"ImageObject\",\"inLanguage\":\"es\",\"@id\":\"https:\\\/\\\/profesordefrancesenmadrid.com\\\/#\\\/schema\\\/logo\\\/image\\\/\",\"url\":\"https:\\\/\\\/i0.wp.com\\\/profesordefrancesenmadrid.com\\\/wp-content\\\/uploads\\\/2019\\\/11\\\/logo-retina4.png?fit=531%2C64&ssl=1\",\"contentUrl\":\"https:\\\/\\\/i0.wp.com\\\/profesordefrancesenmadrid.com\\\/wp-content\\\/uploads\\\/2019\\\/11\\\/logo-retina4.png?fit=531%2C64&ssl=1\",\"width\":531,\"height\":64,\"caption\":\"Profesor de franc\u00e9s en Madrid\"},\"image\":{\"@id\":\"https:\\\/\\\/profesordefrancesenmadrid.com\\\/#\\\/schema\\\/logo\\\/image\\\/\"},\"sameAs\":[\"https:\\\/\\\/www.facebook.com\\\/profesordefrancesenmadrid\",\"https:\\\/\\\/x.com\\\/ldpedrocchi\",\"https:\\\/\\\/www.instagram.com\\\/ludovicpedrocchi\\\/\",\"https:\\\/\\\/www.linkedin.com\\\/company\\\/profesordefrancesenmadrid\\\/\",\"https:\\\/\\\/www.youtube.com\\\/channel\\\/UCDJoG_2eg4zNu5TEKKnWeOQ\"]}]}<\/script>\n<!-- \/ Yoast SEO plugin. -->","yoast_head_json":{"title":"CURRICULUM - Ludovic Pedrocchi - profesordefrancesenmadrid.com","description":"Profesor nativo de franc\u00e9s con experiencia. Mi objetivo: que aprendas a comunicarte en franc\u00e9s de forma natural, eficaz y con confianza.","robots":{"index":"index","follow":"follow","max-snippet":"max-snippet:-1","max-image-preview":"max-image-preview:large","max-video-preview":"max-video-preview:-1"},"canonical":"https:\/\/profesordefrancesenmadrid.com\/index.php\/curriculum\/","og_locale":"es_ES","og_type":"article","og_title":"Curriculum profesor de franc\u00e9s","og_description":"Profesor nativo de franc\u00e9s con experiencia. Mi objetivo: que aprendas a comunicarte en franc\u00e9s de forma natural, eficaz y con confianza.","og_url":"https:\/\/profesordefrancesenmadrid.com\/index.php\/curriculum\/","og_site_name":"Ludovic Pedrocchi","article_publisher":"https:\/\/www.facebook.com\/profesordefrancesenmadrid","article_modified_time":"2025-07-16T10:39:35+00:00","og_image":[{"width":1024,"height":576,"url":"https:\/\/profesordefrancesenmadrid.com\/wp-content\/uploads\/2020\/06\/couveludo-1.jpg","type":"image\/jpeg"}],"twitter_card":"summary_large_image","twitter_title":"Curriculum profesor de franc\u00e9s","twitter_description":"Profesor nativo de franc\u00e9s con experiencia. Mi objetivo: que aprendas a comunicarte en franc\u00e9s de forma natural, eficaz y con confianza.","twitter_image":"https:\/\/i0.wp.com\/profesordefrancesenmadrid.com\/wp-content\/uploads\/2020\/06\/couveludo-1.jpg?fit=1024%2C576&ssl=1","twitter_site":"@ldpedrocchi","twitter_misc":{"Tiempo de lectura":"2 minutos"},"schema":{"@context":"https:\/\/schema.org","@graph":[{"@type":"WebPage","@id":"https:\/\/profesordefrancesenmadrid.com\/index.php\/curriculum\/","url":"https:\/\/profesordefrancesenmadrid.com\/index.php\/curriculum\/","name":"CURRICULUM - Ludovic Pedrocchi - profesordefrancesenmadrid.com","isPartOf":{"@id":"https:\/\/profesordefrancesenmadrid.com\/#website"},"primaryImageOfPage":{"@id":"https:\/\/profesordefrancesenmadrid.com\/index.php\/curriculum\/#primaryimage"},"image":{"@id":"https:\/\/profesordefrancesenmadrid.com\/index.php\/curriculum\/#primaryimage"},"thumbnailUrl":"https:\/\/i0.wp.com\/profesordefrancesenmadrid.com\/wp-content\/uploads\/2020\/06\/couveludo-1.jpg?fit=1024%2C576&ssl=1","datePublished":"2025-07-14T11:08:39+00:00","dateModified":"2025-07-16T10:39:35+00:00","description":"Profesor nativo de franc\u00e9s con experiencia. Mi objetivo: que aprendas a comunicarte en franc\u00e9s de forma natural, eficaz y con confianza.","breadcrumb":{"@id":"https:\/\/profesordefrancesenmadrid.com\/index.php\/curriculum\/#breadcrumb"},"inLanguage":"es","potentialAction":[{"@type":"ReadAction","target":["https:\/\/profesordefrancesenmadrid.com\/index.php\/curriculum\/"]}]},{"@type":"ImageObject","inLanguage":"es","@id":"https:\/\/profesordefrancesenmadrid.com\/index.php\/curriculum\/#primaryimage","url":"https:\/\/i0.wp.com\/profesordefrancesenmadrid.com\/wp-content\/uploads\/2020\/06\/couveludo-1.jpg?fit=1024%2C576&ssl=1","contentUrl":"https:\/\/i0.wp.com\/profesordefrancesenmadrid.com\/wp-content\/uploads\/2020\/06\/couveludo-1.jpg?fit=1024%2C576&ssl=1","width":1024,"height":576,"caption":"Profesor nativo de franc\u00e9s con experiencia. Mi objetivo: que aprendas a comunicarte en franc\u00e9s de forma natural, eficaz y con confianza."},{"@type":"BreadcrumbList","@id":"https:\/\/profesordefrancesenmadrid.com\/index.php\/curriculum\/#breadcrumb","itemListElement":[{"@type":"ListItem","position":1,"name":"Accueil","item":"https:\/\/profesordefrancesenmadrid.com\/"},{"@type":"ListItem","position":2,"name":"CURRICULUM"}]},{"@type":"WebSite","@id":"https:\/\/profesordefrancesenmadrid.com\/#website","url":"https:\/\/profesordefrancesenmadrid.com\/","name":"Ludovic Pedrocchi","description":"Profesor de franc\u00e9s en Madrid desde 2007","publisher":{"@id":"https:\/\/profesordefrancesenmadrid.com\/#organization"},"potentialAction":[{"@type":"SearchAction","target":{"@type":"EntryPoint","urlTemplate":"https:\/\/profesordefrancesenmadrid.com\/?s={search_term_string}"},"query-input":{"@type":"PropertyValueSpecification","valueRequired":true,"valueName":"search_term_string"}}],"inLanguage":"es"},{"@type":"Organization","@id":"https:\/\/profesordefrancesenmadrid.com\/#organization","name":"Profesor de franc\u00e9s en Madrid","url":"https:\/\/profesordefrancesenmadrid.com\/","logo":{"@type":"ImageObject","inLanguage":"es","@id":"https:\/\/profesordefrancesenmadrid.com\/#\/schema\/logo\/image\/","url":"https:\/\/i0.wp.com\/profesordefrancesenmadrid.com\/wp-content\/uploads\/2019\/11\/logo-retina4.png?fit=531%2C64&ssl=1","contentUrl":"https:\/\/i0.wp.com\/profesordefrancesenmadrid.com\/wp-content\/uploads\/2019\/11\/logo-retina4.png?fit=531%2C64&ssl=1","width":531,"height":64,"caption":"Profesor de franc\u00e9s en Madrid"},"image":{"@id":"https:\/\/profesordefrancesenmadrid.com\/#\/schema\/logo\/image\/"},"sameAs":["https:\/\/www.facebook.com\/profesordefrancesenmadrid","https:\/\/x.com\/ldpedrocchi","https:\/\/www.instagram.com\/ludovicpedrocchi\/","https:\/\/www.linkedin.com\/company\/profesordefrancesenmadrid\/","https:\/\/www.youtube.com\/channel\/UCDJoG_2eg4zNu5TEKKnWeOQ"]}]}},"jetpack_sharing_enabled":true,"jetpack_likes_enabled":true,"jetpack-related-posts":[],"rttpg_featured_image_url":{"full":["https:\/\/i0.wp.com\/profesordefrancesenmadrid.com\/wp-content\/uploads\/2020\/06\/couveludo-1.jpg?fit=1024%2C576&ssl=1",1024,576,false],"landscape":["https:\/\/profesordefrancesenmadrid.com\/wp-content\/uploads\/2020\/06\/couveludo-1.jpg",1024,576,false],"portraits":["https:\/\/profesordefrancesenmadrid.com\/wp-content\/uploads\/2020\/06\/couveludo-1.jpg",1024,576,false],"thumbnail":["https:\/\/i0.wp.com\/profesordefrancesenmadrid.com\/wp-content\/uploads\/2020\/06\/couveludo-1.jpg?resize=150%2C150&ssl=1",150,150,true],"medium":["https:\/\/i0.wp.com\/profesordefrancesenmadrid.com\/wp-content\/uploads\/2020\/06\/couveludo-1.jpg?fit=300%2C169&ssl=1",300,169,true],"large":["https:\/\/i0.wp.com\/profesordefrancesenmadrid.com\/wp-content\/uploads\/2020\/06\/couveludo-1.jpg?fit=790%2C444&ssl=1",790,444,true],"1536x1536":["https:\/\/i0.wp.com\/profesordefrancesenmadrid.com\/wp-content\/uploads\/2020\/06\/couveludo-1.jpg?fit=1024%2C576&ssl=1",1024,576,true],"2048x2048":["https:\/\/i0.wp.com\/profesordefrancesenmadrid.com\/wp-content\/uploads\/2020\/06\/couveludo-1.jpg?fit=1024%2C576&ssl=1",1024,576,true],"screenr-blog-grid-small":["https:\/\/i0.wp.com\/profesordefrancesenmadrid.com\/wp-content\/uploads\/2020\/06\/couveludo-1.jpg?resize=350%2C200&ssl=1",350,200,true],"screenr-blog-grid":["https:\/\/i0.wp.com\/profesordefrancesenmadrid.com\/wp-content\/uploads\/2020\/06\/couveludo-1.jpg?resize=540%2C300&ssl=1",540,300,true],"screenr-blog-list":["https:\/\/i0.wp.com\/profesordefrancesenmadrid.com\/wp-content\/uploads\/2020\/06\/couveludo-1.jpg?resize=790%2C400&ssl=1",790,400,true],"screenr-service-small":["https:\/\/i0.wp.com\/profesordefrancesenmadrid.com\/wp-content\/uploads\/2020\/06\/couveludo-1.jpg?resize=538%2C280&ssl=1",538,280,true],"screenr-thumbnail-team":["https:\/\/i0.wp.com\/profesordefrancesenmadrid.com\/wp-content\/uploads\/2020\/06\/couveludo-1.jpg?resize=340%2C220&ssl=1",340,220,true]},"rttpg_author":{"display_name":"Ludovic Pedrocchi","author_link":"https:\/\/profesordefrancesenmadrid.com\/index.php\/author\/ludovicpedrocchi\/"},"rttpg_comment":0,"rttpg_category":null,"rttpg_excerpt":"Profesor nativo de franc&eacute;s con experiencia. Mi objetivo: que aprendas a comunicarte en franc&eacute;s de forma natural, eficaz y con confianza.","_links":{"self":[{"href":"https:\/\/profesordefrancesenmadrid.com\/index.php\/wp-json\/wp\/v2\/pages\/14607","targetHints":{"allow":["GET"]}}],"collection":[{"href":"https:\/\/profesordefrancesenmadrid.com\/index.php\/wp-json\/wp\/v2\/pages"}],"about":[{"href":"https:\/\/profesordefrancesenmadrid.com\/index.php\/wp-json\/wp\/v2\/types\/page"}],"author":[{"embeddable":true,"href":"https:\/\/profesordefrancesenmadrid.com\/index.php\/wp-json\/wp\/v2\/users\/3"}],"replies":[{"embeddable":true,"href":"https:\/\/profesordefrancesenmadrid.com\/index.php\/wp-json\/wp\/v2\/comments?post=14607"}],"version-history":[{"count":4,"href":"https:\/\/profesordefrancesenmadrid.com\/index.php\/wp-json\/wp\/v2\/pages\/14607\/revisions"}],"predecessor-version":[{"id":14618,"href":"https:\/\/profesordefrancesenmadrid.com\/index.php\/wp-json\/wp\/v2\/pages\/14607\/revisions\/14618"}],"wp:featuredmedia":[{"embeddable":true,"href":"https:\/\/profesordefrancesenmadrid.com\/index.php\/wp-json\/wp\/v2\/media\/3046"}],"wp:attachment":[{"href":"https:\/\/profesordefrancesenmadrid.com\/index.php\/wp-json\/wp\/v2\/media?parent=14607"}],"curies":[{"name":"wp","href":"https:\/\/api.w.org\/{rel}","templated":true}]}}