{"id":13358,"date":"2025-02-06T16:43:18","date_gmt":"2025-02-06T15:43:18","guid":{"rendered":"https:\/\/profesordefrancesenmadrid.com\/?page_id=13358"},"modified":"2025-02-06T16:50:15","modified_gmt":"2025-02-06T15:50:15","slug":"dalf-c1","status":"publish","type":"page","link":"https:\/\/profesordefrancesenmadrid.com\/index.php\/dalf-c1\/","title":{"rendered":"DALF C1"},"content":{"rendered":"<h3 style=\"text-align: left;\"><a href=\"https:\/\/profesordefrancesenmadrid.com\/index.php\/delf-dalf-tcf\/dalf-c1-comprehension-orale\/\" target=\"_blank\" rel=\"noopener\"><strong>\u2192 Compr\u00e9hension orale avec exemple corrig\u00e9, conseils et ressources<\/strong><\/a><\/h3>\n\n<div class=\"wp-block-image\">\n<figure class=\"aligncenter size-full\"><a href=\"https:\/\/profesordefrancesenmadrid.com\/index.php\/delf-dalf-tcf\/dalf-c1-comprehension-orale\/\" target=\"_blank\" rel=\" noreferrer noopener\"><img data-recalc-dims=\"1\" loading=\"lazy\" decoding=\"async\" width=\"790\" height=\"444\" src=\"https:\/\/i0.wp.com\/profesordefrancesenmadrid.com\/wp-content\/uploads\/2025\/01\/comprehension-orale-c1-couve.jpg?resize=790%2C444&#038;ssl=1\" alt=\"Exemple pour la compr\u00e9hension orale de l'examen de DALF C1 avec PDF et corrig\u00e9 inclus (premi\u00e8re partie de la compr\u00e9hension).\" class=\"wp-image-13266\" srcset=\"https:\/\/i0.wp.com\/profesordefrancesenmadrid.com\/wp-content\/uploads\/2025\/01\/comprehension-orale-c1-couve.jpg?w=1024&amp;ssl=1 1024w, https:\/\/i0.wp.com\/profesordefrancesenmadrid.com\/wp-content\/uploads\/2025\/01\/comprehension-orale-c1-couve.jpg?resize=300%2C169&amp;ssl=1 300w, https:\/\/i0.wp.com\/profesordefrancesenmadrid.com\/wp-content\/uploads\/2025\/01\/comprehension-orale-c1-couve.jpg?resize=768%2C432&amp;ssl=1 768w\" sizes=\"auto, (max-width: 790px) 100vw, 790px\" \/><\/a><\/figure>\n<\/div>\n\n\n<hr class=\"wp-block-separator has-alpha-channel-opacity\"\/>\n","protected":false},"excerpt":{"rendered":"<p>&rarr; Compr&eacute;hension orale avec exemple corrig&eacute;, conseils et ressources<\/p>\n","protected":false},"author":3,"featured_media":13359,"parent":0,"menu_order":0,"comment_status":"closed","ping_status":"closed","template":"","meta":{"footnotes":""},"class_list":["post-13358","page","type-page","status-publish","has-post-thumbnail","hentry"],"yoast_head":"<!-- This site is optimized with the Yoast SEO plugin v27.3 - https:\/\/yoast.com\/product\/yoast-seo-wordpress\/ -->\n<title>DALF C1 - Ludovic Pedrocchi<\/title>\n<meta name=\"robots\" content=\"index, follow, max-snippet:-1, max-image-preview:large, max-video-preview:-1\" \/>\n<link rel=\"canonical\" href=\"https:\/\/profesordefrancesenmadrid.com\/index.php\/dalf-c1\/\" \/>\n<meta property=\"og:locale\" content=\"es_ES\" \/>\n<meta property=\"og:type\" content=\"article\" \/>\n<meta property=\"og:title\" content=\"DALF C1 - Ludovic Pedrocchi\" \/>\n<meta property=\"og:description\" content=\"&rarr; Compr&eacute;hension orale avec exemple corrig&eacute;, conseils et ressources\" \/>\n<meta property=\"og:url\" content=\"https:\/\/profesordefrancesenmadrid.com\/index.php\/dalf-c1\/\" \/>\n<meta property=\"og:site_name\" content=\"Ludovic Pedrocchi\" \/>\n<meta property=\"article:publisher\" content=\"https:\/\/www.facebook.com\/profesordefrancesenmadrid\" \/>\n<meta property=\"article:modified_time\" content=\"2025-02-06T15:50:15+00:00\" \/>\n<meta property=\"og:image\" content=\"https:\/\/profesordefrancesenmadrid.com\/wp-content\/uploads\/2025\/02\/Logo-c1.jpg\" \/>\n\t<meta property=\"og:image:width\" content=\"1024\" \/>\n\t<meta property=\"og:image:height\" content=\"576\" \/>\n\t<meta property=\"og:image:type\" content=\"image\/jpeg\" \/>\n<meta name=\"twitter:card\" content=\"summary_large_image\" \/>\n<meta name=\"twitter:site\" content=\"@ldpedrocchi\" \/>\n<meta name=\"twitter:label1\" content=\"Tiempo de lectura\" \/>\n\t<meta name=\"twitter:data1\" content=\"1 minuto\" \/>\n<script type=\"application\/ld+json\" class=\"yoast-schema-graph\">{\"@context\":\"https:\\\/\\\/schema.org\",\"@graph\":[{\"@type\":\"WebPage\",\"@id\":\"https:\\\/\\\/profesordefrancesenmadrid.com\\\/index.php\\\/dalf-c1\\\/\",\"url\":\"https:\\\/\\\/profesordefrancesenmadrid.com\\\/index.php\\\/dalf-c1\\\/\",\"name\":\"DALF C1 - Ludovic Pedrocchi\",\"isPartOf\":{\"@id\":\"https:\\\/\\\/profesordefrancesenmadrid.com\\\/#website\"},\"primaryImageOfPage\":{\"@id\":\"https:\\\/\\\/profesordefrancesenmadrid.com\\\/index.php\\\/dalf-c1\\\/#primaryimage\"},\"image\":{\"@id\":\"https:\\\/\\\/profesordefrancesenmadrid.com\\\/index.php\\\/dalf-c1\\\/#primaryimage\"},\"thumbnailUrl\":\"https:\\\/\\\/i0.wp.com\\\/profesordefrancesenmadrid.com\\\/wp-content\\\/uploads\\\/2025\\\/02\\\/Logo-c1.jpg?fit=1024%2C576&ssl=1\",\"datePublished\":\"2025-02-06T15:43:18+00:00\",\"dateModified\":\"2025-02-06T15:50:15+00:00\",\"breadcrumb\":{\"@id\":\"https:\\\/\\\/profesordefrancesenmadrid.com\\\/index.php\\\/dalf-c1\\\/#breadcrumb\"},\"inLanguage\":\"es\",\"potentialAction\":[{\"@type\":\"ReadAction\",\"target\":[\"https:\\\/\\\/profesordefrancesenmadrid.com\\\/index.php\\\/dalf-c1\\\/\"]}]},{\"@type\":\"ImageObject\",\"inLanguage\":\"es\",\"@id\":\"https:\\\/\\\/profesordefrancesenmadrid.com\\\/index.php\\\/dalf-c1\\\/#primaryimage\",\"url\":\"https:\\\/\\\/i0.wp.com\\\/profesordefrancesenmadrid.com\\\/wp-content\\\/uploads\\\/2025\\\/02\\\/Logo-c1.jpg?fit=1024%2C576&ssl=1\",\"contentUrl\":\"https:\\\/\\\/i0.wp.com\\\/profesordefrancesenmadrid.com\\\/wp-content\\\/uploads\\\/2025\\\/02\\\/Logo-c1.jpg?fit=1024%2C576&ssl=1\",\"width\":1024,\"height\":576},{\"@type\":\"BreadcrumbList\",\"@id\":\"https:\\\/\\\/profesordefrancesenmadrid.com\\\/index.php\\\/dalf-c1\\\/#breadcrumb\",\"itemListElement\":[{\"@type\":\"ListItem\",\"position\":1,\"name\":\"Accueil\",\"item\":\"https:\\\/\\\/profesordefrancesenmadrid.com\\\/\"},{\"@type\":\"ListItem\",\"position\":2,\"name\":\"DALF C1\"}]},{\"@type\":\"WebSite\",\"@id\":\"https:\\\/\\\/profesordefrancesenmadrid.com\\\/#website\",\"url\":\"https:\\\/\\\/profesordefrancesenmadrid.com\\\/\",\"name\":\"Ludovic Pedrocchi\",\"description\":\"Profesor de franc\u00e9s en Madrid desde 2007\",\"publisher\":{\"@id\":\"https:\\\/\\\/profesordefrancesenmadrid.com\\\/#organization\"},\"potentialAction\":[{\"@type\":\"SearchAction\",\"target\":{\"@type\":\"EntryPoint\",\"urlTemplate\":\"https:\\\/\\\/profesordefrancesenmadrid.com\\\/?s={search_term_string}\"},\"query-input\":{\"@type\":\"PropertyValueSpecification\",\"valueRequired\":true,\"valueName\":\"search_term_string\"}}],\"inLanguage\":\"es\"},{\"@type\":\"Organization\",\"@id\":\"https:\\\/\\\/profesordefrancesenmadrid.com\\\/#organization\",\"name\":\"Profesor de franc\u00e9s en Madrid\",\"url\":\"https:\\\/\\\/profesordefrancesenmadrid.com\\\/\",\"logo\":{\"@type\":\"ImageObject\",\"inLanguage\":\"es\",\"@id\":\"https:\\\/\\\/profesordefrancesenmadrid.com\\\/#\\\/schema\\\/logo\\\/image\\\/\",\"url\":\"https:\\\/\\\/i0.wp.com\\\/profesordefrancesenmadrid.com\\\/wp-content\\\/uploads\\\/2019\\\/11\\\/logo-retina4.png?fit=531%2C64&ssl=1\",\"contentUrl\":\"https:\\\/\\\/i0.wp.com\\\/profesordefrancesenmadrid.com\\\/wp-content\\\/uploads\\\/2019\\\/11\\\/logo-retina4.png?fit=531%2C64&ssl=1\",\"width\":531,\"height\":64,\"caption\":\"Profesor de franc\u00e9s en Madrid\"},\"image\":{\"@id\":\"https:\\\/\\\/profesordefrancesenmadrid.com\\\/#\\\/schema\\\/logo\\\/image\\\/\"},\"sameAs\":[\"https:\\\/\\\/www.facebook.com\\\/profesordefrancesenmadrid\",\"https:\\\/\\\/x.com\\\/ldpedrocchi\",\"https:\\\/\\\/www.instagram.com\\\/ludovicpedrocchi\\\/\",\"https:\\\/\\\/www.linkedin.com\\\/company\\\/profesordefrancesenmadrid\\\/\",\"https:\\\/\\\/www.youtube.com\\\/channel\\\/UCDJoG_2eg4zNu5TEKKnWeOQ\"]}]}<\/script>\n<!-- \/ Yoast SEO plugin. -->","yoast_head_json":{"title":"DALF C1 - Ludovic Pedrocchi","robots":{"index":"index","follow":"follow","max-snippet":"max-snippet:-1","max-image-preview":"max-image-preview:large","max-video-preview":"max-video-preview:-1"},"canonical":"https:\/\/profesordefrancesenmadrid.com\/index.php\/dalf-c1\/","og_locale":"es_ES","og_type":"article","og_title":"DALF C1 - Ludovic Pedrocchi","og_description":"&rarr; Compr&eacute;hension orale avec exemple corrig&eacute;, conseils et ressources","og_url":"https:\/\/profesordefrancesenmadrid.com\/index.php\/dalf-c1\/","og_site_name":"Ludovic Pedrocchi","article_publisher":"https:\/\/www.facebook.com\/profesordefrancesenmadrid","article_modified_time":"2025-02-06T15:50:15+00:00","og_image":[{"width":1024,"height":576,"url":"https:\/\/profesordefrancesenmadrid.com\/wp-content\/uploads\/2025\/02\/Logo-c1.jpg","type":"image\/jpeg"}],"twitter_card":"summary_large_image","twitter_site":"@ldpedrocchi","twitter_misc":{"Tiempo de lectura":"1 minuto"},"schema":{"@context":"https:\/\/schema.org","@graph":[{"@type":"WebPage","@id":"https:\/\/profesordefrancesenmadrid.com\/index.php\/dalf-c1\/","url":"https:\/\/profesordefrancesenmadrid.com\/index.php\/dalf-c1\/","name":"DALF C1 - Ludovic Pedrocchi","isPartOf":{"@id":"https:\/\/profesordefrancesenmadrid.com\/#website"},"primaryImageOfPage":{"@id":"https:\/\/profesordefrancesenmadrid.com\/index.php\/dalf-c1\/#primaryimage"},"image":{"@id":"https:\/\/profesordefrancesenmadrid.com\/index.php\/dalf-c1\/#primaryimage"},"thumbnailUrl":"https:\/\/i0.wp.com\/profesordefrancesenmadrid.com\/wp-content\/uploads\/2025\/02\/Logo-c1.jpg?fit=1024%2C576&ssl=1","datePublished":"2025-02-06T15:43:18+00:00","dateModified":"2025-02-06T15:50:15+00:00","breadcrumb":{"@id":"https:\/\/profesordefrancesenmadrid.com\/index.php\/dalf-c1\/#breadcrumb"},"inLanguage":"es","potentialAction":[{"@type":"ReadAction","target":["https:\/\/profesordefrancesenmadrid.com\/index.php\/dalf-c1\/"]}]},{"@type":"ImageObject","inLanguage":"es","@id":"https:\/\/profesordefrancesenmadrid.com\/index.php\/dalf-c1\/#primaryimage","url":"https:\/\/i0.wp.com\/profesordefrancesenmadrid.com\/wp-content\/uploads\/2025\/02\/Logo-c1.jpg?fit=1024%2C576&ssl=1","contentUrl":"https:\/\/i0.wp.com\/profesordefrancesenmadrid.com\/wp-content\/uploads\/2025\/02\/Logo-c1.jpg?fit=1024%2C576&ssl=1","width":1024,"height":576},{"@type":"BreadcrumbList","@id":"https:\/\/profesordefrancesenmadrid.com\/index.php\/dalf-c1\/#breadcrumb","itemListElement":[{"@type":"ListItem","position":1,"name":"Accueil","item":"https:\/\/profesordefrancesenmadrid.com\/"},{"@type":"ListItem","position":2,"name":"DALF C1"}]},{"@type":"WebSite","@id":"https:\/\/profesordefrancesenmadrid.com\/#website","url":"https:\/\/profesordefrancesenmadrid.com\/","name":"Ludovic Pedrocchi","description":"Profesor de franc\u00e9s en Madrid desde 2007","publisher":{"@id":"https:\/\/profesordefrancesenmadrid.com\/#organization"},"potentialAction":[{"@type":"SearchAction","target":{"@type":"EntryPoint","urlTemplate":"https:\/\/profesordefrancesenmadrid.com\/?s={search_term_string}"},"query-input":{"@type":"PropertyValueSpecification","valueRequired":true,"valueName":"search_term_string"}}],"inLanguage":"es"},{"@type":"Organization","@id":"https:\/\/profesordefrancesenmadrid.com\/#organization","name":"Profesor de franc\u00e9s en Madrid","url":"https:\/\/profesordefrancesenmadrid.com\/","logo":{"@type":"ImageObject","inLanguage":"es","@id":"https:\/\/profesordefrancesenmadrid.com\/#\/schema\/logo\/image\/","url":"https:\/\/i0.wp.com\/profesordefrancesenmadrid.com\/wp-content\/uploads\/2019\/11\/logo-retina4.png?fit=531%2C64&ssl=1","contentUrl":"https:\/\/i0.wp.com\/profesordefrancesenmadrid.com\/wp-content\/uploads\/2019\/11\/logo-retina4.png?fit=531%2C64&ssl=1","width":531,"height":64,"caption":"Profesor de franc\u00e9s en Madrid"},"image":{"@id":"https:\/\/profesordefrancesenmadrid.com\/#\/schema\/logo\/image\/"},"sameAs":["https:\/\/www.facebook.com\/profesordefrancesenmadrid","https:\/\/x.com\/ldpedrocchi","https:\/\/www.instagram.com\/ludovicpedrocchi\/","https:\/\/www.linkedin.com\/company\/profesordefrancesenmadrid\/","https:\/\/www.youtube.com\/channel\/UCDJoG_2eg4zNu5TEKKnWeOQ"]}]}},"jetpack_sharing_enabled":true,"jetpack_likes_enabled":true,"jetpack-related-posts":[],"rttpg_featured_image_url":{"full":["https:\/\/i0.wp.com\/profesordefrancesenmadrid.com\/wp-content\/uploads\/2025\/02\/Logo-c1.jpg?fit=1024%2C576&ssl=1",1024,576,false],"landscape":["https:\/\/profesordefrancesenmadrid.com\/wp-content\/uploads\/2025\/02\/Logo-c1.jpg",1024,576,false],"portraits":["https:\/\/profesordefrancesenmadrid.com\/wp-content\/uploads\/2025\/02\/Logo-c1.jpg",1024,576,false],"thumbnail":["https:\/\/i0.wp.com\/profesordefrancesenmadrid.com\/wp-content\/uploads\/2025\/02\/Logo-c1.jpg?resize=150%2C150&ssl=1",150,150,true],"medium":["https:\/\/i0.wp.com\/profesordefrancesenmadrid.com\/wp-content\/uploads\/2025\/02\/Logo-c1.jpg?fit=300%2C169&ssl=1",300,169,true],"large":["https:\/\/i0.wp.com\/profesordefrancesenmadrid.com\/wp-content\/uploads\/2025\/02\/Logo-c1.jpg?fit=790%2C444&ssl=1",790,444,true],"1536x1536":["https:\/\/i0.wp.com\/profesordefrancesenmadrid.com\/wp-content\/uploads\/2025\/02\/Logo-c1.jpg?fit=1024%2C576&ssl=1",1024,576,true],"2048x2048":["https:\/\/i0.wp.com\/profesordefrancesenmadrid.com\/wp-content\/uploads\/2025\/02\/Logo-c1.jpg?fit=1024%2C576&ssl=1",1024,576,true],"screenr-blog-grid-small":["https:\/\/i0.wp.com\/profesordefrancesenmadrid.com\/wp-content\/uploads\/2025\/02\/Logo-c1.jpg?resize=350%2C200&ssl=1",350,200,true],"screenr-blog-grid":["https:\/\/i0.wp.com\/profesordefrancesenmadrid.com\/wp-content\/uploads\/2025\/02\/Logo-c1.jpg?resize=540%2C300&ssl=1",540,300,true],"screenr-blog-list":["https:\/\/i0.wp.com\/profesordefrancesenmadrid.com\/wp-content\/uploads\/2025\/02\/Logo-c1.jpg?resize=790%2C400&ssl=1",790,400,true],"screenr-service-small":["https:\/\/i0.wp.com\/profesordefrancesenmadrid.com\/wp-content\/uploads\/2025\/02\/Logo-c1.jpg?resize=538%2C280&ssl=1",538,280,true],"screenr-thumbnail-team":["https:\/\/i0.wp.com\/profesordefrancesenmadrid.com\/wp-content\/uploads\/2025\/02\/Logo-c1.jpg?resize=340%2C220&ssl=1",340,220,true]},"rttpg_author":{"display_name":"Ludovic Pedrocchi","author_link":"https:\/\/profesordefrancesenmadrid.com\/index.php\/author\/ludovicpedrocchi\/"},"rttpg_comment":0,"rttpg_category":null,"rttpg_excerpt":"&rarr; Compr&eacute;hension orale avec exemple corrig&eacute;, conseils et ressources","_links":{"self":[{"href":"https:\/\/profesordefrancesenmadrid.com\/index.php\/wp-json\/wp\/v2\/pages\/13358","targetHints":{"allow":["GET"]}}],"collection":[{"href":"https:\/\/profesordefrancesenmadrid.com\/index.php\/wp-json\/wp\/v2\/pages"}],"about":[{"href":"https:\/\/profesordefrancesenmadrid.com\/index.php\/wp-json\/wp\/v2\/types\/page"}],"author":[{"embeddable":true,"href":"https:\/\/profesordefrancesenmadrid.com\/index.php\/wp-json\/wp\/v2\/users\/3"}],"replies":[{"embeddable":true,"href":"https:\/\/profesordefrancesenmadrid.com\/index.php\/wp-json\/wp\/v2\/comments?post=13358"}],"version-history":[{"count":2,"href":"https:\/\/profesordefrancesenmadrid.com\/index.php\/wp-json\/wp\/v2\/pages\/13358\/revisions"}],"predecessor-version":[{"id":13363,"href":"https:\/\/profesordefrancesenmadrid.com\/index.php\/wp-json\/wp\/v2\/pages\/13358\/revisions\/13363"}],"wp:featuredmedia":[{"embeddable":true,"href":"https:\/\/profesordefrancesenmadrid.com\/index.php\/wp-json\/wp\/v2\/media\/13359"}],"wp:attachment":[{"href":"https:\/\/profesordefrancesenmadrid.com\/index.php\/wp-json\/wp\/v2\/media?parent=13358"}],"curies":[{"name":"wp","href":"https:\/\/api.w.org\/{rel}","templated":true}]}}