{"id":1237,"date":"2019-11-09T14:16:48","date_gmt":"2019-11-09T13:16:48","guid":{"rendered":"http:\/\/profesordefrancesenmadrid.com\/?page_id=1237"},"modified":"2021-02-14T14:47:37","modified_gmt":"2021-02-14T13:47:37","slug":"playlist","status":"publish","type":"page","link":"https:\/\/profesordefrancesenmadrid.com\/index.php\/playlist\/","title":{"rendered":"Playlist"},"content":{"rendered":"\n<h6 class=\"has-text-align-center wp-block-heading\">NO HAY NADA MEJOR PARA PERFECCIONAR <a>TU FRANC\u00c9S<\/a> QUE ESCUCHAR MI LISTA DE CANCIONES DEL MES<\/h6>\n\n\n\n<h3 class=\"has-text-align-center wp-block-heading\">Mi lista de canciones 100% francesa especial St-Valentin<\/h3>\n\n\n\n<p class=\"has-text-align-center has-large-font-size\">PLAYLIST &#8211; TOP 6<\/p>\n\n\n\n[embedyt] https:\/\/www.youtube.com\/embed?listType=playlist&amp;list=PLRfhbAs4MUtqPAfsSe1w0VzGW7LbdhFmx&amp;layout=gallery[\/embedyt]\n\n\n<article id=\"post-1914\" class=\"post-1914 post type-post status-publish format-standard has-post-thumbnail hentry category-cultura-francesa-en-madrid category-toutes-les-playlists\">\n<div class=\"entry-content\">\n<h2><img loading=\"lazy\" decoding=\"async\" class=\"alignnone size-full wp-image-1917\" src=\"https:\/\/i0.wp.com\/profesordefrancesenmadrid.com\/wp-content\/uploads\/2020\/01\/spain-flag-icon-64.png?resize=64%2C43\" alt=\"\" width=\"64\" height=\"43\" \/> VE<\/h2>\n<p>\u00a1Buena escucha y feliz mes de febrero para todos!<\/p>\n<p>No dud\u00e9is en dejar comentarios sobre vuestros t\u00edtulos favoritos.<\/p>\n<div>\n<h6><strong>Mathieu de Kubi<\/strong><\/h6>\n<\/div>\n<div><hr \/><\/div>\n<h2><img loading=\"lazy\" decoding=\"async\" class=\"alignnone size-full wp-image-1916\" src=\"https:\/\/i1.wp.com\/profesordefrancesenmadrid.com\/wp-content\/uploads\/2020\/01\/france-flag-icon-64.png?resize=64%2C43\" alt=\"\" width=\"64\" height=\"43\" \/> VF<\/h2>\n<div class=\"\">Bonne \u00e9coute et bonne St Valentin \u00e0 tous !<\/div>\n<div>\u00a0<\/div>\n<div class=\"\">N\u2019h\u00e9sitez pas \u00e0 laisser des commentaires sur vos titres pr\u00e9f\u00e9r\u00e9s<\/div>\n<div>\u00a0<\/div>\n<h6><strong>Mathieu de Kubi<\/strong><\/h6>\n<hr \/>\n<h2>PLAYLIST<\/h2>\n<ol>\n<li>\n<h3>Johnny Hallyday \u2013 Je te promets<\/h3>\n<\/li>\n<li>\n<h3>Julien Clerc \u2013 Ma pr\u00e9f\u00e9rence<\/h3>\n<\/li>\n<li>\n<h3>Daniel L\u00e9vi \u2013 L\u2019envie d\u2019aimer<\/h3>\n<\/li>\n<li>\n<h3>Francis Cabrel \u2013 Je l\u2019aime \u00e0 mourir<\/h3>\n<\/li>\n<li>\n<h3>Florent Pagny \u2013 Savoir aimer<\/h3>\n<\/li>\n<li>\n<h3>Axelle Red \u2013 Sensualit\u00e9<\/h3>\n<\/li>\n<\/ol>\n<\/div>\n<\/article>\n<h3>RETROUVEZ TOUTES MES PLAYLISTS SUR :<\/h3>\n<ul>\n<li><a href=\"https:\/\/www.youtube.com\/channel\/UCDJoG_2eg4zNu5TEKKnWeOQ\" target=\"_blank\" rel=\"noopener noreferrer\">LA CHAINE YOUTUBE PROFESSOR DE FRANCES EN MADRID.COM<\/a><\/li>\n<li><a href=\"https:\/\/profesordefrancesenmadrid.com\/index.php\/playlist\/\" target=\"_blank\" rel=\"noopener noreferrer\">LA PAGE PROFESOR DE FRANCES EN MADRID\u00a0<\/a><\/li>\n<li><a href=\"https:\/\/www.facebook.com\/mathieudekubi\" target=\"_blank\" rel=\"noopener noreferrer\">MA PAGE FACEBOOK MATHIEU DE KUBI<\/a><\/li>\n<\/ul>","protected":false},"excerpt":{"rendered":"<p>NO HAY NADA MEJOR PARA PERFECCIONAR TU FRANC&Eacute;S QUE ESCUCHAR MI LISTA DE CANCIONES DEL MES Mi lista de canciones 100% francesa especial St-Valentin PLAYLIST &ndash; TOP 6 VE &iexcl;Buena escucha y feliz mes de febrero para todos! No dud&eacute;is en dejar comentarios sobre vuestros t&iacute;tulos favoritos. Mathieu de Kubi&#8230;<\/p>\n","protected":false},"author":4,"featured_media":5586,"parent":0,"menu_order":0,"comment_status":"closed","ping_status":"closed","template":"","meta":{"footnotes":""},"class_list":["post-1237","page","type-page","status-publish","has-post-thumbnail","hentry"],"yoast_head":"<!-- This site is optimized with the Yoast SEO plugin v27.3 - https:\/\/yoast.com\/product\/yoast-seo-wordpress\/ -->\n<title>Playlist - Ludovic Pedrocchi - Profesor de Franc\u00e9s en Madrid<\/title>\n<meta name=\"description\" content=\"Para febrero os he preparado una lista de reproducci\u00f3n con m\u00fasica 100% francesa de ayer, hoy y siempre sin pasar por alto el d\u00eda de San Valent\u00edn.\u00a1Buena escucha y feliz mes de febrero para todos!No dud\u00e9is en dejar comentarios sobre vuestros t\u00edtulos favoritos.\" \/>\n<meta name=\"robots\" content=\"index, follow, max-snippet:-1, max-image-preview:large, max-video-preview:-1\" \/>\n<link rel=\"canonical\" href=\"https:\/\/profesordefrancesenmadrid.com\/index.php\/playlist\/\" \/>\n<meta property=\"og:locale\" content=\"es_ES\" \/>\n<meta property=\"og:type\" content=\"article\" \/>\n<meta property=\"og:title\" content=\"Playlist - Ludovic Pedrocchi - Profesor de Franc\u00e9s en Madrid\" \/>\n<meta property=\"og:description\" content=\"Para febrero os he preparado una lista de reproducci\u00f3n con m\u00fasica 100% francesa de ayer, hoy y siempre sin pasar por alto el d\u00eda de San Valent\u00edn.\u00a1Buena escucha y feliz mes de febrero para todos!No dud\u00e9is en dejar comentarios sobre vuestros t\u00edtulos favoritos.\" \/>\n<meta property=\"og:url\" content=\"https:\/\/profesordefrancesenmadrid.com\/index.php\/playlist\/\" \/>\n<meta property=\"og:site_name\" content=\"Ludovic Pedrocchi\" \/>\n<meta property=\"article:publisher\" content=\"https:\/\/www.facebook.com\/profesordefrancesenmadrid\" \/>\n<meta property=\"article:modified_time\" content=\"2021-02-14T13:47:37+00:00\" \/>\n<meta property=\"og:image\" content=\"https:\/\/i2.wp.com\/profesordefrancesenmadrid.com\/wp-content\/uploads\/2021\/02\/PLAYLIST-ST-VALENTIN-2021.png?fit=1200%2C700&ssl=1\" \/>\n\t<meta property=\"og:image:width\" content=\"1200\" \/>\n\t<meta property=\"og:image:height\" content=\"700\" \/>\n\t<meta property=\"og:image:type\" content=\"image\/png\" \/>\n<meta name=\"twitter:card\" content=\"summary_large_image\" \/>\n<meta name=\"twitter:site\" content=\"@ldpedrocchi\" \/>\n<meta name=\"twitter:label1\" content=\"Tiempo de lectura\" \/>\n\t<meta name=\"twitter:data1\" content=\"1 minuto\" \/>\n<script type=\"application\/ld+json\" class=\"yoast-schema-graph\">{\"@context\":\"https:\\\/\\\/schema.org\",\"@graph\":[{\"@type\":\"WebPage\",\"@id\":\"https:\\\/\\\/profesordefrancesenmadrid.com\\\/index.php\\\/playlist\\\/\",\"url\":\"https:\\\/\\\/profesordefrancesenmadrid.com\\\/index.php\\\/playlist\\\/\",\"name\":\"Playlist - Ludovic Pedrocchi - Profesor de Franc\u00e9s en Madrid\",\"isPartOf\":{\"@id\":\"https:\\\/\\\/profesordefrancesenmadrid.com\\\/#website\"},\"primaryImageOfPage\":{\"@id\":\"https:\\\/\\\/profesordefrancesenmadrid.com\\\/index.php\\\/playlist\\\/#primaryimage\"},\"image\":{\"@id\":\"https:\\\/\\\/profesordefrancesenmadrid.com\\\/index.php\\\/playlist\\\/#primaryimage\"},\"thumbnailUrl\":\"https:\\\/\\\/i0.wp.com\\\/profesordefrancesenmadrid.com\\\/wp-content\\\/uploads\\\/2021\\\/02\\\/PLAYLIST-ST-VALENTIN-2021.png?fit=1200%2C700&ssl=1\",\"datePublished\":\"2019-11-09T13:16:48+00:00\",\"dateModified\":\"2021-02-14T13:47:37+00:00\",\"description\":\"Para febrero os he preparado una lista de reproducci\u00f3n con m\u00fasica 100% francesa de ayer, hoy y siempre sin pasar por alto el d\u00eda de San Valent\u00edn.\u00a1Buena escucha y feliz mes de febrero para todos!No dud\u00e9is en dejar comentarios sobre vuestros t\u00edtulos favoritos.\",\"breadcrumb\":{\"@id\":\"https:\\\/\\\/profesordefrancesenmadrid.com\\\/index.php\\\/playlist\\\/#breadcrumb\"},\"inLanguage\":\"es\",\"potentialAction\":[{\"@type\":\"ReadAction\",\"target\":[\"https:\\\/\\\/profesordefrancesenmadrid.com\\\/index.php\\\/playlist\\\/\"]}]},{\"@type\":\"ImageObject\",\"inLanguage\":\"es\",\"@id\":\"https:\\\/\\\/profesordefrancesenmadrid.com\\\/index.php\\\/playlist\\\/#primaryimage\",\"url\":\"https:\\\/\\\/i0.wp.com\\\/profesordefrancesenmadrid.com\\\/wp-content\\\/uploads\\\/2021\\\/02\\\/PLAYLIST-ST-VALENTIN-2021.png?fit=1200%2C700&ssl=1\",\"contentUrl\":\"https:\\\/\\\/i0.wp.com\\\/profesordefrancesenmadrid.com\\\/wp-content\\\/uploads\\\/2021\\\/02\\\/PLAYLIST-ST-VALENTIN-2021.png?fit=1200%2C700&ssl=1\",\"width\":1200,\"height\":700,\"caption\":\"especial St-Valentin\"},{\"@type\":\"BreadcrumbList\",\"@id\":\"https:\\\/\\\/profesordefrancesenmadrid.com\\\/index.php\\\/playlist\\\/#breadcrumb\",\"itemListElement\":[{\"@type\":\"ListItem\",\"position\":1,\"name\":\"Accueil\",\"item\":\"https:\\\/\\\/profesordefrancesenmadrid.com\\\/\"},{\"@type\":\"ListItem\",\"position\":2,\"name\":\"Playlist\"}]},{\"@type\":\"WebSite\",\"@id\":\"https:\\\/\\\/profesordefrancesenmadrid.com\\\/#website\",\"url\":\"https:\\\/\\\/profesordefrancesenmadrid.com\\\/\",\"name\":\"Ludovic Pedrocchi\",\"description\":\"Profesor de franc\u00e9s en Madrid desde 2007\",\"publisher\":{\"@id\":\"https:\\\/\\\/profesordefrancesenmadrid.com\\\/#organization\"},\"potentialAction\":[{\"@type\":\"SearchAction\",\"target\":{\"@type\":\"EntryPoint\",\"urlTemplate\":\"https:\\\/\\\/profesordefrancesenmadrid.com\\\/?s={search_term_string}\"},\"query-input\":{\"@type\":\"PropertyValueSpecification\",\"valueRequired\":true,\"valueName\":\"search_term_string\"}}],\"inLanguage\":\"es\"},{\"@type\":\"Organization\",\"@id\":\"https:\\\/\\\/profesordefrancesenmadrid.com\\\/#organization\",\"name\":\"Profesor de franc\u00e9s en Madrid\",\"url\":\"https:\\\/\\\/profesordefrancesenmadrid.com\\\/\",\"logo\":{\"@type\":\"ImageObject\",\"inLanguage\":\"es\",\"@id\":\"https:\\\/\\\/profesordefrancesenmadrid.com\\\/#\\\/schema\\\/logo\\\/image\\\/\",\"url\":\"https:\\\/\\\/i0.wp.com\\\/profesordefrancesenmadrid.com\\\/wp-content\\\/uploads\\\/2019\\\/11\\\/logo-retina4.png?fit=531%2C64&ssl=1\",\"contentUrl\":\"https:\\\/\\\/i0.wp.com\\\/profesordefrancesenmadrid.com\\\/wp-content\\\/uploads\\\/2019\\\/11\\\/logo-retina4.png?fit=531%2C64&ssl=1\",\"width\":531,\"height\":64,\"caption\":\"Profesor de franc\u00e9s en Madrid\"},\"image\":{\"@id\":\"https:\\\/\\\/profesordefrancesenmadrid.com\\\/#\\\/schema\\\/logo\\\/image\\\/\"},\"sameAs\":[\"https:\\\/\\\/www.facebook.com\\\/profesordefrancesenmadrid\",\"https:\\\/\\\/x.com\\\/ldpedrocchi\",\"https:\\\/\\\/www.instagram.com\\\/ludovicpedrocchi\\\/\",\"https:\\\/\\\/www.linkedin.com\\\/company\\\/profesordefrancesenmadrid\\\/\",\"https:\\\/\\\/www.youtube.com\\\/channel\\\/UCDJoG_2eg4zNu5TEKKnWeOQ\"]}]}<\/script>\n<!-- \/ Yoast SEO plugin. -->","yoast_head_json":{"title":"Playlist - Ludovic Pedrocchi - Profesor de Franc\u00e9s en Madrid","description":"Para febrero os he preparado una lista de reproducci\u00f3n con m\u00fasica 100% francesa de ayer, hoy y siempre sin pasar por alto el d\u00eda de San Valent\u00edn.\u00a1Buena escucha y feliz mes de febrero para todos!No dud\u00e9is en dejar comentarios sobre vuestros t\u00edtulos favoritos.","robots":{"index":"index","follow":"follow","max-snippet":"max-snippet:-1","max-image-preview":"max-image-preview:large","max-video-preview":"max-video-preview:-1"},"canonical":"https:\/\/profesordefrancesenmadrid.com\/index.php\/playlist\/","og_locale":"es_ES","og_type":"article","og_title":"Playlist - Ludovic Pedrocchi - Profesor de Franc\u00e9s en Madrid","og_description":"Para febrero os he preparado una lista de reproducci\u00f3n con m\u00fasica 100% francesa de ayer, hoy y siempre sin pasar por alto el d\u00eda de San Valent\u00edn.\u00a1Buena escucha y feliz mes de febrero para todos!No dud\u00e9is en dejar comentarios sobre vuestros t\u00edtulos favoritos.","og_url":"https:\/\/profesordefrancesenmadrid.com\/index.php\/playlist\/","og_site_name":"Ludovic Pedrocchi","article_publisher":"https:\/\/www.facebook.com\/profesordefrancesenmadrid","article_modified_time":"2021-02-14T13:47:37+00:00","og_image":[{"width":1200,"height":700,"url":"https:\/\/i2.wp.com\/profesordefrancesenmadrid.com\/wp-content\/uploads\/2021\/02\/PLAYLIST-ST-VALENTIN-2021.png?fit=1200%2C700&ssl=1","type":"image\/png"}],"twitter_card":"summary_large_image","twitter_site":"@ldpedrocchi","twitter_misc":{"Tiempo de lectura":"1 minuto"},"schema":{"@context":"https:\/\/schema.org","@graph":[{"@type":"WebPage","@id":"https:\/\/profesordefrancesenmadrid.com\/index.php\/playlist\/","url":"https:\/\/profesordefrancesenmadrid.com\/index.php\/playlist\/","name":"Playlist - Ludovic Pedrocchi - Profesor de Franc\u00e9s en Madrid","isPartOf":{"@id":"https:\/\/profesordefrancesenmadrid.com\/#website"},"primaryImageOfPage":{"@id":"https:\/\/profesordefrancesenmadrid.com\/index.php\/playlist\/#primaryimage"},"image":{"@id":"https:\/\/profesordefrancesenmadrid.com\/index.php\/playlist\/#primaryimage"},"thumbnailUrl":"https:\/\/i0.wp.com\/profesordefrancesenmadrid.com\/wp-content\/uploads\/2021\/02\/PLAYLIST-ST-VALENTIN-2021.png?fit=1200%2C700&ssl=1","datePublished":"2019-11-09T13:16:48+00:00","dateModified":"2021-02-14T13:47:37+00:00","description":"Para febrero os he preparado una lista de reproducci\u00f3n con m\u00fasica 100% francesa de ayer, hoy y siempre sin pasar por alto el d\u00eda de San Valent\u00edn.\u00a1Buena escucha y feliz mes de febrero para todos!No dud\u00e9is en dejar comentarios sobre vuestros t\u00edtulos favoritos.","breadcrumb":{"@id":"https:\/\/profesordefrancesenmadrid.com\/index.php\/playlist\/#breadcrumb"},"inLanguage":"es","potentialAction":[{"@type":"ReadAction","target":["https:\/\/profesordefrancesenmadrid.com\/index.php\/playlist\/"]}]},{"@type":"ImageObject","inLanguage":"es","@id":"https:\/\/profesordefrancesenmadrid.com\/index.php\/playlist\/#primaryimage","url":"https:\/\/i0.wp.com\/profesordefrancesenmadrid.com\/wp-content\/uploads\/2021\/02\/PLAYLIST-ST-VALENTIN-2021.png?fit=1200%2C700&ssl=1","contentUrl":"https:\/\/i0.wp.com\/profesordefrancesenmadrid.com\/wp-content\/uploads\/2021\/02\/PLAYLIST-ST-VALENTIN-2021.png?fit=1200%2C700&ssl=1","width":1200,"height":700,"caption":"especial St-Valentin"},{"@type":"BreadcrumbList","@id":"https:\/\/profesordefrancesenmadrid.com\/index.php\/playlist\/#breadcrumb","itemListElement":[{"@type":"ListItem","position":1,"name":"Accueil","item":"https:\/\/profesordefrancesenmadrid.com\/"},{"@type":"ListItem","position":2,"name":"Playlist"}]},{"@type":"WebSite","@id":"https:\/\/profesordefrancesenmadrid.com\/#website","url":"https:\/\/profesordefrancesenmadrid.com\/","name":"Ludovic Pedrocchi","description":"Profesor de franc\u00e9s en Madrid desde 2007","publisher":{"@id":"https:\/\/profesordefrancesenmadrid.com\/#organization"},"potentialAction":[{"@type":"SearchAction","target":{"@type":"EntryPoint","urlTemplate":"https:\/\/profesordefrancesenmadrid.com\/?s={search_term_string}"},"query-input":{"@type":"PropertyValueSpecification","valueRequired":true,"valueName":"search_term_string"}}],"inLanguage":"es"},{"@type":"Organization","@id":"https:\/\/profesordefrancesenmadrid.com\/#organization","name":"Profesor de franc\u00e9s en Madrid","url":"https:\/\/profesordefrancesenmadrid.com\/","logo":{"@type":"ImageObject","inLanguage":"es","@id":"https:\/\/profesordefrancesenmadrid.com\/#\/schema\/logo\/image\/","url":"https:\/\/i0.wp.com\/profesordefrancesenmadrid.com\/wp-content\/uploads\/2019\/11\/logo-retina4.png?fit=531%2C64&ssl=1","contentUrl":"https:\/\/i0.wp.com\/profesordefrancesenmadrid.com\/wp-content\/uploads\/2019\/11\/logo-retina4.png?fit=531%2C64&ssl=1","width":531,"height":64,"caption":"Profesor de franc\u00e9s en Madrid"},"image":{"@id":"https:\/\/profesordefrancesenmadrid.com\/#\/schema\/logo\/image\/"},"sameAs":["https:\/\/www.facebook.com\/profesordefrancesenmadrid","https:\/\/x.com\/ldpedrocchi","https:\/\/www.instagram.com\/ludovicpedrocchi\/","https:\/\/www.linkedin.com\/company\/profesordefrancesenmadrid\/","https:\/\/www.youtube.com\/channel\/UCDJoG_2eg4zNu5TEKKnWeOQ"]}]}},"jetpack_sharing_enabled":true,"jetpack_likes_enabled":true,"jetpack-related-posts":[],"rttpg_featured_image_url":{"full":["https:\/\/i0.wp.com\/profesordefrancesenmadrid.com\/wp-content\/uploads\/2021\/02\/PLAYLIST-ST-VALENTIN-2021.png?fit=1200%2C700&ssl=1",1200,700,false],"landscape":["https:\/\/profesordefrancesenmadrid.com\/wp-content\/uploads\/2021\/02\/PLAYLIST-ST-VALENTIN-2021.png",1200,700,false],"portraits":["https:\/\/profesordefrancesenmadrid.com\/wp-content\/uploads\/2021\/02\/PLAYLIST-ST-VALENTIN-2021.png",1200,700,false],"thumbnail":["https:\/\/i0.wp.com\/profesordefrancesenmadrid.com\/wp-content\/uploads\/2021\/02\/PLAYLIST-ST-VALENTIN-2021.png?resize=150%2C150&ssl=1",150,150,true],"medium":["https:\/\/i0.wp.com\/profesordefrancesenmadrid.com\/wp-content\/uploads\/2021\/02\/PLAYLIST-ST-VALENTIN-2021.png?fit=300%2C175&ssl=1",300,175,true],"large":["https:\/\/i0.wp.com\/profesordefrancesenmadrid.com\/wp-content\/uploads\/2021\/02\/PLAYLIST-ST-VALENTIN-2021.png?fit=790%2C461&ssl=1",790,461,true],"1536x1536":["https:\/\/i0.wp.com\/profesordefrancesenmadrid.com\/wp-content\/uploads\/2021\/02\/PLAYLIST-ST-VALENTIN-2021.png?fit=1200%2C700&ssl=1",1200,700,true],"2048x2048":["https:\/\/i0.wp.com\/profesordefrancesenmadrid.com\/wp-content\/uploads\/2021\/02\/PLAYLIST-ST-VALENTIN-2021.png?fit=1200%2C700&ssl=1",1200,700,true],"screenr-blog-grid-small":["https:\/\/i0.wp.com\/profesordefrancesenmadrid.com\/wp-content\/uploads\/2021\/02\/PLAYLIST-ST-VALENTIN-2021.png?resize=350%2C200&ssl=1",350,200,true],"screenr-blog-grid":["https:\/\/i0.wp.com\/profesordefrancesenmadrid.com\/wp-content\/uploads\/2021\/02\/PLAYLIST-ST-VALENTIN-2021.png?resize=540%2C300&ssl=1",540,300,true],"screenr-blog-list":["https:\/\/i0.wp.com\/profesordefrancesenmadrid.com\/wp-content\/uploads\/2021\/02\/PLAYLIST-ST-VALENTIN-2021.png?resize=790%2C400&ssl=1",790,400,true],"screenr-service-small":["https:\/\/i0.wp.com\/profesordefrancesenmadrid.com\/wp-content\/uploads\/2021\/02\/PLAYLIST-ST-VALENTIN-2021.png?resize=538%2C280&ssl=1",538,280,true],"screenr-thumbnail-team":["https:\/\/i0.wp.com\/profesordefrancesenmadrid.com\/wp-content\/uploads\/2021\/02\/PLAYLIST-ST-VALENTIN-2021.png?resize=340%2C220&ssl=1",340,220,true]},"rttpg_author":{"display_name":"Mathieu de Kubi","author_link":"https:\/\/profesordefrancesenmadrid.com\/index.php\/author\/mathieudekubi\/"},"rttpg_comment":0,"rttpg_category":null,"rttpg_excerpt":"NO HAY NADA MEJOR PARA PERFECCIONAR TU FRANC&Eacute;S QUE ESCUCHAR MI LISTA DE CANCIONES DEL MES Mi lista de canciones 100% francesa especial St-Valentin PLAYLIST &ndash; TOP 6 VE &iexcl;Buena escucha y feliz mes de febrero para todos! No dud&eacute;is en dejar comentarios sobre vuestros t&iacute;tulos favoritos. Mathieu de Kubi...","_links":{"self":[{"href":"https:\/\/profesordefrancesenmadrid.com\/index.php\/wp-json\/wp\/v2\/pages\/1237","targetHints":{"allow":["GET"]}}],"collection":[{"href":"https:\/\/profesordefrancesenmadrid.com\/index.php\/wp-json\/wp\/v2\/pages"}],"about":[{"href":"https:\/\/profesordefrancesenmadrid.com\/index.php\/wp-json\/wp\/v2\/types\/page"}],"author":[{"embeddable":true,"href":"https:\/\/profesordefrancesenmadrid.com\/index.php\/wp-json\/wp\/v2\/users\/4"}],"replies":[{"embeddable":true,"href":"https:\/\/profesordefrancesenmadrid.com\/index.php\/wp-json\/wp\/v2\/comments?post=1237"}],"version-history":[{"count":30,"href":"https:\/\/profesordefrancesenmadrid.com\/index.php\/wp-json\/wp\/v2\/pages\/1237\/revisions"}],"predecessor-version":[{"id":5589,"href":"https:\/\/profesordefrancesenmadrid.com\/index.php\/wp-json\/wp\/v2\/pages\/1237\/revisions\/5589"}],"wp:featuredmedia":[{"embeddable":true,"href":"https:\/\/profesordefrancesenmadrid.com\/index.php\/wp-json\/wp\/v2\/media\/5586"}],"wp:attachment":[{"href":"https:\/\/profesordefrancesenmadrid.com\/index.php\/wp-json\/wp\/v2\/media?parent=1237"}],"curies":[{"name":"wp","href":"https:\/\/api.w.org\/{rel}","templated":true}]}}