{"id":1235,"date":"2019-11-09T14:15:40","date_gmt":"2019-11-09T13:15:40","guid":{"rendered":"http:\/\/profesordefrancesenmadrid.com\/?page_id=1235"},"modified":"2019-12-14T14:39:52","modified_gmt":"2019-12-14T13:39:52","slug":"por-que-aprender-frances","status":"publish","type":"page","link":"https:\/\/profesordefrancesenmadrid.com\/index.php\/por-que-aprender-frances\/","title":{"rendered":"\u00bfPor qu\u00e9 aprender franc\u00e9s?"},"content":{"rendered":"<h3><span style=\"color: #a97e2b;\"><strong>Uno de los idiomas m\u00e1s hablados en el mundo<\/strong><\/span><\/h3>\n<p>Porque tiene m\u00e1s de 200 millones de hablantes y es idioma oficial en 33 pa\u00edses (aunque 68 se consideran franc\u00f3fonos). \u00bfQu\u00e9 te parece poco? \u00a1Pues a\u00fan hay m\u00e1s! El franc\u00e9s es la novena lengua m\u00e1s hablada en el mundo y la \u00fanica junto con el ingl\u00e9s que se practica en los cinco continentes y que puede aprenderse en todos los pa\u00edses del planeta.<\/p>\n<h3><span style=\"color: #a97e2b;\"><strong>Un seguro para tu carrera profesional<\/strong><\/span><\/h3>\n<p>Porque los idiomas son uno de los aspectos m\u00e1s valorados por las empresas en los procesos de selecci\u00f3n. La duda es: \u00bfqu\u00e9 lenguas son las m\u00e1s importantes para las empresas? No lo vamos a negar: el ingl\u00e9s es imprescindible. Pero como tercer idioma el franc\u00e9s est\u00e1 muy bien considerado, sobre todo si tenemos pensado trabajar en Canad\u00e1, Suiza, B\u00e9lgica, algunos pa\u00edses de \u00c1frica y, como no, Francia. Adem\u00e1s de ser muy valorado en el sector automovil\u00edstico, el textil, el gastron\u00f3mico, las ingenier\u00edas y por los organismos internacionales como la Cruz Roja, la ONU o el FMI, entre otros.<\/p>\n<h3><span style=\"color: #a97e2b;\"><strong>Aprender franc\u00e9s facilita el aprendizaje de otras lenguas\u2026<\/strong><\/span><\/h3>\n<p>Porque saber franc\u00e9s facilita el estudio de otros idiomas. Principalmente las lenguas latinas (espa\u00f1ol, italiano, portugu\u00e9s\u2026), pero tambi\u00e9n el ingl\u00e9s: el franc\u00e9s es la base del m\u00e1s del 50% del actual vocabulario anglosaj\u00f3n.<\/p>\n<h3><span style=\"color: #a97e2b;\"><strong>\u2026Y adem\u00e1s es f\u00e1cil de aprender<\/strong><\/span><\/h3>\n<p>Porque por la misma raz\u00f3n que el franc\u00e9s hace m\u00e1s llevadero el aprendizaje de las lenguas latinas, el espa\u00f1ol facilita el estudio del franc\u00e9s. Y si adem\u00e1s hablas ingl\u00e9s, el idioma de Moli\u00e8re y Victor Hugo apenas se te resistir\u00e1.<\/p>\n<h3><span style=\"color: #a97e2b;\"><strong>Un idioma para conocer mundo<\/strong><\/span><\/h3>\n<p>Paris, Estrasburgo, Burdeos\u2026 Todas ellas son ciudades preciosas, de visita obligada. Y todas ellas son ciudades francesas. No hace falta que digamos lo pr\u00e1ctico que nos puede ser el franc\u00e9s si decidimos ir de turismo por Francia. Pero conoci\u00e9ndolo no s\u00f3lo conseguiremos disfrutar a\u00fan m\u00e1s de nuestro viaje por el pa\u00eds galo. M\u00f3naco, Suiza, Canad\u00e1, las Seychelles, medio \u00c1frica\u2026 Todos ellos son destinos donde hablar franc\u00e9s puede serte muy \u00fatil.<\/p>\n<h3><span style=\"color: #a97e2b;\"><strong>Una lengua para estudiar en las universidades francesas<\/strong><\/span><\/h3>\n<p>Porque si quieres cursar estudios en Francia, en alguna de sus muchas universidades de prestigio o en las grandes escuelas de comercio y de ingenier\u00eda (situadas entre las mejores del mundo), es imprescindible saber franc\u00e9s (y adem\u00e1s tener un muy buen nivel). Adem\u00e1s, si dominas el idioma podr\u00e1s acceder a becas del gobierno de Francia para realizar un tercer ciclo de estudios en Francia en todo tipo de disciplinas, y tambi\u00e9n obtener un diploma reconocido internacionalmente.<\/p>\n<h3><span style=\"color: #a97e2b;\"><strong>Relaciones econ\u00f3micas con Francia<\/strong><\/span><\/h3>\n<p>Francia es el primer socio econ\u00f3mico de Espa\u00f1a, con un comercio de m\u00e1s de 60000 millones de euros anuales. Francia es en 2016 el segundo proveedor de Espa\u00f1a por detr\u00e1s de Alemania y su primer cliente. A la inversa, Espa\u00f1a refuerza su cuota de mercado en Francia (6,4 %), en su nivel m\u00e1s alto desde hace 10 a\u00f1os, debido en particular a la recuperaci\u00f3n del mercado franc\u00e9s del autom\u00f3vil. Espa\u00f1a es el segundo cliente de Francia por detr\u00e1s de Alemania y su sexto proveedor.<br \/>\nFrancia sigue siendo el tercer inversor en Espa\u00f1a (detr\u00e1s del Reino Unido y los Estados Unidos) con m\u00e1s de 2000 filiales, que emplean a m\u00e1s de 300.000 trabajadores. Las empresas espa\u00f1olas operan en m\u00e1s de 1.300 lugares de Francia y emplean a m\u00e1s de 55.000 personas.<\/p>\n<p><span style=\"color: #a97e2b;\">Y por muchas otras razones\u2026<\/span><\/p>\n","protected":false},"excerpt":{"rendered":"<p>Uno de los idiomas m&aacute;s hablados en el mundo Porque tiene m&aacute;s de 200 millones de hablantes y es idioma oficial en 33 pa&iacute;ses (aunque 68 se consideran franc&oacute;fonos). &iquest;Qu&eacute; te parece poco? &iexcl;Pues a&uacute;n hay m&aacute;s! El franc&eacute;s es la novena lengua m&aacute;s hablada en el mundo y la&#8230;<\/p>\n","protected":false},"author":3,"featured_media":1499,"parent":0,"menu_order":0,"comment_status":"closed","ping_status":"closed","template":"","meta":{"footnotes":""},"class_list":["post-1235","page","type-page","status-publish","has-post-thumbnail","hentry"],"yoast_head":"<!-- This site is optimized with the Yoast SEO plugin v27.3 - https:\/\/yoast.com\/product\/yoast-seo-wordpress\/ -->\n<title>\u00bfPor qu\u00e9 aprender franc\u00e9s? - Ludovic Pedrocchi - Profesor de Franc\u00e9s en Madrid<\/title>\n<meta name=\"description\" content=\"Uno de los idiomas m\u00e1s hablados en el mundoPorque tiene m\u00e1s de 200 millones de hablantes y es idioma oficial en 33 pa\u00edses (aunque 68 se consideran franc\u00f3fonos). \u00bfQu\u00e9 te parece poco? \u00a1Pues a\u00fan hay m\u00e1s! El franc\u00e9s es la novena lengua m\u00e1s hablada en el mundo y la \u00fanica junto con el ingl\u00e9s que se practica en los cinco continentes y que puede aprenderse en todos los pa\u00edses del planeta.\" \/>\n<meta name=\"robots\" content=\"index, follow, max-snippet:-1, max-image-preview:large, max-video-preview:-1\" \/>\n<link rel=\"canonical\" href=\"https:\/\/profesordefrancesenmadrid.com\/index.php\/por-que-aprender-frances\/\" \/>\n<meta property=\"og:locale\" content=\"es_ES\" \/>\n<meta property=\"og:type\" content=\"article\" \/>\n<meta property=\"og:title\" content=\"\u00bfPor qu\u00e9 aprender franc\u00e9s? - Ludovic Pedrocchi - Profesor de Franc\u00e9s en Madrid\" \/>\n<meta property=\"og:description\" content=\"Uno de los idiomas m\u00e1s hablados en el mundoPorque tiene m\u00e1s de 200 millones de hablantes y es idioma oficial en 33 pa\u00edses (aunque 68 se consideran franc\u00f3fonos). \u00bfQu\u00e9 te parece poco? \u00a1Pues a\u00fan hay m\u00e1s! El franc\u00e9s es la novena lengua m\u00e1s hablada en el mundo y la \u00fanica junto con el ingl\u00e9s que se practica en los cinco continentes y que puede aprenderse en todos los pa\u00edses del planeta.\" \/>\n<meta property=\"og:url\" content=\"https:\/\/profesordefrancesenmadrid.com\/index.php\/por-que-aprender-frances\/\" \/>\n<meta property=\"og:site_name\" content=\"Ludovic Pedrocchi\" \/>\n<meta property=\"article:publisher\" content=\"https:\/\/www.facebook.com\/profesordefrancesenmadrid\" \/>\n<meta property=\"article:modified_time\" content=\"2019-12-14T13:39:52+00:00\" \/>\n<meta property=\"og:image\" content=\"https:\/\/i1.wp.com\/profesordefrancesenmadrid.com\/wp-content\/uploads\/2019\/11\/paris-1293747_1920.jpg?fit=1920%2C1280&ssl=1\" \/>\n\t<meta property=\"og:image:width\" content=\"1920\" \/>\n\t<meta property=\"og:image:height\" content=\"1280\" \/>\n\t<meta property=\"og:image:type\" content=\"image\/jpeg\" \/>\n<meta name=\"twitter:card\" content=\"summary_large_image\" \/>\n<meta name=\"twitter:site\" content=\"@ldpedrocchi\" \/>\n<meta name=\"twitter:label1\" content=\"Tiempo de lectura\" \/>\n\t<meta name=\"twitter:data1\" content=\"3 minutos\" \/>\n<script type=\"application\/ld+json\" class=\"yoast-schema-graph\">{\"@context\":\"https:\\\/\\\/schema.org\",\"@graph\":[{\"@type\":\"WebPage\",\"@id\":\"https:\\\/\\\/profesordefrancesenmadrid.com\\\/index.php\\\/por-que-aprender-frances\\\/\",\"url\":\"https:\\\/\\\/profesordefrancesenmadrid.com\\\/index.php\\\/por-que-aprender-frances\\\/\",\"name\":\"\u00bfPor qu\u00e9 aprender franc\u00e9s? - Ludovic Pedrocchi - Profesor de Franc\u00e9s en Madrid\",\"isPartOf\":{\"@id\":\"https:\\\/\\\/profesordefrancesenmadrid.com\\\/#website\"},\"primaryImageOfPage\":{\"@id\":\"https:\\\/\\\/profesordefrancesenmadrid.com\\\/index.php\\\/por-que-aprender-frances\\\/#primaryimage\"},\"image\":{\"@id\":\"https:\\\/\\\/profesordefrancesenmadrid.com\\\/index.php\\\/por-que-aprender-frances\\\/#primaryimage\"},\"thumbnailUrl\":\"https:\\\/\\\/i0.wp.com\\\/profesordefrancesenmadrid.com\\\/wp-content\\\/uploads\\\/2019\\\/11\\\/paris-1293747_1920.jpg?fit=1920%2C1280&ssl=1\",\"datePublished\":\"2019-11-09T13:15:40+00:00\",\"dateModified\":\"2019-12-14T13:39:52+00:00\",\"description\":\"Uno de los idiomas m\u00e1s hablados en el mundoPorque tiene m\u00e1s de 200 millones de hablantes y es idioma oficial en 33 pa\u00edses (aunque 68 se consideran franc\u00f3fonos). \u00bfQu\u00e9 te parece poco? \u00a1Pues a\u00fan hay m\u00e1s! El franc\u00e9s es la novena lengua m\u00e1s hablada en el mundo y la \u00fanica junto con el ingl\u00e9s que se practica en los cinco continentes y que puede aprenderse en todos los pa\u00edses del planeta.\",\"breadcrumb\":{\"@id\":\"https:\\\/\\\/profesordefrancesenmadrid.com\\\/index.php\\\/por-que-aprender-frances\\\/#breadcrumb\"},\"inLanguage\":\"es\",\"potentialAction\":[{\"@type\":\"ReadAction\",\"target\":[\"https:\\\/\\\/profesordefrancesenmadrid.com\\\/index.php\\\/por-que-aprender-frances\\\/\"]}]},{\"@type\":\"ImageObject\",\"inLanguage\":\"es\",\"@id\":\"https:\\\/\\\/profesordefrancesenmadrid.com\\\/index.php\\\/por-que-aprender-frances\\\/#primaryimage\",\"url\":\"https:\\\/\\\/i0.wp.com\\\/profesordefrancesenmadrid.com\\\/wp-content\\\/uploads\\\/2019\\\/11\\\/paris-1293747_1920.jpg?fit=1920%2C1280&ssl=1\",\"contentUrl\":\"https:\\\/\\\/i0.wp.com\\\/profesordefrancesenmadrid.com\\\/wp-content\\\/uploads\\\/2019\\\/11\\\/paris-1293747_1920.jpg?fit=1920%2C1280&ssl=1\",\"width\":1920,\"height\":1280,\"caption\":\"Ludovic Pedrocchi - profesordefrancesenmadrid.com\"},{\"@type\":\"BreadcrumbList\",\"@id\":\"https:\\\/\\\/profesordefrancesenmadrid.com\\\/index.php\\\/por-que-aprender-frances\\\/#breadcrumb\",\"itemListElement\":[{\"@type\":\"ListItem\",\"position\":1,\"name\":\"Accueil\",\"item\":\"https:\\\/\\\/profesordefrancesenmadrid.com\\\/\"},{\"@type\":\"ListItem\",\"position\":2,\"name\":\"\u00bfPor qu\u00e9 aprender franc\u00e9s?\"}]},{\"@type\":\"WebSite\",\"@id\":\"https:\\\/\\\/profesordefrancesenmadrid.com\\\/#website\",\"url\":\"https:\\\/\\\/profesordefrancesenmadrid.com\\\/\",\"name\":\"Ludovic Pedrocchi\",\"description\":\"Profesor de franc\u00e9s en Madrid desde 2007\",\"publisher\":{\"@id\":\"https:\\\/\\\/profesordefrancesenmadrid.com\\\/#organization\"},\"potentialAction\":[{\"@type\":\"SearchAction\",\"target\":{\"@type\":\"EntryPoint\",\"urlTemplate\":\"https:\\\/\\\/profesordefrancesenmadrid.com\\\/?s={search_term_string}\"},\"query-input\":{\"@type\":\"PropertyValueSpecification\",\"valueRequired\":true,\"valueName\":\"search_term_string\"}}],\"inLanguage\":\"es\"},{\"@type\":\"Organization\",\"@id\":\"https:\\\/\\\/profesordefrancesenmadrid.com\\\/#organization\",\"name\":\"Profesor de franc\u00e9s en Madrid\",\"url\":\"https:\\\/\\\/profesordefrancesenmadrid.com\\\/\",\"logo\":{\"@type\":\"ImageObject\",\"inLanguage\":\"es\",\"@id\":\"https:\\\/\\\/profesordefrancesenmadrid.com\\\/#\\\/schema\\\/logo\\\/image\\\/\",\"url\":\"https:\\\/\\\/i0.wp.com\\\/profesordefrancesenmadrid.com\\\/wp-content\\\/uploads\\\/2019\\\/11\\\/logo-retina4.png?fit=531%2C64&ssl=1\",\"contentUrl\":\"https:\\\/\\\/i0.wp.com\\\/profesordefrancesenmadrid.com\\\/wp-content\\\/uploads\\\/2019\\\/11\\\/logo-retina4.png?fit=531%2C64&ssl=1\",\"width\":531,\"height\":64,\"caption\":\"Profesor de franc\u00e9s en Madrid\"},\"image\":{\"@id\":\"https:\\\/\\\/profesordefrancesenmadrid.com\\\/#\\\/schema\\\/logo\\\/image\\\/\"},\"sameAs\":[\"https:\\\/\\\/www.facebook.com\\\/profesordefrancesenmadrid\",\"https:\\\/\\\/x.com\\\/ldpedrocchi\",\"https:\\\/\\\/www.instagram.com\\\/ludovicpedrocchi\\\/\",\"https:\\\/\\\/www.linkedin.com\\\/company\\\/profesordefrancesenmadrid\\\/\",\"https:\\\/\\\/www.youtube.com\\\/channel\\\/UCDJoG_2eg4zNu5TEKKnWeOQ\"]}]}<\/script>\n<!-- \/ Yoast SEO plugin. -->","yoast_head_json":{"title":"\u00bfPor qu\u00e9 aprender franc\u00e9s? - Ludovic Pedrocchi - Profesor de Franc\u00e9s en Madrid","description":"Uno de los idiomas m\u00e1s hablados en el mundoPorque tiene m\u00e1s de 200 millones de hablantes y es idioma oficial en 33 pa\u00edses (aunque 68 se consideran franc\u00f3fonos). \u00bfQu\u00e9 te parece poco? \u00a1Pues a\u00fan hay m\u00e1s! El franc\u00e9s es la novena lengua m\u00e1s hablada en el mundo y la \u00fanica junto con el ingl\u00e9s que se practica en los cinco continentes y que puede aprenderse en todos los pa\u00edses del planeta.","robots":{"index":"index","follow":"follow","max-snippet":"max-snippet:-1","max-image-preview":"max-image-preview:large","max-video-preview":"max-video-preview:-1"},"canonical":"https:\/\/profesordefrancesenmadrid.com\/index.php\/por-que-aprender-frances\/","og_locale":"es_ES","og_type":"article","og_title":"\u00bfPor qu\u00e9 aprender franc\u00e9s? - Ludovic Pedrocchi - Profesor de Franc\u00e9s en Madrid","og_description":"Uno de los idiomas m\u00e1s hablados en el mundoPorque tiene m\u00e1s de 200 millones de hablantes y es idioma oficial en 33 pa\u00edses (aunque 68 se consideran franc\u00f3fonos). \u00bfQu\u00e9 te parece poco? \u00a1Pues a\u00fan hay m\u00e1s! El franc\u00e9s es la novena lengua m\u00e1s hablada en el mundo y la \u00fanica junto con el ingl\u00e9s que se practica en los cinco continentes y que puede aprenderse en todos los pa\u00edses del planeta.","og_url":"https:\/\/profesordefrancesenmadrid.com\/index.php\/por-que-aprender-frances\/","og_site_name":"Ludovic Pedrocchi","article_publisher":"https:\/\/www.facebook.com\/profesordefrancesenmadrid","article_modified_time":"2019-12-14T13:39:52+00:00","og_image":[{"width":1920,"height":1280,"url":"https:\/\/i1.wp.com\/profesordefrancesenmadrid.com\/wp-content\/uploads\/2019\/11\/paris-1293747_1920.jpg?fit=1920%2C1280&ssl=1","type":"image\/jpeg"}],"twitter_card":"summary_large_image","twitter_site":"@ldpedrocchi","twitter_misc":{"Tiempo de lectura":"3 minutos"},"schema":{"@context":"https:\/\/schema.org","@graph":[{"@type":"WebPage","@id":"https:\/\/profesordefrancesenmadrid.com\/index.php\/por-que-aprender-frances\/","url":"https:\/\/profesordefrancesenmadrid.com\/index.php\/por-que-aprender-frances\/","name":"\u00bfPor qu\u00e9 aprender franc\u00e9s? - Ludovic Pedrocchi - Profesor de Franc\u00e9s en Madrid","isPartOf":{"@id":"https:\/\/profesordefrancesenmadrid.com\/#website"},"primaryImageOfPage":{"@id":"https:\/\/profesordefrancesenmadrid.com\/index.php\/por-que-aprender-frances\/#primaryimage"},"image":{"@id":"https:\/\/profesordefrancesenmadrid.com\/index.php\/por-que-aprender-frances\/#primaryimage"},"thumbnailUrl":"https:\/\/i0.wp.com\/profesordefrancesenmadrid.com\/wp-content\/uploads\/2019\/11\/paris-1293747_1920.jpg?fit=1920%2C1280&ssl=1","datePublished":"2019-11-09T13:15:40+00:00","dateModified":"2019-12-14T13:39:52+00:00","description":"Uno de los idiomas m\u00e1s hablados en el mundoPorque tiene m\u00e1s de 200 millones de hablantes y es idioma oficial en 33 pa\u00edses (aunque 68 se consideran franc\u00f3fonos). \u00bfQu\u00e9 te parece poco? \u00a1Pues a\u00fan hay m\u00e1s! El franc\u00e9s es la novena lengua m\u00e1s hablada en el mundo y la \u00fanica junto con el ingl\u00e9s que se practica en los cinco continentes y que puede aprenderse en todos los pa\u00edses del planeta.","breadcrumb":{"@id":"https:\/\/profesordefrancesenmadrid.com\/index.php\/por-que-aprender-frances\/#breadcrumb"},"inLanguage":"es","potentialAction":[{"@type":"ReadAction","target":["https:\/\/profesordefrancesenmadrid.com\/index.php\/por-que-aprender-frances\/"]}]},{"@type":"ImageObject","inLanguage":"es","@id":"https:\/\/profesordefrancesenmadrid.com\/index.php\/por-que-aprender-frances\/#primaryimage","url":"https:\/\/i0.wp.com\/profesordefrancesenmadrid.com\/wp-content\/uploads\/2019\/11\/paris-1293747_1920.jpg?fit=1920%2C1280&ssl=1","contentUrl":"https:\/\/i0.wp.com\/profesordefrancesenmadrid.com\/wp-content\/uploads\/2019\/11\/paris-1293747_1920.jpg?fit=1920%2C1280&ssl=1","width":1920,"height":1280,"caption":"Ludovic Pedrocchi - profesordefrancesenmadrid.com"},{"@type":"BreadcrumbList","@id":"https:\/\/profesordefrancesenmadrid.com\/index.php\/por-que-aprender-frances\/#breadcrumb","itemListElement":[{"@type":"ListItem","position":1,"name":"Accueil","item":"https:\/\/profesordefrancesenmadrid.com\/"},{"@type":"ListItem","position":2,"name":"\u00bfPor qu\u00e9 aprender franc\u00e9s?"}]},{"@type":"WebSite","@id":"https:\/\/profesordefrancesenmadrid.com\/#website","url":"https:\/\/profesordefrancesenmadrid.com\/","name":"Ludovic Pedrocchi","description":"Profesor de franc\u00e9s en Madrid desde 2007","publisher":{"@id":"https:\/\/profesordefrancesenmadrid.com\/#organization"},"potentialAction":[{"@type":"SearchAction","target":{"@type":"EntryPoint","urlTemplate":"https:\/\/profesordefrancesenmadrid.com\/?s={search_term_string}"},"query-input":{"@type":"PropertyValueSpecification","valueRequired":true,"valueName":"search_term_string"}}],"inLanguage":"es"},{"@type":"Organization","@id":"https:\/\/profesordefrancesenmadrid.com\/#organization","name":"Profesor de franc\u00e9s en Madrid","url":"https:\/\/profesordefrancesenmadrid.com\/","logo":{"@type":"ImageObject","inLanguage":"es","@id":"https:\/\/profesordefrancesenmadrid.com\/#\/schema\/logo\/image\/","url":"https:\/\/i0.wp.com\/profesordefrancesenmadrid.com\/wp-content\/uploads\/2019\/11\/logo-retina4.png?fit=531%2C64&ssl=1","contentUrl":"https:\/\/i0.wp.com\/profesordefrancesenmadrid.com\/wp-content\/uploads\/2019\/11\/logo-retina4.png?fit=531%2C64&ssl=1","width":531,"height":64,"caption":"Profesor de franc\u00e9s en Madrid"},"image":{"@id":"https:\/\/profesordefrancesenmadrid.com\/#\/schema\/logo\/image\/"},"sameAs":["https:\/\/www.facebook.com\/profesordefrancesenmadrid","https:\/\/x.com\/ldpedrocchi","https:\/\/www.instagram.com\/ludovicpedrocchi\/","https:\/\/www.linkedin.com\/company\/profesordefrancesenmadrid\/","https:\/\/www.youtube.com\/channel\/UCDJoG_2eg4zNu5TEKKnWeOQ"]}]}},"jetpack_sharing_enabled":true,"jetpack_likes_enabled":true,"jetpack-related-posts":[],"rttpg_featured_image_url":{"full":["https:\/\/i0.wp.com\/profesordefrancesenmadrid.com\/wp-content\/uploads\/2019\/11\/paris-1293747_1920.jpg?fit=1920%2C1280&ssl=1",1920,1280,false],"landscape":["https:\/\/profesordefrancesenmadrid.com\/wp-content\/uploads\/2019\/11\/paris-1293747_1920.jpg",1920,1280,false],"portraits":["https:\/\/profesordefrancesenmadrid.com\/wp-content\/uploads\/2019\/11\/paris-1293747_1920.jpg",1920,1280,false],"thumbnail":["https:\/\/i0.wp.com\/profesordefrancesenmadrid.com\/wp-content\/uploads\/2019\/11\/paris-1293747_1920.jpg?resize=150%2C150&ssl=1",150,150,true],"medium":["https:\/\/i0.wp.com\/profesordefrancesenmadrid.com\/wp-content\/uploads\/2019\/11\/paris-1293747_1920.jpg?fit=300%2C200&ssl=1",300,200,true],"large":["https:\/\/i0.wp.com\/profesordefrancesenmadrid.com\/wp-content\/uploads\/2019\/11\/paris-1293747_1920.jpg?fit=790%2C527&ssl=1",790,527,true],"1536x1536":["https:\/\/i0.wp.com\/profesordefrancesenmadrid.com\/wp-content\/uploads\/2019\/11\/paris-1293747_1920.jpg?fit=1536%2C1024&ssl=1",1536,1024,true],"2048x2048":["https:\/\/i0.wp.com\/profesordefrancesenmadrid.com\/wp-content\/uploads\/2019\/11\/paris-1293747_1920.jpg?fit=1920%2C1280&ssl=1",1920,1280,true],"screenr-blog-grid-small":["https:\/\/i0.wp.com\/profesordefrancesenmadrid.com\/wp-content\/uploads\/2019\/11\/paris-1293747_1920.jpg?resize=350%2C200&ssl=1",350,200,true],"screenr-blog-grid":["https:\/\/i0.wp.com\/profesordefrancesenmadrid.com\/wp-content\/uploads\/2019\/11\/paris-1293747_1920.jpg?resize=540%2C300&ssl=1",540,300,true],"screenr-blog-list":["https:\/\/i0.wp.com\/profesordefrancesenmadrid.com\/wp-content\/uploads\/2019\/11\/paris-1293747_1920.jpg?resize=790%2C400&ssl=1",790,400,true],"screenr-service-small":["https:\/\/i0.wp.com\/profesordefrancesenmadrid.com\/wp-content\/uploads\/2019\/11\/paris-1293747_1920.jpg?resize=538%2C280&ssl=1",538,280,true],"screenr-thumbnail-team":["https:\/\/i0.wp.com\/profesordefrancesenmadrid.com\/wp-content\/uploads\/2019\/11\/paris-1293747_1920.jpg?resize=340%2C220&ssl=1",340,220,true]},"rttpg_author":{"display_name":"Ludovic Pedrocchi","author_link":"https:\/\/profesordefrancesenmadrid.com\/index.php\/author\/ludovicpedrocchi\/"},"rttpg_comment":0,"rttpg_category":null,"rttpg_excerpt":"Uno de los idiomas m&aacute;s hablados en el mundo Porque tiene m&aacute;s de 200 millones de hablantes y es idioma oficial en 33 pa&iacute;ses (aunque 68 se consideran franc&oacute;fonos). &iquest;Qu&eacute; te parece poco? &iexcl;Pues a&uacute;n hay m&aacute;s! El franc&eacute;s es la novena lengua m&aacute;s hablada en el mundo y la...","_links":{"self":[{"href":"https:\/\/profesordefrancesenmadrid.com\/index.php\/wp-json\/wp\/v2\/pages\/1235","targetHints":{"allow":["GET"]}}],"collection":[{"href":"https:\/\/profesordefrancesenmadrid.com\/index.php\/wp-json\/wp\/v2\/pages"}],"about":[{"href":"https:\/\/profesordefrancesenmadrid.com\/index.php\/wp-json\/wp\/v2\/types\/page"}],"author":[{"embeddable":true,"href":"https:\/\/profesordefrancesenmadrid.com\/index.php\/wp-json\/wp\/v2\/users\/3"}],"replies":[{"embeddable":true,"href":"https:\/\/profesordefrancesenmadrid.com\/index.php\/wp-json\/wp\/v2\/comments?post=1235"}],"version-history":[{"count":8,"href":"https:\/\/profesordefrancesenmadrid.com\/index.php\/wp-json\/wp\/v2\/pages\/1235\/revisions"}],"predecessor-version":[{"id":1451,"href":"https:\/\/profesordefrancesenmadrid.com\/index.php\/wp-json\/wp\/v2\/pages\/1235\/revisions\/1451"}],"wp:featuredmedia":[{"embeddable":true,"href":"https:\/\/profesordefrancesenmadrid.com\/index.php\/wp-json\/wp\/v2\/media\/1499"}],"wp:attachment":[{"href":"https:\/\/profesordefrancesenmadrid.com\/index.php\/wp-json\/wp\/v2\/media?parent=1235"}],"curies":[{"name":"wp","href":"https:\/\/api.w.org\/{rel}","templated":true}]}}