{"id":1226,"date":"2019-11-09T13:56:48","date_gmt":"2019-11-09T12:56:48","guid":{"rendered":"http:\/\/profesordefrancesenmadrid.com\/?page_id=1226"},"modified":"2025-05-19T17:43:02","modified_gmt":"2025-05-19T15:43:02","slug":"curriculum-vitae","status":"publish","type":"page","link":"https:\/\/profesordefrancesenmadrid.com\/index.php\/curriculum-vitae\/","title":{"rendered":"Curriculum Vitae (en espa\u00f1ol)"},"content":{"rendered":"\n<p><\/p>\n\n\n<h3><span style=\"color: #993300;\"><strong>Perfil<\/strong><\/span><\/h3>\n<\/p>\n<p>Profesor de franc\u00e9s nativo (<strong>Par\u00eds<\/strong>), con m\u00e1s de <strong>10 a\u00f1os<\/strong> de experiencia en escuelas de idiomas para empresas y particulares. Diplomado en estudios cinematogr\u00e1ficos y formaci\u00f3n en <strong>FLE<\/strong> (<strong>franc\u00e9s como lengua extranjera<\/strong>).<\/p>\n<p>En mis clases, pongo especial \u00e9nfasis en la personalizaci\u00f3n de la docencia a trav\u00e9s de la adaptaci\u00f3n del contenido al nivel del estudiante. Los temas abordados abarcan aspectos propios del franc\u00e9s (gram\u00e1tica, vocabulario, s\u00edntasis) y una gran variedad de disciplinas (filosof\u00eda, literatura, actualidad, cine).<\/p>\n\n\n<hr class=\"wp-block-separator has-alpha-channel-opacity\"\/>\n\n\n<h3><span style=\"color: #993300;\"><strong>Formaci\u00f3n acad\u00e9mica<\/strong><\/span><\/h3>\n<p>\u2022 <span style=\"color: #695316;\"><strong>M\u00e1ster de Estudios Cinematogr\u00e1ficos y Est\u00e9tica del Arte (Universidad Panth\u00e9on-Sorbonne I \u2013 Paris)<\/strong><\/span><\/p>\n<p><span style=\"color: #695316;\">\u2022 <\/span><span style=\"color: #800000;\"><strong><span style=\"color: #695316;\">Formaci\u00f3n interna en 2008 en la academia Atribord sobre:<\/span><\/strong><\/span><\/p>\n<p>Elementos did\u00e1cticos y metodolog\u00eda general del <strong>FLE<\/strong><br \/>Ense\u00f1anza de gram\u00e1tica en <strong>FLE<\/strong><br \/>Guiar a una clase<br \/>La evaluaci\u00f3n en la <strong>FLE<\/strong><br \/>Metodolog\u00eda de la ense\u00f1anza de la civilizaci\u00f3n y la literatura<br \/>Ense\u00f1ar franc\u00e9s con un objetivo espec\u00edfico (para empresas)\u00a0<\/p>\n<p>\u2022 <span style=\"color: #695316;\"><strong>Desde 2008 varios <span style=\"color: #695316;\">coach training en<\/span> la academia Atribord<\/strong><\/span><\/p>\n<p>\u2022 <span style=\"color: #695316;\"><strong>MOOC \u201cEnse\u00f1ar franc\u00e9s como lengua extranjera hoy\u201d \u2013 CAVILAM (Centre d\u2019Approches Vivantes des Langues et des M\u00e9dias) \u2013 Alliance Fran\u00e7aise <a href=\"https:\/\/profesordefrancesenmadrid.com\/index.php\/2022\/06\/28\/mooc-enseigner-le-francais-langue-etrangere-aujourdhui-cavilam-centre-dapproches-vivantes-des-langues-et-des-medias-alliance-francaise\/\" target=\"_blank\" rel=\"noopener\"><span style=\"color: #ff0000;\">\u2192 Certificado<\/span><\/a><\/strong><\/span><\/p>\n<p>\u2022 <strong><span style=\"color: #695316;\">Formaci\u00f3n en las nuevas cuadr\u00edculas de evaluaci\u00f3n DELF-DALF<\/span><\/strong><br \/><strong><span style=\"color: #695316;\">Formaci\u00f3n en la plataforma de France \u00c9ducation international<\/span> <\/strong><br \/><span style=\"color: #ff0000;\"><a style=\"color: #ff0000;\" href=\"https:\/\/profesordefrancesenmadrid.com\/index.php\/2023\/02\/10\/formation-sur-les-nouvelles-grilles-devaluation-delf-dalf\/\" target=\"_blank\" rel=\"noopener\"><strong>\u2192 Certificado de seguimiento 2023<\/strong><\/a><\/span><\/p>\n<p>\u2022 <span style=\"color: #695316;\"><strong>\u00a0Prevenci\u00f3n de riesgos en el sector docente (AF Cualtis 8031) <a href=\"https:\/\/profesordefrancesenmadrid.com\/index.php\/2025\/05\/19\/prevencion-de-riesgos-en-el-sector-docente-af-cualtis-8031-mayo-2025\/\" target=\"_blank\" rel=\"noopener\"><span style=\"color: #ff0000;\">\u2192 Certificado<\/span><\/a><\/strong><\/span><\/p>\n\n\n<hr class=\"wp-block-separator has-alpha-channel-opacity\"\/>\n\n\n\n<figure class=\"wp-block-embed aligncenter is-type-video is-provider-youtube wp-block-embed-youtube wp-embed-aspect-16-9 wp-has-aspect-ratio\"><div class=\"wp-block-embed__wrapper\">\n<span class=\"embed-youtube\" style=\"text-align:center; display: block;\"><iframe loading=\"lazy\" class=\"youtube-player\" width=\"790\" height=\"445\" src=\"https:\/\/www.youtube.com\/embed\/x9rON9mG5AM?version=3&#038;rel=1&#038;showsearch=0&#038;showinfo=1&#038;iv_load_policy=1&#038;fs=1&#038;hl=es-ES&#038;autohide=2&#038;start=3&#038;wmode=transparent\" allowfullscreen=\"true\" style=\"border:0;\" sandbox=\"allow-scripts allow-same-origin allow-popups allow-presentation allow-popups-to-escape-sandbox\"><\/iframe><\/span>\n<\/div><\/figure>\n\n\n\n<hr class=\"wp-block-separator has-alpha-channel-opacity\"\/>\n\n\n<h3><span style=\"color: #993300;\"><strong>Experiencia laboral<\/strong><\/span><\/h3>\n<\/p>\n<h6><strong>\u2022 <span style=\"color: #695316;\">Desde 2007 \u2013 Profesor de Franc\u00e9s \u2013 Regi\u00f3n de Madrid<\/span><\/strong><\/h6>\n<p><strong>Clases particulares todo nivel<\/strong><br \/>Aprendizaje del franc\u00e9s para todos los p\u00fablicos<br \/>Aprender la gram\u00e1tica, mejorar el vocabulario y saber expresarse en franc\u00e9s son los objetivos<br \/>Conversaci\u00f3n sobre textos, acerca a la cultura francesa (cine, arte de vivir, literatura, turismo, vida corriente, gestiones administrativas, estudios)<\/p>\n<p><strong>\u2022 <\/strong><span style=\"color: #695316;\"><strong>Preparaci\u00f3n a Delf\/Dalf \u2013 TFC<\/strong><\/span><\/p>\n<p>Preparaci\u00f3n para los diplomas a partir de ex\u00e1menes reales<br \/>Consejos, correcciones y actualizaci\u00f3n de los conocimientos adquiridos<\/p>\n<p><strong>\u2022 <span style=\"color: #695316;\">Administrador de la p\u00e1gina web profesional <a style=\"color: #695316;\" href=\"https:\/\/profesordefrancesenmadrid.com\/\" target=\"_blank\" rel=\"noreferrer noopener\">profesordefrancesenmadrid.com<\/a><\/span><\/strong><span style=\"color: #695316;\">\u00a0(<strong>5000 visitas al mes<\/strong>)<\/span><\/p>\n<p>Concepci\u00f3n de art\u00edculos educativos en de la p\u00e1gina web profesional <strong>profesordefrancesenmadrid.com<\/strong>:<\/p>\n<p>Sobre el <strong>Delf\/Dalf \u2013 TFC<\/strong>, consejos \u00fatiles para los diplomas \u2192 <span style=\"color: #ff0000;\"><a style=\"color: #ff0000;\" href=\"https:\/\/profesordefrancesenmadrid.com\/index.php\/delf-dalf-tcf\/\" target=\"_blank\" rel=\"noreferrer noopener\"><strong>secci\u00f3n Delf\/Dalf \u2013 TCF<\/strong><\/a><\/span><br \/>Para\u00a0<strong>Erasmus<\/strong>, los planes adecuados para su estancia universitaria en\u00a0<strong>Francia \u2192<\/strong>\u00a0<span style=\"color: #ff0000;\"><a style=\"color: #ff0000;\" href=\"https:\/\/profesordefrancesenmadrid.com\/index.php\/eramus\/\" target=\"_blank\" rel=\"noreferrer noopener\"><strong>secci\u00f3n Erasmus<\/strong><\/a><\/span><br \/>Art\u00edculos did\u00e1cticos sobre el franc\u00e9s (falsos amigos, dificultades, curiosidades\u2026) \u2192 <span style=\"color: #ff0000;\"><a style=\"color: #ff0000;\" href=\"https:\/\/profesordefrancesenmadrid.com\/index.php\/aprender\/\" target=\"_blank\" rel=\"noreferrer noopener\"><strong>secci\u00f3n Aprender<\/strong><\/a><\/span><br \/>Redacci\u00f3n de art\u00edculos sobre la cultura francesa en Espa\u00f1a (cine, exposiciones, eventos\u2026) \u2192 <span style=\"color: #ff0000;\"><a style=\"color: #ff0000;\" href=\"https:\/\/profesordefrancesenmadrid.com\/index.php\/cultura-francesa-en-madrid\/\" target=\"_blank\" rel=\"noreferrer noopener\"><strong>secci\u00f3n Cultura Francesa<\/strong><\/a><\/span><\/p>\n\n\n<hr class=\"wp-block-separator has-alpha-channel-opacity\"\/>\n\n\n<h6>\u2022 <span style=\"color: #695316;\"><strong>Desde 2007 : Profesor de franc\u00e9s especializado en empresas <\/strong><\/span><\/h6>\n<p>\u2022 <span style=\"color: #695316;\"><strong>En escuelas de idiomas: (Alliance Languages, Atribord Espa\u00f1a, Betagroup, EBI Idiomas, Languages Solutions)<\/strong><\/span><\/p>\n<p><strong>Clases en grupos\/individuales\/intensivos<\/strong><br \/><strong>Para principiantes y avanzados<\/strong><br \/><strong>En presencial\/en l\u00ednea<\/strong><\/p>\n<p>Vocabulario adaptado a la pol\u00edtica de la empresa<br \/>Vocabulario t\u00e9cnico, nociones culturales para los mercados franc\u00f3fonos (<strong>\u00c1frica<\/strong>, <strong>B\u00e9lgica<\/strong>, <strong>Magreb<\/strong>, <strong>Suiza<\/strong>)<br \/>Revisi\u00f3n general de la gram\u00e1tica a partir de art\u00edculos de prensa econ\u00f3mica francesa<br \/>Descubrir y profundizar el mundo de los negocios franceses<\/p>\n<p><strong>Clases impartidas en empresas como:<\/strong><\/p>\n<p>Bancos, finanzas, seguros: <strong>Banco Popular<\/strong>, <strong>Banco Santander<\/strong>, <strong>Targobank<\/strong>, <strong>CNMV<\/strong>, <strong>Domestic &amp; General<\/strong><br \/>Energ\u00eda: <strong>Endesa-Enel<\/strong>, <strong>Centrales Nucleares Almaraz-Trillo<\/strong>, <strong>Elecnor<\/strong><br \/>Inform\u00e1tica, rob\u00f3tica: <strong>Protec S.A.<\/strong>, <strong>Softbank Robotics<\/strong><br \/>Derecho: <strong>CMS Albi\u00f1ana &amp; Suarez de Lezo abogados<\/strong><br \/>Industrias: <strong>Intecsa Industrial<\/strong>, <strong>Tata Steel<\/strong><br \/>Marketing: <strong>LVMH<\/strong>, <strong>Walt Disney Company<\/strong><br \/>Construcci\u00f3n: <strong>Tierra Armada<\/strong> (grupo <strong>Freyssinet<\/strong>), <strong>Saint-Gobain Espa\u00f1a<\/strong><br \/>Distribuci\u00f3n: <strong>Lactalis Espa\u00f1a<\/strong>, <strong>Campo Frio<\/strong><\/p>\n\n\n<hr class=\"wp-block-separator has-alpha-channel-opacity\"\/>\n\n\n<p class=\"has-text-color has-medium-font-size\"><strong><span style=\"color: #993300;\">Idiomas<\/span><\/strong><\/p>\n<p><strong>Franc\u00e9s<\/strong>: nativo<br \/><strong>Espa\u00f1ol<\/strong>: intermedio<br \/><strong>Ingl\u00e9s<\/strong>: intermedio (formaci\u00f3n de 30 horas en la academia OISE en Bristol \u2013 septiembre de 2016)<br \/><strong>Aleman<\/strong>: nociones<\/p>\n\n\n<hr class=\"wp-block-separator has-alpha-channel-opacity\"\/>\n\n\n<p class=\"has-text-color has-medium-font-size\"><span style=\"color: #993300;\"><strong>Inform\u00e1tica<\/strong><\/span><\/p>\n<p>Office e Internet<\/p>\n\n\n<hr class=\"wp-block-separator has-alpha-channel-opacity\"\/>\n\n\n<p class=\"has-text-color has-medium-font-size\"><span style=\"color: #993300;\"><strong>Datos personales<\/strong><\/span><\/p>\n<p><strong>Ludovic Pedrocchi<br \/>C\/ Gandia 4, bajo C<br \/>28007 Madrid<br \/>635 22 49 52<\/strong><br \/><strong>lp@profesordefrancesenmadrid.com<br \/><a href=\"https:\/\/www.linkedin.com\/in\/ludovic-pedrocchi-3055b079\" target=\"_blank\" rel=\"noreferrer noopener\">linkedin.com\/in\/ludovic-pedrocchi<\/a><br \/>Nacido el 1 de marzo de 1971 en Francia<\/strong><\/p>","protected":false},"excerpt":{"rendered":"<p>Perfil Profesor de franc&eacute;s nativo (Par&iacute;s), con m&aacute;s de 10 a&ntilde;os de experiencia en escuelas de idiomas para empresas y particulares. Diplomado en estudios cinematogr&aacute;ficos y formaci&oacute;n en FLE (franc&eacute;s como lengua extranjera). En mis clases, pongo especial &eacute;nfasis en la personalizaci&oacute;n de la docencia a trav&eacute;s de la adaptaci&oacute;n&#8230;<\/p>\n","protected":false},"author":3,"featured_media":3046,"parent":0,"menu_order":0,"comment_status":"closed","ping_status":"closed","template":"","meta":{"footnotes":""},"class_list":["post-1226","page","type-page","status-publish","has-post-thumbnail","hentry"],"yoast_head":"<!-- This site is optimized with the Yoast SEO plugin v27.4 - https:\/\/yoast.com\/product\/yoast-seo-wordpress\/ -->\n<title>Curriculum Vitae (en espa\u00f1ol) - Ludovic Pedrocchi - profesordefrancesenmadrid.com<\/title>\n<meta name=\"description\" content=\"CV de Profesor de franc\u00e9s nativo (Par\u00eds), con +10 a\u00f1os de experiencia en empresas y academias e clases particulares.\" \/>\n<meta name=\"robots\" content=\"index, follow, max-snippet:-1, max-image-preview:large, max-video-preview:-1\" \/>\n<link rel=\"canonical\" href=\"https:\/\/profesordefrancesenmadrid.com\/index.php\/curriculum-vitae\/\" \/>\n<meta property=\"og:locale\" content=\"es_ES\" \/>\n<meta property=\"og:type\" content=\"article\" \/>\n<meta property=\"og:title\" content=\"Curriculum Vitae (en espa\u00f1ol) - Ludovic Pedrocchi - profesordefrancesenmadrid.com\" \/>\n<meta property=\"og:description\" content=\"CV de Profesor de franc\u00e9s nativo (Par\u00eds), con +10 a\u00f1os de experiencia en empresas y academias e clases particulares.\" \/>\n<meta property=\"og:url\" content=\"https:\/\/profesordefrancesenmadrid.com\/index.php\/curriculum-vitae\/\" \/>\n<meta property=\"og:site_name\" content=\"Ludovic Pedrocchi\" \/>\n<meta property=\"article:publisher\" content=\"https:\/\/www.facebook.com\/profesordefrancesenmadrid\" \/>\n<meta property=\"article:modified_time\" content=\"2025-05-19T15:43:02+00:00\" \/>\n<meta property=\"og:image\" content=\"https:\/\/profesordefrancesenmadrid.com\/wp-content\/uploads\/2020\/06\/couveludo-1.jpg\" \/>\n\t<meta property=\"og:image:width\" content=\"1024\" \/>\n\t<meta property=\"og:image:height\" content=\"576\" \/>\n\t<meta property=\"og:image:type\" content=\"image\/jpeg\" \/>\n<meta name=\"twitter:card\" content=\"summary_large_image\" \/>\n<meta name=\"twitter:site\" content=\"@ldpedrocchi\" \/>\n<meta name=\"twitter:label1\" content=\"Tiempo de lectura\" \/>\n\t<meta name=\"twitter:data1\" content=\"3 minutos\" \/>\n<script type=\"application\/ld+json\" class=\"yoast-schema-graph\">{\"@context\":\"https:\\\/\\\/schema.org\",\"@graph\":[{\"@type\":\"WebPage\",\"@id\":\"https:\\\/\\\/profesordefrancesenmadrid.com\\\/index.php\\\/curriculum-vitae\\\/\",\"url\":\"https:\\\/\\\/profesordefrancesenmadrid.com\\\/index.php\\\/curriculum-vitae\\\/\",\"name\":\"Curriculum Vitae (en espa\u00f1ol) - Ludovic Pedrocchi - profesordefrancesenmadrid.com\",\"isPartOf\":{\"@id\":\"https:\\\/\\\/profesordefrancesenmadrid.com\\\/#website\"},\"primaryImageOfPage\":{\"@id\":\"https:\\\/\\\/profesordefrancesenmadrid.com\\\/index.php\\\/curriculum-vitae\\\/#primaryimage\"},\"image\":{\"@id\":\"https:\\\/\\\/profesordefrancesenmadrid.com\\\/index.php\\\/curriculum-vitae\\\/#primaryimage\"},\"thumbnailUrl\":\"https:\\\/\\\/i0.wp.com\\\/profesordefrancesenmadrid.com\\\/wp-content\\\/uploads\\\/2020\\\/06\\\/couveludo-1.jpg?fit=1024%2C576&ssl=1\",\"datePublished\":\"2019-11-09T12:56:48+00:00\",\"dateModified\":\"2025-05-19T15:43:02+00:00\",\"description\":\"CV de Profesor de franc\u00e9s nativo (Par\u00eds), con +10 a\u00f1os de experiencia en empresas y academias e clases particulares.\",\"breadcrumb\":{\"@id\":\"https:\\\/\\\/profesordefrancesenmadrid.com\\\/index.php\\\/curriculum-vitae\\\/#breadcrumb\"},\"inLanguage\":\"es\",\"potentialAction\":[{\"@type\":\"ReadAction\",\"target\":[\"https:\\\/\\\/profesordefrancesenmadrid.com\\\/index.php\\\/curriculum-vitae\\\/\"]}]},{\"@type\":\"ImageObject\",\"inLanguage\":\"es\",\"@id\":\"https:\\\/\\\/profesordefrancesenmadrid.com\\\/index.php\\\/curriculum-vitae\\\/#primaryimage\",\"url\":\"https:\\\/\\\/i0.wp.com\\\/profesordefrancesenmadrid.com\\\/wp-content\\\/uploads\\\/2020\\\/06\\\/couveludo-1.jpg?fit=1024%2C576&ssl=1\",\"contentUrl\":\"https:\\\/\\\/i0.wp.com\\\/profesordefrancesenmadrid.com\\\/wp-content\\\/uploads\\\/2020\\\/06\\\/couveludo-1.jpg?fit=1024%2C576&ssl=1\",\"width\":1024,\"height\":576,\"caption\":\"Profesor nativo de franc\u00e9s con experiencia. Mi objetivo: que aprendas a comunicarte en franc\u00e9s de forma natural, eficaz y con confianza.\"},{\"@type\":\"BreadcrumbList\",\"@id\":\"https:\\\/\\\/profesordefrancesenmadrid.com\\\/index.php\\\/curriculum-vitae\\\/#breadcrumb\",\"itemListElement\":[{\"@type\":\"ListItem\",\"position\":1,\"name\":\"Accueil\",\"item\":\"https:\\\/\\\/profesordefrancesenmadrid.com\\\/\"},{\"@type\":\"ListItem\",\"position\":2,\"name\":\"Curriculum Vitae (en espa\u00f1ol)\"}]},{\"@type\":\"WebSite\",\"@id\":\"https:\\\/\\\/profesordefrancesenmadrid.com\\\/#website\",\"url\":\"https:\\\/\\\/profesordefrancesenmadrid.com\\\/\",\"name\":\"Ludovic Pedrocchi\",\"description\":\"Profesor de franc\u00e9s en Madrid desde 2007\",\"publisher\":{\"@id\":\"https:\\\/\\\/profesordefrancesenmadrid.com\\\/#organization\"},\"potentialAction\":[{\"@type\":\"SearchAction\",\"target\":{\"@type\":\"EntryPoint\",\"urlTemplate\":\"https:\\\/\\\/profesordefrancesenmadrid.com\\\/?s={search_term_string}\"},\"query-input\":{\"@type\":\"PropertyValueSpecification\",\"valueRequired\":true,\"valueName\":\"search_term_string\"}}],\"inLanguage\":\"es\"},{\"@type\":\"Organization\",\"@id\":\"https:\\\/\\\/profesordefrancesenmadrid.com\\\/#organization\",\"name\":\"Profesor de franc\u00e9s en Madrid\",\"url\":\"https:\\\/\\\/profesordefrancesenmadrid.com\\\/\",\"logo\":{\"@type\":\"ImageObject\",\"inLanguage\":\"es\",\"@id\":\"https:\\\/\\\/profesordefrancesenmadrid.com\\\/#\\\/schema\\\/logo\\\/image\\\/\",\"url\":\"https:\\\/\\\/i0.wp.com\\\/profesordefrancesenmadrid.com\\\/wp-content\\\/uploads\\\/2019\\\/11\\\/logo-retina4.png?fit=531%2C64&ssl=1\",\"contentUrl\":\"https:\\\/\\\/i0.wp.com\\\/profesordefrancesenmadrid.com\\\/wp-content\\\/uploads\\\/2019\\\/11\\\/logo-retina4.png?fit=531%2C64&ssl=1\",\"width\":531,\"height\":64,\"caption\":\"Profesor de franc\u00e9s en Madrid\"},\"image\":{\"@id\":\"https:\\\/\\\/profesordefrancesenmadrid.com\\\/#\\\/schema\\\/logo\\\/image\\\/\"},\"sameAs\":[\"https:\\\/\\\/www.facebook.com\\\/profesordefrancesenmadrid\",\"https:\\\/\\\/x.com\\\/ldpedrocchi\",\"https:\\\/\\\/www.instagram.com\\\/ludovicpedrocchi\\\/\",\"https:\\\/\\\/www.linkedin.com\\\/company\\\/profesordefrancesenmadrid\\\/\",\"https:\\\/\\\/www.youtube.com\\\/channel\\\/UCDJoG_2eg4zNu5TEKKnWeOQ\"]}]}<\/script>\n<!-- \/ Yoast SEO plugin. -->","yoast_head_json":{"title":"Curriculum Vitae (en espa\u00f1ol) - Ludovic Pedrocchi - profesordefrancesenmadrid.com","description":"CV de Profesor de franc\u00e9s nativo (Par\u00eds), con +10 a\u00f1os de experiencia en empresas y academias e clases particulares.","robots":{"index":"index","follow":"follow","max-snippet":"max-snippet:-1","max-image-preview":"max-image-preview:large","max-video-preview":"max-video-preview:-1"},"canonical":"https:\/\/profesordefrancesenmadrid.com\/index.php\/curriculum-vitae\/","og_locale":"es_ES","og_type":"article","og_title":"Curriculum Vitae (en espa\u00f1ol) - Ludovic Pedrocchi - profesordefrancesenmadrid.com","og_description":"CV de Profesor de franc\u00e9s nativo (Par\u00eds), con +10 a\u00f1os de experiencia en empresas y academias e clases particulares.","og_url":"https:\/\/profesordefrancesenmadrid.com\/index.php\/curriculum-vitae\/","og_site_name":"Ludovic Pedrocchi","article_publisher":"https:\/\/www.facebook.com\/profesordefrancesenmadrid","article_modified_time":"2025-05-19T15:43:02+00:00","og_image":[{"width":1024,"height":576,"url":"https:\/\/profesordefrancesenmadrid.com\/wp-content\/uploads\/2020\/06\/couveludo-1.jpg","type":"image\/jpeg"}],"twitter_card":"summary_large_image","twitter_site":"@ldpedrocchi","twitter_misc":{"Tiempo de lectura":"3 minutos"},"schema":{"@context":"https:\/\/schema.org","@graph":[{"@type":"WebPage","@id":"https:\/\/profesordefrancesenmadrid.com\/index.php\/curriculum-vitae\/","url":"https:\/\/profesordefrancesenmadrid.com\/index.php\/curriculum-vitae\/","name":"Curriculum Vitae (en espa\u00f1ol) - Ludovic Pedrocchi - profesordefrancesenmadrid.com","isPartOf":{"@id":"https:\/\/profesordefrancesenmadrid.com\/#website"},"primaryImageOfPage":{"@id":"https:\/\/profesordefrancesenmadrid.com\/index.php\/curriculum-vitae\/#primaryimage"},"image":{"@id":"https:\/\/profesordefrancesenmadrid.com\/index.php\/curriculum-vitae\/#primaryimage"},"thumbnailUrl":"https:\/\/i0.wp.com\/profesordefrancesenmadrid.com\/wp-content\/uploads\/2020\/06\/couveludo-1.jpg?fit=1024%2C576&ssl=1","datePublished":"2019-11-09T12:56:48+00:00","dateModified":"2025-05-19T15:43:02+00:00","description":"CV de Profesor de franc\u00e9s nativo (Par\u00eds), con +10 a\u00f1os de experiencia en empresas y academias e clases particulares.","breadcrumb":{"@id":"https:\/\/profesordefrancesenmadrid.com\/index.php\/curriculum-vitae\/#breadcrumb"},"inLanguage":"es","potentialAction":[{"@type":"ReadAction","target":["https:\/\/profesordefrancesenmadrid.com\/index.php\/curriculum-vitae\/"]}]},{"@type":"ImageObject","inLanguage":"es","@id":"https:\/\/profesordefrancesenmadrid.com\/index.php\/curriculum-vitae\/#primaryimage","url":"https:\/\/i0.wp.com\/profesordefrancesenmadrid.com\/wp-content\/uploads\/2020\/06\/couveludo-1.jpg?fit=1024%2C576&ssl=1","contentUrl":"https:\/\/i0.wp.com\/profesordefrancesenmadrid.com\/wp-content\/uploads\/2020\/06\/couveludo-1.jpg?fit=1024%2C576&ssl=1","width":1024,"height":576,"caption":"Profesor nativo de franc\u00e9s con experiencia. Mi objetivo: que aprendas a comunicarte en franc\u00e9s de forma natural, eficaz y con confianza."},{"@type":"BreadcrumbList","@id":"https:\/\/profesordefrancesenmadrid.com\/index.php\/curriculum-vitae\/#breadcrumb","itemListElement":[{"@type":"ListItem","position":1,"name":"Accueil","item":"https:\/\/profesordefrancesenmadrid.com\/"},{"@type":"ListItem","position":2,"name":"Curriculum Vitae (en espa\u00f1ol)"}]},{"@type":"WebSite","@id":"https:\/\/profesordefrancesenmadrid.com\/#website","url":"https:\/\/profesordefrancesenmadrid.com\/","name":"Ludovic Pedrocchi","description":"Profesor de franc\u00e9s en Madrid desde 2007","publisher":{"@id":"https:\/\/profesordefrancesenmadrid.com\/#organization"},"potentialAction":[{"@type":"SearchAction","target":{"@type":"EntryPoint","urlTemplate":"https:\/\/profesordefrancesenmadrid.com\/?s={search_term_string}"},"query-input":{"@type":"PropertyValueSpecification","valueRequired":true,"valueName":"search_term_string"}}],"inLanguage":"es"},{"@type":"Organization","@id":"https:\/\/profesordefrancesenmadrid.com\/#organization","name":"Profesor de franc\u00e9s en Madrid","url":"https:\/\/profesordefrancesenmadrid.com\/","logo":{"@type":"ImageObject","inLanguage":"es","@id":"https:\/\/profesordefrancesenmadrid.com\/#\/schema\/logo\/image\/","url":"https:\/\/i0.wp.com\/profesordefrancesenmadrid.com\/wp-content\/uploads\/2019\/11\/logo-retina4.png?fit=531%2C64&ssl=1","contentUrl":"https:\/\/i0.wp.com\/profesordefrancesenmadrid.com\/wp-content\/uploads\/2019\/11\/logo-retina4.png?fit=531%2C64&ssl=1","width":531,"height":64,"caption":"Profesor de franc\u00e9s en Madrid"},"image":{"@id":"https:\/\/profesordefrancesenmadrid.com\/#\/schema\/logo\/image\/"},"sameAs":["https:\/\/www.facebook.com\/profesordefrancesenmadrid","https:\/\/x.com\/ldpedrocchi","https:\/\/www.instagram.com\/ludovicpedrocchi\/","https:\/\/www.linkedin.com\/company\/profesordefrancesenmadrid\/","https:\/\/www.youtube.com\/channel\/UCDJoG_2eg4zNu5TEKKnWeOQ"]}]}},"jetpack_sharing_enabled":true,"jetpack_likes_enabled":true,"jetpack-related-posts":[],"rttpg_featured_image_url":{"full":["https:\/\/i0.wp.com\/profesordefrancesenmadrid.com\/wp-content\/uploads\/2020\/06\/couveludo-1.jpg?fit=1024%2C576&ssl=1",1024,576,false],"landscape":["https:\/\/profesordefrancesenmadrid.com\/wp-content\/uploads\/2020\/06\/couveludo-1.jpg",1024,576,false],"portraits":["https:\/\/profesordefrancesenmadrid.com\/wp-content\/uploads\/2020\/06\/couveludo-1.jpg",1024,576,false],"thumbnail":["https:\/\/i0.wp.com\/profesordefrancesenmadrid.com\/wp-content\/uploads\/2020\/06\/couveludo-1.jpg?resize=150%2C150&ssl=1",150,150,true],"medium":["https:\/\/i0.wp.com\/profesordefrancesenmadrid.com\/wp-content\/uploads\/2020\/06\/couveludo-1.jpg?fit=300%2C169&ssl=1",300,169,true],"large":["https:\/\/i0.wp.com\/profesordefrancesenmadrid.com\/wp-content\/uploads\/2020\/06\/couveludo-1.jpg?fit=790%2C444&ssl=1",790,444,true],"1536x1536":["https:\/\/i0.wp.com\/profesordefrancesenmadrid.com\/wp-content\/uploads\/2020\/06\/couveludo-1.jpg?fit=1024%2C576&ssl=1",1024,576,true],"2048x2048":["https:\/\/i0.wp.com\/profesordefrancesenmadrid.com\/wp-content\/uploads\/2020\/06\/couveludo-1.jpg?fit=1024%2C576&ssl=1",1024,576,true],"screenr-blog-grid-small":["https:\/\/i0.wp.com\/profesordefrancesenmadrid.com\/wp-content\/uploads\/2020\/06\/couveludo-1.jpg?resize=350%2C200&ssl=1",350,200,true],"screenr-blog-grid":["https:\/\/i0.wp.com\/profesordefrancesenmadrid.com\/wp-content\/uploads\/2020\/06\/couveludo-1.jpg?resize=540%2C300&ssl=1",540,300,true],"screenr-blog-list":["https:\/\/i0.wp.com\/profesordefrancesenmadrid.com\/wp-content\/uploads\/2020\/06\/couveludo-1.jpg?resize=790%2C400&ssl=1",790,400,true],"screenr-service-small":["https:\/\/i0.wp.com\/profesordefrancesenmadrid.com\/wp-content\/uploads\/2020\/06\/couveludo-1.jpg?resize=538%2C280&ssl=1",538,280,true],"screenr-thumbnail-team":["https:\/\/i0.wp.com\/profesordefrancesenmadrid.com\/wp-content\/uploads\/2020\/06\/couveludo-1.jpg?resize=340%2C220&ssl=1",340,220,true]},"rttpg_author":{"display_name":"Ludovic Pedrocchi","author_link":"https:\/\/profesordefrancesenmadrid.com\/index.php\/author\/ludovicpedrocchi\/"},"rttpg_comment":0,"rttpg_category":null,"rttpg_excerpt":"Perfil Profesor de franc&eacute;s nativo (Par&iacute;s), con m&aacute;s de 10 a&ntilde;os de experiencia en escuelas de idiomas para empresas y particulares. Diplomado en estudios cinematogr&aacute;ficos y formaci&oacute;n en FLE (franc&eacute;s como lengua extranjera). En mis clases, pongo especial &eacute;nfasis en la personalizaci&oacute;n de la docencia a trav&eacute;s de la adaptaci&oacute;n...","_links":{"self":[{"href":"https:\/\/profesordefrancesenmadrid.com\/index.php\/wp-json\/wp\/v2\/pages\/1226","targetHints":{"allow":["GET"]}}],"collection":[{"href":"https:\/\/profesordefrancesenmadrid.com\/index.php\/wp-json\/wp\/v2\/pages"}],"about":[{"href":"https:\/\/profesordefrancesenmadrid.com\/index.php\/wp-json\/wp\/v2\/types\/page"}],"author":[{"embeddable":true,"href":"https:\/\/profesordefrancesenmadrid.com\/index.php\/wp-json\/wp\/v2\/users\/3"}],"replies":[{"embeddable":true,"href":"https:\/\/profesordefrancesenmadrid.com\/index.php\/wp-json\/wp\/v2\/comments?post=1226"}],"version-history":[{"count":43,"href":"https:\/\/profesordefrancesenmadrid.com\/index.php\/wp-json\/wp\/v2\/pages\/1226\/revisions"}],"predecessor-version":[{"id":14284,"href":"https:\/\/profesordefrancesenmadrid.com\/index.php\/wp-json\/wp\/v2\/pages\/1226\/revisions\/14284"}],"wp:featuredmedia":[{"embeddable":true,"href":"https:\/\/profesordefrancesenmadrid.com\/index.php\/wp-json\/wp\/v2\/media\/3046"}],"wp:attachment":[{"href":"https:\/\/profesordefrancesenmadrid.com\/index.php\/wp-json\/wp\/v2\/media?parent=1226"}],"curies":[{"name":"wp","href":"https:\/\/api.w.org\/{rel}","templated":true}]}}