{"id":1185,"date":"2016-09-05T19:52:33","date_gmt":"2016-09-05T19:52:33","guid":{"rendered":"http:\/\/demos.famethemes.com\/screenr\/?page_id=12"},"modified":"2019-11-23T11:14:00","modified_gmt":"2019-11-23T10:14:00","slug":"mis-clases","status":"publish","type":"page","link":"https:\/\/profesordefrancesenmadrid.com\/index.php\/mis-clases\/","title":{"rendered":"Mis clases"},"content":{"rendered":"<ul>\n<li>Todos los niveles<\/li>\n<li>Clases profesionales basadas en gram\u00e1tica<\/li>\n<li>Pronunciaci\u00f3n, escribir un e-mail<\/li>\n<li>Presentaci\u00f3n<\/li>\n<li>Art\u00edculos vinculados con la pol\u00edtica de la empresa.<\/li>\n<\/ul>\n","protected":false},"excerpt":{"rendered":"<p>Todos los niveles<br \/>\nClases profesionales basadas en gram\u00e1tica<br \/>\nPronunciaci\u00f3n<br \/>\nPresentaci\u00f3n<br \/>\nArt\u00edculos vinculados con la pol\u00edtica de la empresa<br \/>\nPreparaci\u00f3n a DELF\/DALF \u2013 TFC<\/p>\n","protected":false},"author":2,"featured_media":1298,"parent":0,"menu_order":0,"comment_status":"closed","ping_status":"closed","template":"","meta":{"footnotes":""},"class_list":["post-1185","page","type-page","status-publish","has-post-thumbnail","hentry"],"yoast_head":"<!-- This site is optimized with the Yoast SEO plugin v27.3 - https:\/\/yoast.com\/product\/yoast-seo-wordpress\/ -->\n<title>Mis clases - Ludovic Pedrocchi<\/title>\n<meta name=\"robots\" content=\"index, follow, max-snippet:-1, max-image-preview:large, max-video-preview:-1\" \/>\n<link rel=\"canonical\" href=\"https:\/\/profesordefrancesenmadrid.com\/index.php\/mis-clases\/\" \/>\n<meta property=\"og:locale\" content=\"es_ES\" \/>\n<meta property=\"og:type\" content=\"article\" \/>\n<meta property=\"og:title\" content=\"Mis clases - Ludovic Pedrocchi\" \/>\n<meta property=\"og:description\" content=\"Todos los niveles Clases profesionales basadas en gram\u00e1tica Pronunciaci\u00f3n Presentaci\u00f3n Art\u00edculos vinculados con la pol\u00edtica de la empresa Preparaci\u00f3n a DELF\/DALF \u2013 TFC\" \/>\n<meta property=\"og:url\" content=\"https:\/\/profesordefrancesenmadrid.com\/index.php\/mis-clases\/\" \/>\n<meta property=\"og:site_name\" content=\"Ludovic Pedrocchi\" \/>\n<meta property=\"article:publisher\" content=\"https:\/\/www.facebook.com\/profesordefrancesenmadrid\" \/>\n<meta property=\"article:modified_time\" content=\"2019-11-23T10:14:00+00:00\" \/>\n<meta property=\"og:image\" content=\"https:\/\/i0.wp.com\/profesordefrancesenmadrid.com\/wp-content\/uploads\/2019\/11\/ludo-tout-niveau.png?fit=710%2C472&ssl=1\" \/>\n\t<meta property=\"og:image:width\" content=\"710\" \/>\n\t<meta property=\"og:image:height\" content=\"472\" \/>\n\t<meta property=\"og:image:type\" content=\"image\/png\" \/>\n<meta name=\"twitter:card\" content=\"summary_large_image\" \/>\n<meta name=\"twitter:site\" content=\"@ldpedrocchi\" \/>\n<script type=\"application\/ld+json\" class=\"yoast-schema-graph\">{\"@context\":\"https:\\\/\\\/schema.org\",\"@graph\":[{\"@type\":\"WebPage\",\"@id\":\"https:\\\/\\\/profesordefrancesenmadrid.com\\\/index.php\\\/mis-clases\\\/\",\"url\":\"https:\\\/\\\/profesordefrancesenmadrid.com\\\/index.php\\\/mis-clases\\\/\",\"name\":\"Mis clases - Ludovic Pedrocchi\",\"isPartOf\":{\"@id\":\"https:\\\/\\\/profesordefrancesenmadrid.com\\\/#website\"},\"primaryImageOfPage\":{\"@id\":\"https:\\\/\\\/profesordefrancesenmadrid.com\\\/index.php\\\/mis-clases\\\/#primaryimage\"},\"image\":{\"@id\":\"https:\\\/\\\/profesordefrancesenmadrid.com\\\/index.php\\\/mis-clases\\\/#primaryimage\"},\"thumbnailUrl\":\"https:\\\/\\\/i0.wp.com\\\/profesordefrancesenmadrid.com\\\/wp-content\\\/uploads\\\/2019\\\/11\\\/ludo-tout-niveau.png?fit=710%2C472&ssl=1\",\"datePublished\":\"2016-09-05T19:52:33+00:00\",\"dateModified\":\"2019-11-23T10:14:00+00:00\",\"breadcrumb\":{\"@id\":\"https:\\\/\\\/profesordefrancesenmadrid.com\\\/index.php\\\/mis-clases\\\/#breadcrumb\"},\"inLanguage\":\"es\",\"potentialAction\":[{\"@type\":\"ReadAction\",\"target\":[\"https:\\\/\\\/profesordefrancesenmadrid.com\\\/index.php\\\/mis-clases\\\/\"]}]},{\"@type\":\"ImageObject\",\"inLanguage\":\"es\",\"@id\":\"https:\\\/\\\/profesordefrancesenmadrid.com\\\/index.php\\\/mis-clases\\\/#primaryimage\",\"url\":\"https:\\\/\\\/i0.wp.com\\\/profesordefrancesenmadrid.com\\\/wp-content\\\/uploads\\\/2019\\\/11\\\/ludo-tout-niveau.png?fit=710%2C472&ssl=1\",\"contentUrl\":\"https:\\\/\\\/i0.wp.com\\\/profesordefrancesenmadrid.com\\\/wp-content\\\/uploads\\\/2019\\\/11\\\/ludo-tout-niveau.png?fit=710%2C472&ssl=1\",\"width\":710,\"height\":472,\"caption\":\"Ludovic Pedrocchi - profesordefrancesenmadrid.com\"},{\"@type\":\"BreadcrumbList\",\"@id\":\"https:\\\/\\\/profesordefrancesenmadrid.com\\\/index.php\\\/mis-clases\\\/#breadcrumb\",\"itemListElement\":[{\"@type\":\"ListItem\",\"position\":1,\"name\":\"Accueil\",\"item\":\"https:\\\/\\\/profesordefrancesenmadrid.com\\\/\"},{\"@type\":\"ListItem\",\"position\":2,\"name\":\"Mis clases\"}]},{\"@type\":\"WebSite\",\"@id\":\"https:\\\/\\\/profesordefrancesenmadrid.com\\\/#website\",\"url\":\"https:\\\/\\\/profesordefrancesenmadrid.com\\\/\",\"name\":\"Ludovic Pedrocchi\",\"description\":\"Profesor de franc\u00e9s en Madrid desde 2007\",\"publisher\":{\"@id\":\"https:\\\/\\\/profesordefrancesenmadrid.com\\\/#organization\"},\"potentialAction\":[{\"@type\":\"SearchAction\",\"target\":{\"@type\":\"EntryPoint\",\"urlTemplate\":\"https:\\\/\\\/profesordefrancesenmadrid.com\\\/?s={search_term_string}\"},\"query-input\":{\"@type\":\"PropertyValueSpecification\",\"valueRequired\":true,\"valueName\":\"search_term_string\"}}],\"inLanguage\":\"es\"},{\"@type\":\"Organization\",\"@id\":\"https:\\\/\\\/profesordefrancesenmadrid.com\\\/#organization\",\"name\":\"Profesor de franc\u00e9s en Madrid\",\"url\":\"https:\\\/\\\/profesordefrancesenmadrid.com\\\/\",\"logo\":{\"@type\":\"ImageObject\",\"inLanguage\":\"es\",\"@id\":\"https:\\\/\\\/profesordefrancesenmadrid.com\\\/#\\\/schema\\\/logo\\\/image\\\/\",\"url\":\"https:\\\/\\\/i0.wp.com\\\/profesordefrancesenmadrid.com\\\/wp-content\\\/uploads\\\/2019\\\/11\\\/logo-retina4.png?fit=531%2C64&ssl=1\",\"contentUrl\":\"https:\\\/\\\/i0.wp.com\\\/profesordefrancesenmadrid.com\\\/wp-content\\\/uploads\\\/2019\\\/11\\\/logo-retina4.png?fit=531%2C64&ssl=1\",\"width\":531,\"height\":64,\"caption\":\"Profesor de franc\u00e9s en Madrid\"},\"image\":{\"@id\":\"https:\\\/\\\/profesordefrancesenmadrid.com\\\/#\\\/schema\\\/logo\\\/image\\\/\"},\"sameAs\":[\"https:\\\/\\\/www.facebook.com\\\/profesordefrancesenmadrid\",\"https:\\\/\\\/x.com\\\/ldpedrocchi\",\"https:\\\/\\\/www.instagram.com\\\/ludovicpedrocchi\\\/\",\"https:\\\/\\\/www.linkedin.com\\\/company\\\/profesordefrancesenmadrid\\\/\",\"https:\\\/\\\/www.youtube.com\\\/channel\\\/UCDJoG_2eg4zNu5TEKKnWeOQ\"]}]}<\/script>\n<!-- \/ Yoast SEO plugin. -->","yoast_head_json":{"title":"Mis clases - Ludovic Pedrocchi","robots":{"index":"index","follow":"follow","max-snippet":"max-snippet:-1","max-image-preview":"max-image-preview:large","max-video-preview":"max-video-preview:-1"},"canonical":"https:\/\/profesordefrancesenmadrid.com\/index.php\/mis-clases\/","og_locale":"es_ES","og_type":"article","og_title":"Mis clases - Ludovic Pedrocchi","og_description":"Todos los niveles Clases profesionales basadas en gram\u00e1tica Pronunciaci\u00f3n Presentaci\u00f3n Art\u00edculos vinculados con la pol\u00edtica de la empresa Preparaci\u00f3n a DELF\/DALF \u2013 TFC","og_url":"https:\/\/profesordefrancesenmadrid.com\/index.php\/mis-clases\/","og_site_name":"Ludovic Pedrocchi","article_publisher":"https:\/\/www.facebook.com\/profesordefrancesenmadrid","article_modified_time":"2019-11-23T10:14:00+00:00","og_image":[{"width":710,"height":472,"url":"https:\/\/i0.wp.com\/profesordefrancesenmadrid.com\/wp-content\/uploads\/2019\/11\/ludo-tout-niveau.png?fit=710%2C472&ssl=1","type":"image\/png"}],"twitter_card":"summary_large_image","twitter_site":"@ldpedrocchi","schema":{"@context":"https:\/\/schema.org","@graph":[{"@type":"WebPage","@id":"https:\/\/profesordefrancesenmadrid.com\/index.php\/mis-clases\/","url":"https:\/\/profesordefrancesenmadrid.com\/index.php\/mis-clases\/","name":"Mis clases - Ludovic Pedrocchi","isPartOf":{"@id":"https:\/\/profesordefrancesenmadrid.com\/#website"},"primaryImageOfPage":{"@id":"https:\/\/profesordefrancesenmadrid.com\/index.php\/mis-clases\/#primaryimage"},"image":{"@id":"https:\/\/profesordefrancesenmadrid.com\/index.php\/mis-clases\/#primaryimage"},"thumbnailUrl":"https:\/\/i0.wp.com\/profesordefrancesenmadrid.com\/wp-content\/uploads\/2019\/11\/ludo-tout-niveau.png?fit=710%2C472&ssl=1","datePublished":"2016-09-05T19:52:33+00:00","dateModified":"2019-11-23T10:14:00+00:00","breadcrumb":{"@id":"https:\/\/profesordefrancesenmadrid.com\/index.php\/mis-clases\/#breadcrumb"},"inLanguage":"es","potentialAction":[{"@type":"ReadAction","target":["https:\/\/profesordefrancesenmadrid.com\/index.php\/mis-clases\/"]}]},{"@type":"ImageObject","inLanguage":"es","@id":"https:\/\/profesordefrancesenmadrid.com\/index.php\/mis-clases\/#primaryimage","url":"https:\/\/i0.wp.com\/profesordefrancesenmadrid.com\/wp-content\/uploads\/2019\/11\/ludo-tout-niveau.png?fit=710%2C472&ssl=1","contentUrl":"https:\/\/i0.wp.com\/profesordefrancesenmadrid.com\/wp-content\/uploads\/2019\/11\/ludo-tout-niveau.png?fit=710%2C472&ssl=1","width":710,"height":472,"caption":"Ludovic Pedrocchi - profesordefrancesenmadrid.com"},{"@type":"BreadcrumbList","@id":"https:\/\/profesordefrancesenmadrid.com\/index.php\/mis-clases\/#breadcrumb","itemListElement":[{"@type":"ListItem","position":1,"name":"Accueil","item":"https:\/\/profesordefrancesenmadrid.com\/"},{"@type":"ListItem","position":2,"name":"Mis clases"}]},{"@type":"WebSite","@id":"https:\/\/profesordefrancesenmadrid.com\/#website","url":"https:\/\/profesordefrancesenmadrid.com\/","name":"Ludovic Pedrocchi","description":"Profesor de franc\u00e9s en Madrid desde 2007","publisher":{"@id":"https:\/\/profesordefrancesenmadrid.com\/#organization"},"potentialAction":[{"@type":"SearchAction","target":{"@type":"EntryPoint","urlTemplate":"https:\/\/profesordefrancesenmadrid.com\/?s={search_term_string}"},"query-input":{"@type":"PropertyValueSpecification","valueRequired":true,"valueName":"search_term_string"}}],"inLanguage":"es"},{"@type":"Organization","@id":"https:\/\/profesordefrancesenmadrid.com\/#organization","name":"Profesor de franc\u00e9s en Madrid","url":"https:\/\/profesordefrancesenmadrid.com\/","logo":{"@type":"ImageObject","inLanguage":"es","@id":"https:\/\/profesordefrancesenmadrid.com\/#\/schema\/logo\/image\/","url":"https:\/\/i0.wp.com\/profesordefrancesenmadrid.com\/wp-content\/uploads\/2019\/11\/logo-retina4.png?fit=531%2C64&ssl=1","contentUrl":"https:\/\/i0.wp.com\/profesordefrancesenmadrid.com\/wp-content\/uploads\/2019\/11\/logo-retina4.png?fit=531%2C64&ssl=1","width":531,"height":64,"caption":"Profesor de franc\u00e9s en Madrid"},"image":{"@id":"https:\/\/profesordefrancesenmadrid.com\/#\/schema\/logo\/image\/"},"sameAs":["https:\/\/www.facebook.com\/profesordefrancesenmadrid","https:\/\/x.com\/ldpedrocchi","https:\/\/www.instagram.com\/ludovicpedrocchi\/","https:\/\/www.linkedin.com\/company\/profesordefrancesenmadrid\/","https:\/\/www.youtube.com\/channel\/UCDJoG_2eg4zNu5TEKKnWeOQ"]}]}},"jetpack_sharing_enabled":true,"jetpack_likes_enabled":true,"jetpack-related-posts":[],"rttpg_featured_image_url":{"full":["https:\/\/i0.wp.com\/profesordefrancesenmadrid.com\/wp-content\/uploads\/2019\/11\/ludo-tout-niveau.png?fit=710%2C472&ssl=1",710,472,false],"landscape":["https:\/\/profesordefrancesenmadrid.com\/wp-content\/uploads\/2019\/11\/ludo-tout-niveau.png",710,472,false],"portraits":["https:\/\/profesordefrancesenmadrid.com\/wp-content\/uploads\/2019\/11\/ludo-tout-niveau.png",710,472,false],"thumbnail":["https:\/\/i0.wp.com\/profesordefrancesenmadrid.com\/wp-content\/uploads\/2019\/11\/ludo-tout-niveau.png?resize=150%2C150&ssl=1",150,150,true],"medium":["https:\/\/i0.wp.com\/profesordefrancesenmadrid.com\/wp-content\/uploads\/2019\/11\/ludo-tout-niveau.png?fit=300%2C199&ssl=1",300,199,true],"large":["https:\/\/i0.wp.com\/profesordefrancesenmadrid.com\/wp-content\/uploads\/2019\/11\/ludo-tout-niveau.png?fit=710%2C472&ssl=1",710,472,true],"1536x1536":["https:\/\/i0.wp.com\/profesordefrancesenmadrid.com\/wp-content\/uploads\/2019\/11\/ludo-tout-niveau.png?fit=710%2C472&ssl=1",710,472,true],"2048x2048":["https:\/\/i0.wp.com\/profesordefrancesenmadrid.com\/wp-content\/uploads\/2019\/11\/ludo-tout-niveau.png?fit=710%2C472&ssl=1",710,472,true],"screenr-blog-grid-small":["https:\/\/i0.wp.com\/profesordefrancesenmadrid.com\/wp-content\/uploads\/2019\/11\/ludo-tout-niveau.png?resize=350%2C200&ssl=1",350,200,true],"screenr-blog-grid":["https:\/\/i0.wp.com\/profesordefrancesenmadrid.com\/wp-content\/uploads\/2019\/11\/ludo-tout-niveau.png?resize=540%2C300&ssl=1",540,300,true],"screenr-blog-list":["https:\/\/i0.wp.com\/profesordefrancesenmadrid.com\/wp-content\/uploads\/2019\/11\/ludo-tout-niveau.png?resize=710%2C400&ssl=1",710,400,true],"screenr-service-small":["https:\/\/i0.wp.com\/profesordefrancesenmadrid.com\/wp-content\/uploads\/2019\/11\/ludo-tout-niveau.png?resize=538%2C280&ssl=1",538,280,true],"screenr-thumbnail-team":["https:\/\/i0.wp.com\/profesordefrancesenmadrid.com\/wp-content\/uploads\/2019\/11\/ludo-tout-niveau.png?resize=340%2C220&ssl=1",340,220,true]},"rttpg_author":{"display_name":"FameThemes","author_link":"https:\/\/profesordefrancesenmadrid.com\/index.php\/author\/famedemo\/"},"rttpg_comment":0,"rttpg_category":null,"rttpg_excerpt":"Todos los niveles Clases profesionales basadas en gram&aacute;tica Pronunciaci&oacute;n Presentaci&oacute;n Art&iacute;culos vinculados con la pol&iacute;tica de la empresa Preparaci&oacute;n a DELF\/DALF &ndash; TFC","_links":{"self":[{"href":"https:\/\/profesordefrancesenmadrid.com\/index.php\/wp-json\/wp\/v2\/pages\/1185","targetHints":{"allow":["GET"]}}],"collection":[{"href":"https:\/\/profesordefrancesenmadrid.com\/index.php\/wp-json\/wp\/v2\/pages"}],"about":[{"href":"https:\/\/profesordefrancesenmadrid.com\/index.php\/wp-json\/wp\/v2\/types\/page"}],"author":[{"embeddable":true,"href":"https:\/\/profesordefrancesenmadrid.com\/index.php\/wp-json\/wp\/v2\/users\/2"}],"replies":[{"embeddable":true,"href":"https:\/\/profesordefrancesenmadrid.com\/index.php\/wp-json\/wp\/v2\/comments?post=1185"}],"version-history":[{"count":10,"href":"https:\/\/profesordefrancesenmadrid.com\/index.php\/wp-json\/wp\/v2\/pages\/1185\/revisions"}],"predecessor-version":[{"id":1574,"href":"https:\/\/profesordefrancesenmadrid.com\/index.php\/wp-json\/wp\/v2\/pages\/1185\/revisions\/1574"}],"wp:featuredmedia":[{"embeddable":true,"href":"https:\/\/profesordefrancesenmadrid.com\/index.php\/wp-json\/wp\/v2\/media\/1298"}],"wp:attachment":[{"href":"https:\/\/profesordefrancesenmadrid.com\/index.php\/wp-json\/wp\/v2\/media?parent=1185"}],"curies":[{"name":"wp","href":"https:\/\/api.w.org\/{rel}","templated":true}]}}