{"id":10695,"date":"2023-03-25T20:15:18","date_gmt":"2023-03-25T19:15:18","guid":{"rendered":"https:\/\/profesordefrancesenmadrid.com\/?page_id=10695"},"modified":"2023-09-17T12:27:40","modified_gmt":"2023-09-17T10:27:40","slug":"delf-b2-junior","status":"publish","type":"page","link":"https:\/\/profesordefrancesenmadrid.com\/index.php\/delf-dalf-tcf\/delf-b2-junior\/","title":{"rendered":"DELF B2 Junior"},"content":{"rendered":"<p>Exemples et conseils pour l\u2019examen de fran\u00e7ais&nbsp;<strong>DELF B2 Junior<\/strong> :<\/p>\n<h3 class=\"entry-title\"><a href=\"https:\/\/profesordefrancesenmadrid.com\/index.php\/2023\/01\/29\/delf-b2-junior-2023-exemple-de-comprehension-orale-avec-corrige-et-transcription\/\" target=\"_blank\" rel=\"noopener\"><strong>\u2192 DELF B2 Junior 2023 \u2013 Exemple de compr\u00e9hension orale avec corrig\u00e9 et transcription<\/strong><\/a><\/h3>\n\n<div class=\"wp-block-image\">\n<figure class=\"aligncenter size-full is-resized\"><a href=\"https:\/\/profesordefrancesenmadrid.com\/index.php\/2023\/01\/29\/delf-b2-junior-2023-exemple-de-comprehension-orale-avec-corrige-et-transcription\/\" target=\"_blank\" rel=\"noreferrer noopener\"><img data-recalc-dims=\"1\" decoding=\"async\" src=\"https:\/\/i0.wp.com\/profesordefrancesenmadrid.com\/wp-content\/uploads\/2023\/01\/DELF-B2-Junior-2023-Comprehension-orale-1.jpg?w=700&#038;ssl=1\" alt=\"Exemples, corrig\u00e9s et conseils pour les \u00e9preuves du DELF B2 Tout public : compr\u00e9hension orale et \u00e9crite \/ production \u00e9crite et orale.\" class=\"wp-image-10020\" style=\"width:700px\"  srcset=\"https:\/\/i0.wp.com\/profesordefrancesenmadrid.com\/wp-content\/uploads\/2023\/01\/DELF-B2-Junior-2023-Comprehension-orale-1.jpg?w=1024&amp;ssl=1 1024w, https:\/\/i0.wp.com\/profesordefrancesenmadrid.com\/wp-content\/uploads\/2023\/01\/DELF-B2-Junior-2023-Comprehension-orale-1.jpg?resize=300%2C169&amp;ssl=1 300w, https:\/\/i0.wp.com\/profesordefrancesenmadrid.com\/wp-content\/uploads\/2023\/01\/DELF-B2-Junior-2023-Comprehension-orale-1.jpg?resize=768%2C432&amp;ssl=1 768w\" sizes=\"(max-width: 790px) 100vw, 790px\" \/><\/a><\/figure>\n<\/div>\n\n\n<hr class=\"wp-block-separator has-alpha-channel-opacity\"\/>\n\n\n<h3 class=\"entry-title\"><a href=\"https:\/\/profesordefrancesenmadrid.com\/index.php\/2023\/01\/29\/delf-b2-junior-2023-exemple-de-comprehension-des-ecrits-avec-corrige-et-ressources\/\" target=\"_blank\" rel=\"noopener\"><strong>\u2192 DELF B2 Junior 2023 \u2013 Exemple de compr\u00e9hension des \u00e9crits avec corrig\u00e9 et ressources<\/strong><\/a><\/h3>\n\n<div class=\"wp-block-image\">\n<figure class=\"aligncenter size-full is-resized\"><a href=\"https:\/\/profesordefrancesenmadrid.com\/index.php\/2023\/01\/29\/delf-b2-junior-2023-exemple-de-comprehension-des-ecrits-avec-corrige-et-ressources\/\" target=\"_blank\" rel=\"noreferrer noopener\"><img data-recalc-dims=\"1\" decoding=\"async\" src=\"https:\/\/i0.wp.com\/profesordefrancesenmadrid.com\/wp-content\/uploads\/2023\/01\/DELF-B2-Junior-2023-Comprehension-des-ecrits.jpg?w=700&#038;ssl=1\" alt=\"Exemples, corrig\u00e9s et conseils pour les \u00e9preuves du DELF B2 Tout public : compr\u00e9hension orale et \u00e9crite \/ production \u00e9crite et orale.\" class=\"wp-image-10005\" style=\"width:700px\"  srcset=\"https:\/\/i0.wp.com\/profesordefrancesenmadrid.com\/wp-content\/uploads\/2023\/01\/DELF-B2-Junior-2023-Comprehension-des-ecrits.jpg?w=1024&amp;ssl=1 1024w, https:\/\/i0.wp.com\/profesordefrancesenmadrid.com\/wp-content\/uploads\/2023\/01\/DELF-B2-Junior-2023-Comprehension-des-ecrits.jpg?resize=300%2C169&amp;ssl=1 300w, https:\/\/i0.wp.com\/profesordefrancesenmadrid.com\/wp-content\/uploads\/2023\/01\/DELF-B2-Junior-2023-Comprehension-des-ecrits.jpg?resize=768%2C432&amp;ssl=1 768w\" sizes=\"(max-width: 790px) 100vw, 790px\" \/><\/a><\/figure>\n<\/div>\n\n\n<hr class=\"wp-block-separator has-alpha-channel-opacity\"\/>\n\n\n<div class=\"wp-block-image\">\n<figure class=\"aligncenter size-full is-resized\"><a href=\"https:\/\/profesordefrancesenmadrid.com\/index.php\/2023\/05\/21\/oferta-de-clases-especiales-delf-para-todos-los-niveles-y-para-para-todos-los-publicos-adultos-juniors\/\" target=\"_blank\" rel=\"noreferrer noopener\"><img data-recalc-dims=\"1\" loading=\"lazy\" decoding=\"async\" src=\"https:\/\/i0.wp.com\/profesordefrancesenmadrid.com\/wp-content\/uploads\/2023\/05\/Prepa-delf-pub-clic-2.jpg?resize=560%2C315&#038;ssl=1\" alt=\"DELF\" class=\"wp-image-10865\" style=\"width:560px;height:315px\" width=\"560\" height=\"315\" srcset=\"https:\/\/i0.wp.com\/profesordefrancesenmadrid.com\/wp-content\/uploads\/2023\/05\/Prepa-delf-pub-clic-2.jpg?w=1024&amp;ssl=1 1024w, https:\/\/i0.wp.com\/profesordefrancesenmadrid.com\/wp-content\/uploads\/2023\/05\/Prepa-delf-pub-clic-2.jpg?resize=300%2C169&amp;ssl=1 300w, https:\/\/i0.wp.com\/profesordefrancesenmadrid.com\/wp-content\/uploads\/2023\/05\/Prepa-delf-pub-clic-2.jpg?resize=768%2C432&amp;ssl=1 768w\" sizes=\"auto, (max-width: 560px) 100vw, 560px\" \/><\/a><\/figure>\n<\/div>\n\n\n<hr class=\"wp-block-separator has-alpha-channel-opacity\"\/>\n\n\n<h3><a href=\"https:\/\/profesordefrancesenmadrid.com\/index.php\/2023\/05\/06\/delf-b2-tout-public-2023-exemple-de-production-ecrite-avec-corrige-et-conseils-pour-lepreuve-2\/\" target=\"_blank\" rel=\"noopener\"><strong>\u2192 DELF B2 Junior 2023 \u2013 Exemple de production \u00e9crite avec corrig\u00e9 et conseils pour l\u2019\u00e9preuve<\/strong><\/a><\/h3>\n\n<div class=\"wp-block-image\">\n<figure class=\"aligncenter size-full\"><img data-recalc-dims=\"1\" loading=\"lazy\" decoding=\"async\" width=\"790\" height=\"444\" src=\"https:\/\/i0.wp.com\/profesordefrancesenmadrid.com\/wp-content\/uploads\/2023\/05\/Delf-b2-junior-PE-2023-2.jpg?resize=790%2C444&#038;ssl=1\" alt=\"Conseils pour l'examen de production \u00e9crite de juin 2023 du DELF B2 Junior avec un exemple avec corrig\u00e9 et ressources.\" class=\"wp-image-10797\" srcset=\"https:\/\/i0.wp.com\/profesordefrancesenmadrid.com\/wp-content\/uploads\/2023\/05\/Delf-b2-junior-PE-2023-2.jpg?w=1024&amp;ssl=1 1024w, https:\/\/i0.wp.com\/profesordefrancesenmadrid.com\/wp-content\/uploads\/2023\/05\/Delf-b2-junior-PE-2023-2.jpg?resize=300%2C169&amp;ssl=1 300w, https:\/\/i0.wp.com\/profesordefrancesenmadrid.com\/wp-content\/uploads\/2023\/05\/Delf-b2-junior-PE-2023-2.jpg?resize=768%2C432&amp;ssl=1 768w\" sizes=\"auto, (max-width: 790px) 100vw, 790px\" \/><\/figure>\n<\/div>\n\n\n<hr class=\"wp-block-separator has-alpha-channel-opacity\"\/>\n\n\n<p><strong>Calendrier et tarifs de l\u2019<a href=\"https:\/\/www.institutfrancais.es\/madrid\/\" target=\"_blank\" rel=\"noopener\">Institut fran\u00e7ais de Madrid<\/a>&nbsp;:<\/strong><\/p>\n\n<div class=\"wp-block-image\">\n<figure class=\"aligncenter size-large is-resized\"><img data-recalc-dims=\"1\" decoding=\"async\" src=\"https:\/\/i0.wp.com\/profesordefrancesenmadrid.com\/wp-content\/uploads\/2023\/08\/delfjuniorconvococtobre2023.jpg?w=700&#038;ssl=1\" alt=\"DELF Junior 2023\" class=\"wp-image-11210\" style=\"width:700px\"  srcset=\"https:\/\/i0.wp.com\/profesordefrancesenmadrid.com\/wp-content\/uploads\/2023\/08\/delfjuniorconvococtobre2023.jpg?resize=1024%2C712&amp;ssl=1 1024w, https:\/\/i0.wp.com\/profesordefrancesenmadrid.com\/wp-content\/uploads\/2023\/08\/delfjuniorconvococtobre2023.jpg?resize=300%2C209&amp;ssl=1 300w, https:\/\/i0.wp.com\/profesordefrancesenmadrid.com\/wp-content\/uploads\/2023\/08\/delfjuniorconvococtobre2023.jpg?resize=768%2C534&amp;ssl=1 768w, https:\/\/i0.wp.com\/profesordefrancesenmadrid.com\/wp-content\/uploads\/2023\/08\/delfjuniorconvococtobre2023.jpg?w=1225&amp;ssl=1 1225w\" sizes=\"(max-width: 790px) 100vw, 790px\" \/><\/figure>\n<\/div>\n\n\n<hr class=\"wp-block-separator has-alpha-channel-opacity\"\/>\n\n\n<p><a href=\"https:\/\/www.france-education-international.fr\/centres-d-examen\/carte\" target=\"_blank\" rel=\"noopener\"><strong>\u2192 Les centres d\u2019examen<\/strong><\/a><\/p>\n\n<div class=\"wp-block-image\">\n<figure class=\"aligncenter size-full is-resized\"><img data-recalc-dims=\"1\" decoding=\"async\" src=\"https:\/\/i0.wp.com\/profesordefrancesenmadrid.com\/wp-content\/uploads\/2022\/03\/Centre-DELF-B1.jpg?w=700&#038;ssl=1\" alt=\"\" class=\"wp-image-8249\" style=\"width:700px\"  srcset=\"https:\/\/i0.wp.com\/profesordefrancesenmadrid.com\/wp-content\/uploads\/2022\/03\/Centre-DELF-B1.jpg?w=1024&amp;ssl=1 1024w, https:\/\/i0.wp.com\/profesordefrancesenmadrid.com\/wp-content\/uploads\/2022\/03\/Centre-DELF-B1.jpg?resize=300%2C220&amp;ssl=1 300w, https:\/\/i0.wp.com\/profesordefrancesenmadrid.com\/wp-content\/uploads\/2022\/03\/Centre-DELF-B1.jpg?resize=768%2C563&amp;ssl=1 768w\" sizes=\"(max-width: 790px) 100vw, 790px\" \/><\/figure>\n<\/div>\n\n\n<hr class=\"wp-block-separator has-alpha-channel-opacity\"\/>\n\n\n<h3 style=\"text-align: center;\"><a href=\"https:\/\/profesordefrancesenmadrid.com\/index.php\/delf-dalf-tcf\/\" target=\"_blank\" rel=\"noopener\"><strong>+ de DELF<\/strong><\/a><\/h3>\n\n\n<hr class=\"wp-block-separator has-alpha-channel-opacity\"\/>\n\n\n<h3 style=\"text-align: center;\"><a href=\"https:\/\/profesordefrancesenmadrid.com\/index.php\/contactar-conmigo\/\" target=\"_blank\" rel=\"noopener\"><strong>Me contacter pour plus d\u2019informations sur mes cours sp\u00e9cial DELF<\/strong><\/a><\/h3>\n\n\n<hr class=\"wp-block-separator has-alpha-channel-opacity\"\/>\n","protected":false},"excerpt":{"rendered":"<p>Exemples et conseils pour l&rsquo;examen de fran&ccedil;ais&nbsp;DELF B2 Junior : &rarr; DELF B2 Junior 2023 &ndash; Exemple de compr&eacute;hension orale avec corrig&eacute; et transcription &rarr; DELF B2 Junior 2023 &ndash; Exemple de compr&eacute;hension des &eacute;crits avec corrig&eacute; et ressources &rarr; DELF B2 Junior 2023 &ndash; Exemple de production &eacute;crite avec&#8230;<\/p>\n","protected":false},"author":3,"featured_media":11264,"parent":6709,"menu_order":-5,"comment_status":"closed","ping_status":"closed","template":"","meta":{"footnotes":""},"class_list":["post-10695","page","type-page","status-publish","has-post-thumbnail","hentry"],"yoast_head":"<!-- This site is optimized with the Yoast SEO plugin v27.4 - https:\/\/yoast.com\/product\/yoast-seo-wordpress\/ -->\n<title>DELF B2 Junior - Ludovic Pedrocchi - profesordefrancesenmadrdi.com<\/title>\n<meta name=\"description\" content=\"Exemples, corrig\u00e9s et conseils pour les \u00e9preuves du DELF B2 Junior : compr\u00e9hension orale et \u00e9crite \/ production \u00e9crite et orale.\" \/>\n<meta name=\"robots\" content=\"index, follow, max-snippet:-1, max-image-preview:large, max-video-preview:-1\" \/>\n<link rel=\"canonical\" href=\"https:\/\/profesordefrancesenmadrid.com\/index.php\/delf-dalf-tcf\/delf-b2-junior\/\" \/>\n<meta property=\"og:locale\" content=\"es_ES\" \/>\n<meta property=\"og:type\" content=\"article\" \/>\n<meta property=\"og:title\" content=\"DELF B2 Junior\" \/>\n<meta property=\"og:description\" content=\"Exemples, corrig\u00e9s et conseils pour les \u00e9preuves du DELF B2 Junior : compr\u00e9hension orale et \u00e9crite \/ production \u00e9crite et orale.\" \/>\n<meta property=\"og:url\" content=\"https:\/\/profesordefrancesenmadrid.com\/index.php\/delf-dalf-tcf\/delf-b2-junior\/\" \/>\n<meta property=\"og:site_name\" content=\"Ludovic Pedrocchi\" \/>\n<meta property=\"article:publisher\" content=\"https:\/\/www.facebook.com\/profesordefrancesenmadrid\" \/>\n<meta property=\"article:modified_time\" content=\"2023-09-17T10:27:40+00:00\" \/>\n<meta property=\"og:image\" content=\"https:\/\/profesordefrancesenmadrid.com\/wp-content\/uploads\/2023\/03\/Delf-B2-Junior-couve.jpg\" \/>\n\t<meta property=\"og:image:width\" content=\"1024\" \/>\n\t<meta property=\"og:image:height\" content=\"576\" \/>\n\t<meta property=\"og:image:type\" content=\"image\/jpeg\" \/>\n<meta name=\"twitter:card\" content=\"summary_large_image\" \/>\n<meta name=\"twitter:title\" content=\"DELF B2 Junior\" \/>\n<meta name=\"twitter:description\" content=\"Exemples, corrig\u00e9s et conseils pour les \u00e9preuves du DELF B2 Junior : compr\u00e9hension orale et \u00e9crite \/ production \u00e9crite et orale.\" \/>\n<meta name=\"twitter:image\" content=\"https:\/\/i0.wp.com\/profesordefrancesenmadrid.com\/wp-content\/uploads\/2023\/03\/Delf-B2-Junior-couve.jpg?fit=1024%2C576&ssl=1\" \/>\n<meta name=\"twitter:site\" content=\"@ldpedrocchi\" \/>\n<meta name=\"twitter:label1\" content=\"Tiempo de lectura\" \/>\n\t<meta name=\"twitter:data1\" content=\"2 minutos\" \/>\n<script type=\"application\/ld+json\" class=\"yoast-schema-graph\">{\"@context\":\"https:\\\/\\\/schema.org\",\"@graph\":[{\"@type\":\"WebPage\",\"@id\":\"https:\\\/\\\/profesordefrancesenmadrid.com\\\/index.php\\\/delf-dalf-tcf\\\/delf-b2-junior\\\/\",\"url\":\"https:\\\/\\\/profesordefrancesenmadrid.com\\\/index.php\\\/delf-dalf-tcf\\\/delf-b2-junior\\\/\",\"name\":\"DELF B2 Junior - Ludovic Pedrocchi - profesordefrancesenmadrdi.com\",\"isPartOf\":{\"@id\":\"https:\\\/\\\/profesordefrancesenmadrid.com\\\/#website\"},\"primaryImageOfPage\":{\"@id\":\"https:\\\/\\\/profesordefrancesenmadrid.com\\\/index.php\\\/delf-dalf-tcf\\\/delf-b2-junior\\\/#primaryimage\"},\"image\":{\"@id\":\"https:\\\/\\\/profesordefrancesenmadrid.com\\\/index.php\\\/delf-dalf-tcf\\\/delf-b2-junior\\\/#primaryimage\"},\"thumbnailUrl\":\"https:\\\/\\\/i0.wp.com\\\/profesordefrancesenmadrid.com\\\/wp-content\\\/uploads\\\/2023\\\/08\\\/titre-delf-1.jpg?fit=1024%2C576&ssl=1\",\"datePublished\":\"2023-03-25T19:15:18+00:00\",\"dateModified\":\"2023-09-17T10:27:40+00:00\",\"description\":\"Exemples, corrig\u00e9s et conseils pour les \u00e9preuves du DELF B2 Junior : compr\u00e9hension orale et \u00e9crite \\\/ production \u00e9crite et orale.\",\"breadcrumb\":{\"@id\":\"https:\\\/\\\/profesordefrancesenmadrid.com\\\/index.php\\\/delf-dalf-tcf\\\/delf-b2-junior\\\/#breadcrumb\"},\"inLanguage\":\"es\",\"potentialAction\":[{\"@type\":\"ReadAction\",\"target\":[\"https:\\\/\\\/profesordefrancesenmadrid.com\\\/index.php\\\/delf-dalf-tcf\\\/delf-b2-junior\\\/\"]}]},{\"@type\":\"ImageObject\",\"inLanguage\":\"es\",\"@id\":\"https:\\\/\\\/profesordefrancesenmadrid.com\\\/index.php\\\/delf-dalf-tcf\\\/delf-b2-junior\\\/#primaryimage\",\"url\":\"https:\\\/\\\/i0.wp.com\\\/profesordefrancesenmadrid.com\\\/wp-content\\\/uploads\\\/2023\\\/08\\\/titre-delf-1.jpg?fit=1024%2C576&ssl=1\",\"contentUrl\":\"https:\\\/\\\/i0.wp.com\\\/profesordefrancesenmadrid.com\\\/wp-content\\\/uploads\\\/2023\\\/08\\\/titre-delf-1.jpg?fit=1024%2C576&ssl=1\",\"width\":1024,\"height\":576,\"caption\":\"Delf\"},{\"@type\":\"BreadcrumbList\",\"@id\":\"https:\\\/\\\/profesordefrancesenmadrid.com\\\/index.php\\\/delf-dalf-tcf\\\/delf-b2-junior\\\/#breadcrumb\",\"itemListElement\":[{\"@type\":\"ListItem\",\"position\":1,\"name\":\"Accueil\",\"item\":\"https:\\\/\\\/profesordefrancesenmadrid.com\\\/\"},{\"@type\":\"ListItem\",\"position\":2,\"name\":\"Delf-Dalf-Tcf-E.O.I.\",\"item\":\"https:\\\/\\\/profesordefrancesenmadrid.com\\\/index.php\\\/delf-dalf-tcf\\\/\"},{\"@type\":\"ListItem\",\"position\":3,\"name\":\"DELF B2 Junior\"}]},{\"@type\":\"WebSite\",\"@id\":\"https:\\\/\\\/profesordefrancesenmadrid.com\\\/#website\",\"url\":\"https:\\\/\\\/profesordefrancesenmadrid.com\\\/\",\"name\":\"Ludovic Pedrocchi\",\"description\":\"Profesor de franc\u00e9s en Madrid desde 2007\",\"publisher\":{\"@id\":\"https:\\\/\\\/profesordefrancesenmadrid.com\\\/#organization\"},\"potentialAction\":[{\"@type\":\"SearchAction\",\"target\":{\"@type\":\"EntryPoint\",\"urlTemplate\":\"https:\\\/\\\/profesordefrancesenmadrid.com\\\/?s={search_term_string}\"},\"query-input\":{\"@type\":\"PropertyValueSpecification\",\"valueRequired\":true,\"valueName\":\"search_term_string\"}}],\"inLanguage\":\"es\"},{\"@type\":\"Organization\",\"@id\":\"https:\\\/\\\/profesordefrancesenmadrid.com\\\/#organization\",\"name\":\"Profesor de franc\u00e9s en Madrid\",\"url\":\"https:\\\/\\\/profesordefrancesenmadrid.com\\\/\",\"logo\":{\"@type\":\"ImageObject\",\"inLanguage\":\"es\",\"@id\":\"https:\\\/\\\/profesordefrancesenmadrid.com\\\/#\\\/schema\\\/logo\\\/image\\\/\",\"url\":\"https:\\\/\\\/i0.wp.com\\\/profesordefrancesenmadrid.com\\\/wp-content\\\/uploads\\\/2019\\\/11\\\/logo-retina4.png?fit=531%2C64&ssl=1\",\"contentUrl\":\"https:\\\/\\\/i0.wp.com\\\/profesordefrancesenmadrid.com\\\/wp-content\\\/uploads\\\/2019\\\/11\\\/logo-retina4.png?fit=531%2C64&ssl=1\",\"width\":531,\"height\":64,\"caption\":\"Profesor de franc\u00e9s en Madrid\"},\"image\":{\"@id\":\"https:\\\/\\\/profesordefrancesenmadrid.com\\\/#\\\/schema\\\/logo\\\/image\\\/\"},\"sameAs\":[\"https:\\\/\\\/www.facebook.com\\\/profesordefrancesenmadrid\",\"https:\\\/\\\/x.com\\\/ldpedrocchi\",\"https:\\\/\\\/www.instagram.com\\\/ludovicpedrocchi\\\/\",\"https:\\\/\\\/www.linkedin.com\\\/company\\\/profesordefrancesenmadrid\\\/\",\"https:\\\/\\\/www.youtube.com\\\/channel\\\/UCDJoG_2eg4zNu5TEKKnWeOQ\"]}]}<\/script>\n<!-- \/ Yoast SEO plugin. -->","yoast_head_json":{"title":"DELF B2 Junior - Ludovic Pedrocchi - profesordefrancesenmadrdi.com","description":"Exemples, corrig\u00e9s et conseils pour les \u00e9preuves du DELF B2 Junior : compr\u00e9hension orale et \u00e9crite \/ production \u00e9crite et orale.","robots":{"index":"index","follow":"follow","max-snippet":"max-snippet:-1","max-image-preview":"max-image-preview:large","max-video-preview":"max-video-preview:-1"},"canonical":"https:\/\/profesordefrancesenmadrid.com\/index.php\/delf-dalf-tcf\/delf-b2-junior\/","og_locale":"es_ES","og_type":"article","og_title":"DELF B2 Junior","og_description":"Exemples, corrig\u00e9s et conseils pour les \u00e9preuves du DELF B2 Junior : compr\u00e9hension orale et \u00e9crite \/ production \u00e9crite et orale.","og_url":"https:\/\/profesordefrancesenmadrid.com\/index.php\/delf-dalf-tcf\/delf-b2-junior\/","og_site_name":"Ludovic Pedrocchi","article_publisher":"https:\/\/www.facebook.com\/profesordefrancesenmadrid","article_modified_time":"2023-09-17T10:27:40+00:00","og_image":[{"width":1024,"height":576,"url":"https:\/\/profesordefrancesenmadrid.com\/wp-content\/uploads\/2023\/03\/Delf-B2-Junior-couve.jpg","type":"image\/jpeg"}],"twitter_card":"summary_large_image","twitter_title":"DELF B2 Junior","twitter_description":"Exemples, corrig\u00e9s et conseils pour les \u00e9preuves du DELF B2 Junior : compr\u00e9hension orale et \u00e9crite \/ production \u00e9crite et orale.","twitter_image":"https:\/\/i0.wp.com\/profesordefrancesenmadrid.com\/wp-content\/uploads\/2023\/03\/Delf-B2-Junior-couve.jpg?fit=1024%2C576&ssl=1","twitter_site":"@ldpedrocchi","twitter_misc":{"Tiempo de lectura":"2 minutos"},"schema":{"@context":"https:\/\/schema.org","@graph":[{"@type":"WebPage","@id":"https:\/\/profesordefrancesenmadrid.com\/index.php\/delf-dalf-tcf\/delf-b2-junior\/","url":"https:\/\/profesordefrancesenmadrid.com\/index.php\/delf-dalf-tcf\/delf-b2-junior\/","name":"DELF B2 Junior - Ludovic Pedrocchi - profesordefrancesenmadrdi.com","isPartOf":{"@id":"https:\/\/profesordefrancesenmadrid.com\/#website"},"primaryImageOfPage":{"@id":"https:\/\/profesordefrancesenmadrid.com\/index.php\/delf-dalf-tcf\/delf-b2-junior\/#primaryimage"},"image":{"@id":"https:\/\/profesordefrancesenmadrid.com\/index.php\/delf-dalf-tcf\/delf-b2-junior\/#primaryimage"},"thumbnailUrl":"https:\/\/i0.wp.com\/profesordefrancesenmadrid.com\/wp-content\/uploads\/2023\/08\/titre-delf-1.jpg?fit=1024%2C576&ssl=1","datePublished":"2023-03-25T19:15:18+00:00","dateModified":"2023-09-17T10:27:40+00:00","description":"Exemples, corrig\u00e9s et conseils pour les \u00e9preuves du DELF B2 Junior : compr\u00e9hension orale et \u00e9crite \/ production \u00e9crite et orale.","breadcrumb":{"@id":"https:\/\/profesordefrancesenmadrid.com\/index.php\/delf-dalf-tcf\/delf-b2-junior\/#breadcrumb"},"inLanguage":"es","potentialAction":[{"@type":"ReadAction","target":["https:\/\/profesordefrancesenmadrid.com\/index.php\/delf-dalf-tcf\/delf-b2-junior\/"]}]},{"@type":"ImageObject","inLanguage":"es","@id":"https:\/\/profesordefrancesenmadrid.com\/index.php\/delf-dalf-tcf\/delf-b2-junior\/#primaryimage","url":"https:\/\/i0.wp.com\/profesordefrancesenmadrid.com\/wp-content\/uploads\/2023\/08\/titre-delf-1.jpg?fit=1024%2C576&ssl=1","contentUrl":"https:\/\/i0.wp.com\/profesordefrancesenmadrid.com\/wp-content\/uploads\/2023\/08\/titre-delf-1.jpg?fit=1024%2C576&ssl=1","width":1024,"height":576,"caption":"Delf"},{"@type":"BreadcrumbList","@id":"https:\/\/profesordefrancesenmadrid.com\/index.php\/delf-dalf-tcf\/delf-b2-junior\/#breadcrumb","itemListElement":[{"@type":"ListItem","position":1,"name":"Accueil","item":"https:\/\/profesordefrancesenmadrid.com\/"},{"@type":"ListItem","position":2,"name":"Delf-Dalf-Tcf-E.O.I.","item":"https:\/\/profesordefrancesenmadrid.com\/index.php\/delf-dalf-tcf\/"},{"@type":"ListItem","position":3,"name":"DELF B2 Junior"}]},{"@type":"WebSite","@id":"https:\/\/profesordefrancesenmadrid.com\/#website","url":"https:\/\/profesordefrancesenmadrid.com\/","name":"Ludovic Pedrocchi","description":"Profesor de franc\u00e9s en Madrid desde 2007","publisher":{"@id":"https:\/\/profesordefrancesenmadrid.com\/#organization"},"potentialAction":[{"@type":"SearchAction","target":{"@type":"EntryPoint","urlTemplate":"https:\/\/profesordefrancesenmadrid.com\/?s={search_term_string}"},"query-input":{"@type":"PropertyValueSpecification","valueRequired":true,"valueName":"search_term_string"}}],"inLanguage":"es"},{"@type":"Organization","@id":"https:\/\/profesordefrancesenmadrid.com\/#organization","name":"Profesor de franc\u00e9s en Madrid","url":"https:\/\/profesordefrancesenmadrid.com\/","logo":{"@type":"ImageObject","inLanguage":"es","@id":"https:\/\/profesordefrancesenmadrid.com\/#\/schema\/logo\/image\/","url":"https:\/\/i0.wp.com\/profesordefrancesenmadrid.com\/wp-content\/uploads\/2019\/11\/logo-retina4.png?fit=531%2C64&ssl=1","contentUrl":"https:\/\/i0.wp.com\/profesordefrancesenmadrid.com\/wp-content\/uploads\/2019\/11\/logo-retina4.png?fit=531%2C64&ssl=1","width":531,"height":64,"caption":"Profesor de franc\u00e9s en Madrid"},"image":{"@id":"https:\/\/profesordefrancesenmadrid.com\/#\/schema\/logo\/image\/"},"sameAs":["https:\/\/www.facebook.com\/profesordefrancesenmadrid","https:\/\/x.com\/ldpedrocchi","https:\/\/www.instagram.com\/ludovicpedrocchi\/","https:\/\/www.linkedin.com\/company\/profesordefrancesenmadrid\/","https:\/\/www.youtube.com\/channel\/UCDJoG_2eg4zNu5TEKKnWeOQ"]}]}},"jetpack_sharing_enabled":true,"jetpack_likes_enabled":true,"jetpack-related-posts":[],"rttpg_featured_image_url":{"full":["https:\/\/i0.wp.com\/profesordefrancesenmadrid.com\/wp-content\/uploads\/2023\/08\/titre-delf-1.jpg?fit=1024%2C576&ssl=1",1024,576,false],"landscape":["https:\/\/profesordefrancesenmadrid.com\/wp-content\/uploads\/2023\/08\/titre-delf-1.jpg",1024,576,false],"portraits":["https:\/\/profesordefrancesenmadrid.com\/wp-content\/uploads\/2023\/08\/titre-delf-1.jpg",1024,576,false],"thumbnail":["https:\/\/i0.wp.com\/profesordefrancesenmadrid.com\/wp-content\/uploads\/2023\/08\/titre-delf-1.jpg?resize=150%2C150&ssl=1",150,150,true],"medium":["https:\/\/i0.wp.com\/profesordefrancesenmadrid.com\/wp-content\/uploads\/2023\/08\/titre-delf-1.jpg?fit=300%2C169&ssl=1",300,169,true],"large":["https:\/\/i0.wp.com\/profesordefrancesenmadrid.com\/wp-content\/uploads\/2023\/08\/titre-delf-1.jpg?fit=790%2C444&ssl=1",790,444,true],"1536x1536":["https:\/\/i0.wp.com\/profesordefrancesenmadrid.com\/wp-content\/uploads\/2023\/08\/titre-delf-1.jpg?fit=1024%2C576&ssl=1",1024,576,true],"2048x2048":["https:\/\/i0.wp.com\/profesordefrancesenmadrid.com\/wp-content\/uploads\/2023\/08\/titre-delf-1.jpg?fit=1024%2C576&ssl=1",1024,576,true],"screenr-blog-grid-small":["https:\/\/i0.wp.com\/profesordefrancesenmadrid.com\/wp-content\/uploads\/2023\/08\/titre-delf-1.jpg?resize=350%2C200&ssl=1",350,200,true],"screenr-blog-grid":["https:\/\/i0.wp.com\/profesordefrancesenmadrid.com\/wp-content\/uploads\/2023\/08\/titre-delf-1.jpg?resize=540%2C300&ssl=1",540,300,true],"screenr-blog-list":["https:\/\/i0.wp.com\/profesordefrancesenmadrid.com\/wp-content\/uploads\/2023\/08\/titre-delf-1.jpg?resize=790%2C400&ssl=1",790,400,true],"screenr-service-small":["https:\/\/i0.wp.com\/profesordefrancesenmadrid.com\/wp-content\/uploads\/2023\/08\/titre-delf-1.jpg?resize=538%2C280&ssl=1",538,280,true],"screenr-thumbnail-team":["https:\/\/i0.wp.com\/profesordefrancesenmadrid.com\/wp-content\/uploads\/2023\/08\/titre-delf-1.jpg?resize=340%2C220&ssl=1",340,220,true]},"rttpg_author":{"display_name":"Ludovic Pedrocchi","author_link":"https:\/\/profesordefrancesenmadrid.com\/index.php\/author\/ludovicpedrocchi\/"},"rttpg_comment":0,"rttpg_category":null,"rttpg_excerpt":"Exemples et conseils pour l&rsquo;examen de fran&ccedil;ais&nbsp;DELF B2 Junior : &rarr; DELF B2 Junior 2023 &ndash; Exemple de compr&eacute;hension orale avec corrig&eacute; et transcription &rarr; DELF B2 Junior 2023 &ndash; Exemple de compr&eacute;hension des &eacute;crits avec corrig&eacute; et ressources &rarr; DELF B2 Junior 2023 &ndash; Exemple de production &eacute;crite avec...","_links":{"self":[{"href":"https:\/\/profesordefrancesenmadrid.com\/index.php\/wp-json\/wp\/v2\/pages\/10695","targetHints":{"allow":["GET"]}}],"collection":[{"href":"https:\/\/profesordefrancesenmadrid.com\/index.php\/wp-json\/wp\/v2\/pages"}],"about":[{"href":"https:\/\/profesordefrancesenmadrid.com\/index.php\/wp-json\/wp\/v2\/types\/page"}],"author":[{"embeddable":true,"href":"https:\/\/profesordefrancesenmadrid.com\/index.php\/wp-json\/wp\/v2\/users\/3"}],"replies":[{"embeddable":true,"href":"https:\/\/profesordefrancesenmadrid.com\/index.php\/wp-json\/wp\/v2\/comments?post=10695"}],"version-history":[{"count":8,"href":"https:\/\/profesordefrancesenmadrid.com\/index.php\/wp-json\/wp\/v2\/pages\/10695\/revisions"}],"predecessor-version":[{"id":11423,"href":"https:\/\/profesordefrancesenmadrid.com\/index.php\/wp-json\/wp\/v2\/pages\/10695\/revisions\/11423"}],"up":[{"embeddable":true,"href":"https:\/\/profesordefrancesenmadrid.com\/index.php\/wp-json\/wp\/v2\/pages\/6709"}],"wp:featuredmedia":[{"embeddable":true,"href":"https:\/\/profesordefrancesenmadrid.com\/index.php\/wp-json\/wp\/v2\/media\/11264"}],"wp:attachment":[{"href":"https:\/\/profesordefrancesenmadrid.com\/index.php\/wp-json\/wp\/v2\/media?parent=10695"}],"curies":[{"name":"wp","href":"https:\/\/api.w.org\/{rel}","templated":true}]}}